{"id":24887,"date":"2024-12-11T10:12:01","date_gmt":"2024-12-11T10:12:01","guid":{"rendered":"https:\/\/calc-out.com\/videos\/"},"modified":"2026-01-12T14:59:23","modified_gmt":"2026-01-12T14:59:23","slug":"videos","status":"publish","type":"page","link":"https:\/\/calc-out.com\/nl\/videos\/","title":{"rendered":"Video&#8217;s"},"content":{"rendered":"\t\t<div data-elementor-type=\"wp-page\" data-elementor-id=\"24887\" class=\"elementor elementor-24887 elementor-24884\">\n\t\t\t\t\t\t<section class=\"elementor-section elementor-top-section elementor-element elementor-element-46774bc elementor-section-boxed elementor-section-height-default elementor-section-height-default sc_fly_static\" data-id=\"46774bc\" data-element_type=\"section\" data-settings=\"{&quot;background_background&quot;:&quot;classic&quot;}\">\n\t\t\t\t\t\t<div class=\"elementor-container elementor-column-gap-extended\">\n\t\t\t\t\t<div class=\"elementor-column elementor-col-100 elementor-top-column elementor-element elementor-element-32202e3 sc_content_align_inherit sc_layouts_column_icons_position_left sc_fly_static\" data-id=\"32202e3\" data-element_type=\"column\">\n\t\t\t<div class=\"elementor-widget-wrap elementor-element-populated\">\n\t\t\t\t\t\t<div class=\"elementor-element elementor-element-fb72680 sc_fly_static elementor-widget elementor-widget-spacer\" data-id=\"fb72680\" data-element_type=\"widget\" data-widget_type=\"spacer.default\">\n\t\t\t\t<div class=\"elementor-widget-container\">\n\t\t\t\t\t<div class=\"elementor-spacer\">\n\t\t\t<div class=\"elementor-spacer-inner\"><\/div>\n\t\t<\/div>\n\t\t\t\t<\/div>\n\t\t\t\t<\/div>\n\t\t\t\t<div class=\"elementor-element elementor-element-feba331 sc_fly_static elementor-widget elementor-widget-text-editor\" data-id=\"feba331\" data-element_type=\"widget\" data-widget_type=\"text-editor.default\">\n\t\t\t\t<div class=\"elementor-widget-container\">\n\t\t\t\t\t\t\tOntdek onze presentatievideo&#8217;s en advies over het gebruik. <strong>\u00a0<\/strong>\n\n<strong><span style=\"font-size: 17px; color: var(--theme-color-text); letter-spacing: 0px;\">Nieuwe video&#8217;s zijn onderweg!<\/span><\/strong>\t\t\t\t\t\t<\/div>\n\t\t\t\t<\/div>\n\t\t\t\t<div class=\"elementor-element elementor-element-be18139 sc_fly_static elementor-widget elementor-widget-spacer\" data-id=\"be18139\" data-element_type=\"widget\" data-widget_type=\"spacer.default\">\n\t\t\t\t<div class=\"elementor-widget-container\">\n\t\t\t\t\t<div class=\"elementor-spacer\">\n\t\t\t<div class=\"elementor-spacer-inner\"><\/div>\n\t\t<\/div>\n\t\t\t\t<\/div>\n\t\t\t\t<\/div>\n\t\t\t\t<section class=\"elementor-section elementor-inner-section elementor-element elementor-element-1eaf43d elementor-section-boxed elementor-section-height-default elementor-section-height-default sc_fly_static\" data-id=\"1eaf43d\" data-element_type=\"section\">\n\t\t\t\t\t\t<div class=\"elementor-container elementor-column-gap-extended\">\n\t\t\t\t\t<div class=\"elementor-column elementor-col-50 elementor-inner-column elementor-element elementor-element-da70602 sc_content_align_inherit sc_layouts_column_icons_position_left sc_fly_static\" data-id=\"da70602\" data-element_type=\"column\">\n\t\t\t<div class=\"elementor-widget-wrap elementor-element-populated\">\n\t\t\t\t\t\t<div class=\"elementor-element elementor-element-b4fb3cf sc_fly_static elementor-widget elementor-widget-heading\" data-id=\"b4fb3cf\" data-element_type=\"widget\" data-widget_type=\"heading.default\">\n\t\t\t\t<div class=\"elementor-widget-container\">\n\t\t\t<h4 class=\"elementor-heading-title elementor-size-default\">Videopresentatie - 1998<\/h4>\t\t<\/div>\n\t\t\t\t<\/div>\n\t\t\t\t<div class=\"elementor-element elementor-element-2b578d5 sc_fly_static elementor-widget elementor-widget-spacer\" data-id=\"2b578d5\" data-element_type=\"widget\" data-widget_type=\"spacer.default\">\n\t\t\t\t<div class=\"elementor-widget-container\">\n\t\t\t\t\t<div class=\"elementor-spacer\">\n\t\t\t<div class=\"elementor-spacer-inner\"><\/div>\n\t\t<\/div>\n\t\t\t\t<\/div>\n\t\t\t\t<\/div>\n\t\t\t\t<div class=\"elementor-element elementor-element-59d9077 sc_fly_static elementor-widget elementor-widget-video\" data-id=\"59d9077\" data-element_type=\"widget\" data-settings=\"{&quot;youtube_url&quot;:&quot;https:\\\/\\\/youtu.be\\\/sv_1l6RqhFQ&quot;,&quot;video_type&quot;:&quot;youtube&quot;,&quot;controls&quot;:&quot;yes&quot;}\" data-widget_type=\"video.default\">\n\t\t\t\t<div class=\"elementor-widget-container\">\n\t\t\t\t\t<div class=\"elementor-wrapper elementor-open-inline\">\n\t\t\t<div class=\"elementor-video\"><\/div>\t\t<\/div>\n\t\t\t\t<\/div>\n\t\t\t\t<\/div>\n\t\t\t\t\t<\/div>\n\t\t<\/div>\n\t\t\t\t<div class=\"elementor-column elementor-col-50 elementor-inner-column elementor-element elementor-element-4ea9ad5 sc_content_align_inherit sc_layouts_column_icons_position_left sc_fly_static\" data-id=\"4ea9ad5\" data-element_type=\"column\">\n\t\t\t<div class=\"elementor-widget-wrap elementor-element-populated\">\n\t\t\t\t\t\t<div class=\"elementor-element elementor-element-829eeb6 sc_fly_static elementor-widget elementor-widget-heading\" data-id=\"829eeb6\" data-element_type=\"widget\" data-widget_type=\"heading.default\">\n\t\t\t\t<div class=\"elementor-widget-container\">\n\t\t\t<h4 class=\"elementor-heading-title elementor-size-default\">Videopresentatie - 2026<\/h4>\t\t<\/div>\n\t\t\t\t<\/div>\n\t\t\t\t<div class=\"elementor-element elementor-element-f87ff78 sc_fly_static elementor-widget elementor-widget-spacer\" data-id=\"f87ff78\" data-element_type=\"widget\" data-widget_type=\"spacer.default\">\n\t\t\t\t<div class=\"elementor-widget-container\">\n\t\t\t\t\t<div class=\"elementor-spacer\">\n\t\t\t<div class=\"elementor-spacer-inner\"><\/div>\n\t\t<\/div>\n\t\t\t\t<\/div>\n\t\t\t\t<\/div>\n\t\t\t\t<div class=\"elementor-element elementor-element-6b3d323 sc_fly_static elementor-widget elementor-widget-video\" data-id=\"6b3d323\" data-element_type=\"widget\" data-settings=\"{&quot;video_type&quot;:&quot;hosted&quot;,&quot;controls&quot;:&quot;yes&quot;}\" data-widget_type=\"video.default\">\n\t\t\t\t<div class=\"elementor-widget-container\">\n\t\t\t\t\t<div class=\"e-hosted-video elementor-wrapper elementor-open-inline\">\n\t\t\t\t\t<video class=\"elementor-video\" src=\"https:\/\/calc-out.com\/wp-content\/uploads\/2026\/01\/Calc-out_video1-1.mp4\" controls=\"\" preload=\"metadata\" controlsList=\"nodownload\"><\/video>\n\t\t\t\t<\/div>\n\t\t\t\t<\/div>\n\t\t\t\t<\/div>\n\t\t\t\t\t<\/div>\n\t\t<\/div>\n\t\t\t\t\t<\/div>\n\t\t<\/section>\n\t\t\t\t<div class=\"elementor-element elementor-element-54e90c8 sc_fly_static elementor-widget elementor-widget-spacer\" data-id=\"54e90c8\" data-element_type=\"widget\" data-widget_type=\"spacer.default\">\n\t\t\t\t<div class=\"elementor-widget-container\">\n\t\t\t\t\t<div class=\"elementor-spacer\">\n\t\t\t<div class=\"elementor-spacer-inner\"><\/div>\n\t\t<\/div>\n\t\t\t\t<\/div>\n\t\t\t\t<\/div>\n\t\t\t\t<section class=\"elementor-section elementor-inner-section elementor-element elementor-element-5f6413f elementor-section-boxed elementor-section-height-default elementor-section-height-default sc_fly_static\" data-id=\"5f6413f\" data-element_type=\"section\">\n\t\t\t\t\t\t<div class=\"elementor-container elementor-column-gap-extended\">\n\t\t\t\t\t<div class=\"elementor-column elementor-col-50 elementor-inner-column elementor-element elementor-element-ced81ab sc_content_align_inherit sc_layouts_column_icons_position_left sc_fly_static\" data-id=\"ced81ab\" data-element_type=\"column\">\n\t\t\t<div class=\"elementor-widget-wrap elementor-element-populated\">\n\t\t\t\t\t\t<div class=\"elementor-element elementor-element-0870593 sc_fly_static elementor-widget elementor-widget-heading\" data-id=\"0870593\" data-element_type=\"widget\" data-widget_type=\"heading.default\">\n\t\t\t\t<div class=\"elementor-widget-container\">\n\t\t\t<h4 class=\"elementor-heading-title elementor-size-default\">Videopresentatie - 2026<\/h4>\t\t<\/div>\n\t\t\t\t<\/div>\n\t\t\t\t<div class=\"elementor-element elementor-element-21f1e3c sc_fly_static elementor-widget elementor-widget-spacer\" data-id=\"21f1e3c\" data-element_type=\"widget\" data-widget_type=\"spacer.default\">\n\t\t\t\t<div class=\"elementor-widget-container\">\n\t\t\t\t\t<div class=\"elementor-spacer\">\n\t\t\t<div class=\"elementor-spacer-inner\"><\/div>\n\t\t<\/div>\n\t\t\t\t<\/div>\n\t\t\t\t<\/div>\n\t\t\t\t<div class=\"elementor-element elementor-element-9c393cc sc_fly_static elementor-widget elementor-widget-video\" data-id=\"9c393cc\" data-element_type=\"widget\" data-settings=\"{&quot;video_type&quot;:&quot;hosted&quot;,&quot;controls&quot;:&quot;yes&quot;}\" data-widget_type=\"video.default\">\n\t\t\t\t<div class=\"elementor-widget-container\">\n\t\t\t\t\t<div class=\"e-hosted-video elementor-wrapper elementor-open-inline\">\n\t\t\t\t\t<video class=\"elementor-video\" src=\"https:\/\/calc-out.com\/wp-content\/uploads\/2026\/01\/Calc-out_video2-1.mp4\" controls=\"\" preload=\"metadata\" controlsList=\"nodownload\"><\/video>\n\t\t\t\t<\/div>\n\t\t\t\t<\/div>\n\t\t\t\t<\/div>\n\t\t\t\t\t<\/div>\n\t\t<\/div>\n\t\t\t\t<div class=\"elementor-column elementor-col-50 elementor-inner-column elementor-element elementor-element-5cee4a0 sc_content_align_inherit sc_layouts_column_icons_position_left sc_fly_static\" data-id=\"5cee4a0\" data-element_type=\"column\">\n\t\t\t<div class=\"elementor-widget-wrap elementor-element-populated\">\n\t\t\t\t\t\t<div class=\"elementor-element elementor-element-72057ea sc_fly_static elementor-widget elementor-widget-heading\" data-id=\"72057ea\" data-element_type=\"widget\" data-widget_type=\"heading.default\">\n\t\t\t\t<div class=\"elementor-widget-container\">\n\t\t\t<h4 class=\"elementor-heading-title elementor-size-default\">Videopresentatie - 2026<\/h4>\t\t<\/div>\n\t\t\t\t<\/div>\n\t\t\t\t<div class=\"elementor-element elementor-element-0d2c5c4 sc_fly_static elementor-widget elementor-widget-spacer\" data-id=\"0d2c5c4\" data-element_type=\"widget\" data-widget_type=\"spacer.default\">\n\t\t\t\t<div class=\"elementor-widget-container\">\n\t\t\t\t\t<div class=\"elementor-spacer\">\n\t\t\t<div class=\"elementor-spacer-inner\"><\/div>\n\t\t<\/div>\n\t\t\t\t<\/div>\n\t\t\t\t<\/div>\n\t\t\t\t<div class=\"elementor-element elementor-element-9942778 sc_fly_static elementor-widget elementor-widget-video\" data-id=\"9942778\" data-element_type=\"widget\" data-settings=\"{&quot;video_type&quot;:&quot;hosted&quot;,&quot;controls&quot;:&quot;yes&quot;}\" data-widget_type=\"video.default\">\n\t\t\t\t<div class=\"elementor-widget-container\">\n\t\t\t\t\t<div class=\"e-hosted-video elementor-wrapper elementor-open-inline\">\n\t\t\t\t\t<video class=\"elementor-video\" src=\"https:\/\/calc-out.com\/wp-content\/uploads\/2026\/01\/Calc-out_video3-1.mp4\" controls=\"\" preload=\"metadata\" controlsList=\"nodownload\"><\/video>\n\t\t\t\t<\/div>\n\t\t\t\t<\/div>\n\t\t\t\t<\/div>\n\t\t\t\t\t<\/div>\n\t\t<\/div>\n\t\t\t\t\t<\/div>\n\t\t<\/section>\n\t\t\t\t<div class=\"elementor-element elementor-element-a06b4f4 sc_fly_static elementor-widget elementor-widget-spacer\" data-id=\"a06b4f4\" data-element_type=\"widget\" data-widget_type=\"spacer.default\">\n\t\t\t\t<div class=\"elementor-widget-container\">\n\t\t\t\t\t<div class=\"elementor-spacer\">\n\t\t\t<div class=\"elementor-spacer-inner\"><\/div>\n\t\t<\/div>\n\t\t\t\t<\/div>\n\t\t\t\t<\/div>\n\t\t\t\t\t<\/div>\n\t\t<\/div>\n\t\t\t\t\t<\/div>\n\t\t<\/section>\n\t\t\t\t<\/div>\n\t\t","protected":false},"excerpt":{"rendered":"<p>Ontdek onze presentatievideo&#8217;s en advies over het gebruik. \u00a0 Nieuwe video&#8217;s zijn onderweg! Videopresentatie &#8211; 1998 Videopresentatie &#8211; 2026 https:\/\/calc-out.com\/wp-content\/uploads\/2026\/01\/Calc-out_video1-1.mp4 Videopresentatie &#8211; 2026 https:\/\/calc-out.com\/wp-content\/uploads\/2026\/01\/Calc-out_video2-1.mp4 Videopresentatie &#8211; 2026 https:\/\/calc-out.com\/wp-content\/uploads\/2026\/01\/Calc-out_video3-1.mp4<\/p>\n","protected":false},"author":3,"featured_media":0,"parent":0,"menu_order":0,"comment_status":"closed","ping_status":"closed","template":"","meta":{"footnotes":""},"class_list":["post-24887","page","type-page","status-publish","hentry"],"yoast_head":"<!-- This site is optimized with the Yoast SEO plugin v24.0 - https:\/\/yoast.com\/wordpress\/plugins\/seo\/ -->\n<title>Video&#039;s - Calc-Out<\/title>\n<meta name=\"description\" content=\"D\u00e9couvrez nos vid\u00e9os de pr\u00e9sentation et nos conseils d\u2019utilisation avec les produits d\u00e9tartrants, d\u00e9graissants et nettoyants CALC-Out\u00ae.\" \/>\n<meta name=\"robots\" content=\"index, follow, max-snippet:-1, max-image-preview:large, max-video-preview:-1\" \/>\n<link rel=\"canonical\" href=\"https:\/\/calc-out.com\/nl\/videos\/\" \/>\n<meta property=\"og:locale\" content=\"nl_NL\" \/>\n<meta property=\"og:type\" content=\"article\" \/>\n<meta property=\"og:title\" content=\"Video&#039;s - Calc-Out\" \/>\n<meta property=\"og:description\" content=\"D\u00e9couvrez nos vid\u00e9os de pr\u00e9sentation et nos conseils d\u2019utilisation avec les produits d\u00e9tartrants, d\u00e9graissants et nettoyants CALC-Out\u00ae.\" \/>\n<meta property=\"og:url\" content=\"https:\/\/calc-out.com\/nl\/videos\/\" \/>\n<meta property=\"og:site_name\" content=\"Calc-Out\" \/>\n<meta property=\"article:publisher\" content=\"https:\/\/www.facebook.com\/CalcOut\" \/>\n<meta property=\"article:modified_time\" content=\"2026-01-12T14:59:23+00:00\" \/>\n<meta name=\"twitter:card\" content=\"summary_large_image\" \/>\n<meta name=\"twitter:label1\" content=\"Geschatte leestijd\" \/>\n\t<meta name=\"twitter:data1\" content=\"1 minuut\" \/>\n<script type=\"application\/ld+json\" class=\"yoast-schema-graph\">{\"@context\":\"https:\/\/schema.org\",\"@graph\":[{\"@type\":\"WebPage\",\"@id\":\"https:\/\/calc-out.com\/nl\/videos\/\",\"url\":\"https:\/\/calc-out.com\/nl\/videos\/\",\"name\":\"Video's - Calc-Out\",\"isPartOf\":{\"@id\":\"https:\/\/calc-out.com\/nl\/#website\"},\"datePublished\":\"2024-12-11T10:12:01+00:00\",\"dateModified\":\"2026-01-12T14:59:23+00:00\",\"description\":\"D\u00e9couvrez nos vid\u00e9os de pr\u00e9sentation et nos conseils d\u2019utilisation avec les produits d\u00e9tartrants, d\u00e9graissants et nettoyants CALC-Out\u00ae.\",\"breadcrumb\":{\"@id\":\"https:\/\/calc-out.com\/nl\/videos\/#breadcrumb\"},\"inLanguage\":\"nl-NL\",\"potentialAction\":[{\"@type\":\"ReadAction\",\"target\":[\"https:\/\/calc-out.com\/nl\/videos\/\"]}]},{\"@type\":\"BreadcrumbList\",\"@id\":\"https:\/\/calc-out.com\/nl\/videos\/#breadcrumb\",\"itemListElement\":[{\"@type\":\"ListItem\",\"position\":1,\"name\":\"Accueil\",\"item\":\"https:\/\/calc-out.com\/nl\/\"},{\"@type\":\"ListItem\",\"position\":2,\"name\":\"Video&rsquo;s\"}]},{\"@type\":\"WebSite\",\"@id\":\"https:\/\/calc-out.com\/nl\/#website\",\"url\":\"https:\/\/calc-out.com\/nl\/\",\"name\":\"Calc-Out\",\"description\":\"\",\"publisher\":{\"@id\":\"https:\/\/calc-out.com\/nl\/#organization\"},\"potentialAction\":[{\"@type\":\"SearchAction\",\"target\":{\"@type\":\"EntryPoint\",\"urlTemplate\":\"https:\/\/calc-out.com\/nl\/?s={search_term_string}\"},\"query-input\":{\"@type\":\"PropertyValueSpecification\",\"valueRequired\":true,\"valueName\":\"search_term_string\"}}],\"inLanguage\":\"nl-NL\"},{\"@type\":\"Organization\",\"@id\":\"https:\/\/calc-out.com\/nl\/#organization\",\"name\":\"Calc-Out\",\"url\":\"https:\/\/calc-out.com\/nl\/\",\"logo\":{\"@type\":\"ImageObject\",\"inLanguage\":\"nl-NL\",\"@id\":\"https:\/\/calc-out.com\/nl\/#\/schema\/logo\/image\/\",\"url\":\"https:\/\/calc-out.com\/wp-content\/uploads\/2024\/10\/logo-calcout.jpg\",\"contentUrl\":\"https:\/\/calc-out.com\/wp-content\/uploads\/2024\/10\/logo-calcout.jpg\",\"width\":201,\"height\":62,\"caption\":\"Calc-Out\"},\"image\":{\"@id\":\"https:\/\/calc-out.com\/nl\/#\/schema\/logo\/image\/\"},\"sameAs\":[\"https:\/\/www.facebook.com\/CalcOut\"]}]}<\/script>\n<!-- \/ Yoast SEO plugin. -->","yoast_head_json":{"title":"Video's - Calc-Out","description":"D\u00e9couvrez nos vid\u00e9os de pr\u00e9sentation et nos conseils d\u2019utilisation avec les produits d\u00e9tartrants, d\u00e9graissants et nettoyants CALC-Out\u00ae.","robots":{"index":"index","follow":"follow","max-snippet":"max-snippet:-1","max-image-preview":"max-image-preview:large","max-video-preview":"max-video-preview:-1"},"canonical":"https:\/\/calc-out.com\/nl\/videos\/","og_locale":"nl_NL","og_type":"article","og_title":"Video's - Calc-Out","og_description":"D\u00e9couvrez nos vid\u00e9os de pr\u00e9sentation et nos conseils d\u2019utilisation avec les produits d\u00e9tartrants, d\u00e9graissants et nettoyants CALC-Out\u00ae.","og_url":"https:\/\/calc-out.com\/nl\/videos\/","og_site_name":"Calc-Out","article_publisher":"https:\/\/www.facebook.com\/CalcOut","article_modified_time":"2026-01-12T14:59:23+00:00","twitter_card":"summary_large_image","twitter_misc":{"Geschatte leestijd":"1 minuut"},"schema":{"@context":"https:\/\/schema.org","@graph":[{"@type":"WebPage","@id":"https:\/\/calc-out.com\/nl\/videos\/","url":"https:\/\/calc-out.com\/nl\/videos\/","name":"Video's - Calc-Out","isPartOf":{"@id":"https:\/\/calc-out.com\/nl\/#website"},"datePublished":"2024-12-11T10:12:01+00:00","dateModified":"2026-01-12T14:59:23+00:00","description":"D\u00e9couvrez nos vid\u00e9os de pr\u00e9sentation et nos conseils d\u2019utilisation avec les produits d\u00e9tartrants, d\u00e9graissants et nettoyants CALC-Out\u00ae.","breadcrumb":{"@id":"https:\/\/calc-out.com\/nl\/videos\/#breadcrumb"},"inLanguage":"nl-NL","potentialAction":[{"@type":"ReadAction","target":["https:\/\/calc-out.com\/nl\/videos\/"]}]},{"@type":"BreadcrumbList","@id":"https:\/\/calc-out.com\/nl\/videos\/#breadcrumb","itemListElement":[{"@type":"ListItem","position":1,"name":"Accueil","item":"https:\/\/calc-out.com\/nl\/"},{"@type":"ListItem","position":2,"name":"Video&rsquo;s"}]},{"@type":"WebSite","@id":"https:\/\/calc-out.com\/nl\/#website","url":"https:\/\/calc-out.com\/nl\/","name":"Calc-Out","description":"","publisher":{"@id":"https:\/\/calc-out.com\/nl\/#organization"},"potentialAction":[{"@type":"SearchAction","target":{"@type":"EntryPoint","urlTemplate":"https:\/\/calc-out.com\/nl\/?s={search_term_string}"},"query-input":{"@type":"PropertyValueSpecification","valueRequired":true,"valueName":"search_term_string"}}],"inLanguage":"nl-NL"},{"@type":"Organization","@id":"https:\/\/calc-out.com\/nl\/#organization","name":"Calc-Out","url":"https:\/\/calc-out.com\/nl\/","logo":{"@type":"ImageObject","inLanguage":"nl-NL","@id":"https:\/\/calc-out.com\/nl\/#\/schema\/logo\/image\/","url":"https:\/\/calc-out.com\/wp-content\/uploads\/2024\/10\/logo-calcout.jpg","contentUrl":"https:\/\/calc-out.com\/wp-content\/uploads\/2024\/10\/logo-calcout.jpg","width":201,"height":62,"caption":"Calc-Out"},"image":{"@id":"https:\/\/calc-out.com\/nl\/#\/schema\/logo\/image\/"},"sameAs":["https:\/\/www.facebook.com\/CalcOut"]}]}},"_links":{"self":[{"href":"https:\/\/calc-out.com\/nl\/wp-json\/wp\/v2\/pages\/24887","targetHints":{"allow":["GET"]}}],"collection":[{"href":"https:\/\/calc-out.com\/nl\/wp-json\/wp\/v2\/pages"}],"about":[{"href":"https:\/\/calc-out.com\/nl\/wp-json\/wp\/v2\/types\/page"}],"author":[{"embeddable":true,"href":"https:\/\/calc-out.com\/nl\/wp-json\/wp\/v2\/users\/3"}],"replies":[{"embeddable":true,"href":"https:\/\/calc-out.com\/nl\/wp-json\/wp\/v2\/comments?post=24887"}],"version-history":[{"count":8,"href":"https:\/\/calc-out.com\/nl\/wp-json\/wp\/v2\/pages\/24887\/revisions"}],"predecessor-version":[{"id":27305,"href":"https:\/\/calc-out.com\/nl\/wp-json\/wp\/v2\/pages\/24887\/revisions\/27305"}],"wp:attachment":[{"href":"https:\/\/calc-out.com\/nl\/wp-json\/wp\/v2\/media?parent=24887"}],"curies":[{"name":"wp","href":"https:\/\/api.w.org\/{rel}","templated":true}]}}