{"id":26552,"date":"2024-12-11T11:19:19","date_gmt":"2024-12-11T11:19:19","guid":{"rendered":"https:\/\/calc-out.com\/mentions-legales\/"},"modified":"2025-09-24T12:59:47","modified_gmt":"2025-09-24T12:59:47","slug":"note-legali","status":"publish","type":"page","link":"https:\/\/calc-out.com\/it\/note-legali\/","title":{"rendered":"Note legali"},"content":{"rendered":"\t\t<div data-elementor-type=\"wp-page\" data-elementor-id=\"26552\" class=\"elementor elementor-26552 elementor-24972\">\n\t\t\t\t\t\t<section class=\"elementor-section elementor-top-section elementor-element elementor-element-565810c scheme_default elementor-section-boxed elementor-section-height-default elementor-section-height-default sc_fly_static\" data-id=\"565810c\" data-element_type=\"section\" data-settings=\"{&quot;background_background&quot;:&quot;classic&quot;}\">\n\t\t\t\t\t\t\t<div class=\"elementor-background-overlay\"><\/div>\n\t\t\t\t\t\t\t<div class=\"elementor-container elementor-column-gap-extended\">\n\t\t\t\t\t<div class=\"elementor-column elementor-col-100 elementor-top-column elementor-element elementor-element-e7ff7c7 sc_content_align_inherit sc_layouts_column_icons_position_left sc_fly_static\" data-id=\"e7ff7c7\" data-element_type=\"column\">\n\t\t\t<div class=\"elementor-widget-wrap elementor-element-populated\">\n\t\t\t\t\t\t<div class=\"elementor-element elementor-element-f747c3a sc_height_large sc_fly_static elementor-widget elementor-widget-spacer\" data-id=\"f747c3a\" data-element_type=\"widget\" data-widget_type=\"spacer.default\">\n\t\t\t\t<div class=\"elementor-widget-container\">\n\t\t\t\t\t<div class=\"elementor-spacer\">\n\t\t\t<div class=\"elementor-spacer-inner\"><\/div>\n\t\t<\/div>\n\t\t\t\t<\/div>\n\t\t\t\t<\/div>\n\t\t\t\t<div class=\"elementor-element elementor-element-190b92c sc_fly_static elementor-widget elementor-widget-text-editor\" data-id=\"190b92c\" data-element_type=\"widget\" data-widget_type=\"text-editor.default\">\n\t\t\t\t<div class=\"elementor-widget-container\">\n\t\t\t\t\t\t\tIl presente sito internet <a href=\"https:\/\/www.calc-out.com\">https:\/\/www.calc-out.com\/be\/fr<\/a> \u00e8 pubblicato dalla societ\u00e0 Global Plus (Calc-out\u00ae).\n<ul>\n     <li>Partita IVA: BE0846.948.471<\/li>\n<\/ul>\nIl direttore della pubblicazione del presente sito \u00e8 Ermes Togni.\n\nLa gestione \u00e8 affidata a L.M. SRL.\n\nIl sito \u00e8 ospitato da OVH.com, con sede legale in 2 rue Kellerman, 59100 Roubaix (Francia).\n<h5><strong>Accesso al sito<\/strong><\/h5>\nL&#8217;utente di questo sito dichiara di disporre delle competenze e dei mezzi necessari per accedere e utilizzare il sito stesso. Si ricorda che l&#8217;accesso o la permanenza fraudolenta in un sistema informatico, l&#8217;ostacolo o la falsificazione del funzionamento di tale sistema, l&#8217;introduzione o la modifica fraudolenta di dati in un sistema informatico costituiscono reati punibili con sanzioni penali.\n<h5><strong>Diritto di propriet\u00e0 intellettuale e industriale<\/strong><\/h5>\nIl sito <a href=\"https:\/\/www.calc-out.com\">https:\/\/www.calc-out.com\/be\/fr<\/a> costituisce sia un&#8217;opera protetta dal diritto d&#8217;autore sia una banca dati di cui Global Plus (Calc-out\u00ae) detiene i diritti d&#8217;autore e i diritti in qualit\u00e0 di produttore. I testi, il layout, i disegni, le foto, i filmati, la grafica e gli altri elementi di questo sito sono protetti dal diritto d&#8217;autore. Qualsiasi copia, adattamento, traduzione, arrangiamento, comunicazione al pubblico, noleggio e altro sfruttamento, modifica di tutto o parte di questo sito in qualsiasi forma e con qualsiasi mezzo, elettronico, meccanico o altro, \u00e8 severamente vietato senza il previo consenso scritto di Global Plus (Calc-out\u00ae). Il contenuto della banca dati \u00e8 protetto da un diritto sui generis che autorizza il produttore a vietare qualsiasi estrazione e\/o riutilizzo di tutto o parte di tale contenuto. Qualsiasi violazione di tali diritti pu\u00f2 comportare azioni civili o penali.\n<h5><strong>Avvertenza relativa alle informazioni fornite sul sito<\/strong><\/h5>\nGlobal Plus (Calc-out\u00ae) presta la massima attenzione alla creazione e all&#8217;aggiornamento del sito. Global Plus (Calc-out\u00ae), editore del sito, si impegna a garantire, nel limite delle proprie possibilit\u00e0, l&#8217;accuratezza e l&#8217;aggiornamento delle informazioni pubblicate sul sito al momento della loro messa online. Tuttavia, non garantisce in alcun modo l&#8217;esattezza, la precisione o la completezza delle informazioni messe a disposizione sul sito e si riserva il diritto di modificare o correggere, in qualsiasi momento e senza preavviso, il contenuto delle informazioni e dei documenti pubblicati sul sito.\n\nInfatti, Global Plus (Calc-out\u00ae) declina ogni responsabilit\u00e0 per eventuali imprecisioni, inesattezze, omissioni o modifiche relative alle informazioni disponibili su questo sito, in particolare in caso di evoluzione delle disposizioni amministrative e giuridiche, nonch\u00e9 per tutti i danni derivanti da un&#8217;intrusione fraudolenta da parte di terzi, in particolare quando ci\u00f2 potrebbe comportare una modifica delle informazioni messe a disposizione su questo sito. A questo proposito, Global Plus (Calc-out\u00ae) non pu\u00f2 essere ritenuta responsabile per il contenuto delle presenti pagine e per l&#8217;uso che potrebbe essere fatto dall&#8217;utente, ovvero per tutti i danni, diretti o indiretti, causati dall&#8217;accesso o dall&#8217;uso del sito da parte di chiunque o dall&#8217;impossibilit\u00e0 di accedervi. Inoltre, Global Plus (Calc-out\u00ae) non potr\u00e0 in alcun caso essere ritenuta responsabile per danni derivanti dall&#8217;interpretazione e\/o dall&#8217;utilizzo delle informazioni disponibili su questo sito.\n<h5><strong>Collegamenti ipertestuali<\/strong><\/h5>\nIl nostro sito Internet contiene collegamenti ipertestuali che consentono l&#8217;accesso a siti non gestiti da Global Plus (Calc-out\u00ae). Di conseguenza, Global Plus (Calc-out\u00ae) non pu\u00f2 essere ritenuta responsabile del contenuto dei siti a cui l&#8217;utente avrebbe cos\u00ec accesso. Global Plus (Calc-out\u00ae) non \u00e8 responsabile n\u00e9 del loro pieno rispetto delle norme di ordine pubblico e del buon costume, da un lato, n\u00e9 della loro politica di protezione dei dati personali o dell&#8217;uso che ne viene fatto, dall&#8217;altro.\n\nAccedendo a un altro sito tramite un collegamento ipertestuale, l&#8217;utente accetta che tale accesso avvenga a proprio rischio e pericolo. Di conseguenza, Global Plus (Calc-out\u00ae) non pu\u00f2 essere ritenuta responsabile per eventuali danni diretti o indiretti derivanti dall&#8217;accesso a un altro sito collegato tramite un collegamento ipertestuale. Infine, la creazione di collegamenti ipertestuali al nostro sito deve essere preventivamente autorizzata dall&#8217;editore.\n<h5><strong>Modifica delle presenti note legali e diritto applicabile<\/strong><\/h5>\nIl diritto applicabile \u00e8 quello belga. Global Plus (Calc-out\u00ae) si riserva il diritto di modificare o integrare le presenti note legali in qualsiasi momento e senza preavviso.\t\t\t\t\t\t<\/div>\n\t\t\t\t<\/div>\n\t\t\t\t<div class=\"elementor-element elementor-element-9a2d604 sc_height_large sc_fly_static elementor-widget elementor-widget-spacer\" data-id=\"9a2d604\" data-element_type=\"widget\" data-widget_type=\"spacer.default\">\n\t\t\t\t<div class=\"elementor-widget-container\">\n\t\t\t\t\t<div class=\"elementor-spacer\">\n\t\t\t<div class=\"elementor-spacer-inner\"><\/div>\n\t\t<\/div>\n\t\t\t\t<\/div>\n\t\t\t\t<\/div>\n\t\t\t\t\t<\/div>\n\t\t<\/div>\n\t\t\t\t\t<\/div>\n\t\t<\/section>\n\t\t\t\t<\/div>\n\t\t","protected":false},"excerpt":{"rendered":"<p>Il presente sito internet https:\/\/www.calc-out.com\/be\/fr \u00e8 pubblicato dalla societ\u00e0 Global Plus (Calc-out\u00ae). Partita IVA: BE0846.948.471 Il direttore della pubblicazione del presente sito \u00e8 Ermes Togni. La gestione \u00e8 affidata a&hellip;<\/p>\n","protected":false},"author":3,"featured_media":0,"parent":0,"menu_order":0,"comment_status":"closed","ping_status":"closed","template":"","meta":{"footnotes":""},"class_list":["post-26552","page","type-page","status-publish","hentry"],"yoast_head":"<!-- This site is optimized with the Yoast SEO plugin v24.0 - https:\/\/yoast.com\/wordpress\/plugins\/seo\/ -->\n<title>Note legali - Calc-Out<\/title>\n<meta name=\"robots\" content=\"noindex, nofollow\" \/>\n<meta property=\"og:locale\" content=\"it_IT\" \/>\n<meta property=\"og:type\" content=\"article\" \/>\n<meta property=\"og:title\" content=\"Note legali - Calc-Out\" \/>\n<meta property=\"og:description\" content=\"Il presente sito internet https:\/\/www.calc-out.com\/be\/fr \u00e8 pubblicato dalla societ\u00e0 Global Plus (Calc-out\u00ae). Partita IVA: BE0846.948.471 Il direttore della pubblicazione del presente sito \u00e8 Ermes Togni. La gestione \u00e8 affidata a&hellip;\" \/>\n<meta property=\"og:url\" content=\"https:\/\/calc-out.com\/it\/note-legali\/\" \/>\n<meta property=\"og:site_name\" content=\"Calc-Out\" \/>\n<meta property=\"article:publisher\" content=\"https:\/\/www.facebook.com\/CalcOut\" \/>\n<meta property=\"article:modified_time\" content=\"2025-09-24T12:59:47+00:00\" \/>\n<meta name=\"twitter:card\" content=\"summary_large_image\" \/>\n<meta name=\"twitter:label1\" content=\"Tempo di lettura stimato\" \/>\n\t<meta name=\"twitter:data1\" content=\"4 minuti\" \/>\n<script type=\"application\/ld+json\" class=\"yoast-schema-graph\">{\"@context\":\"https:\/\/schema.org\",\"@graph\":[{\"@type\":\"WebPage\",\"@id\":\"https:\/\/calc-out.com\/it\/note-legali\/\",\"url\":\"https:\/\/calc-out.com\/it\/note-legali\/\",\"name\":\"Note legali - Calc-Out\",\"isPartOf\":{\"@id\":\"https:\/\/calc-out.com\/it\/#website\"},\"datePublished\":\"2024-12-11T11:19:19+00:00\",\"dateModified\":\"2025-09-24T12:59:47+00:00\",\"breadcrumb\":{\"@id\":\"https:\/\/calc-out.com\/it\/note-legali\/#breadcrumb\"},\"inLanguage\":\"it-IT\",\"potentialAction\":[{\"@type\":\"ReadAction\",\"target\":[\"https:\/\/calc-out.com\/it\/note-legali\/\"]}]},{\"@type\":\"BreadcrumbList\",\"@id\":\"https:\/\/calc-out.com\/it\/note-legali\/#breadcrumb\",\"itemListElement\":[{\"@type\":\"ListItem\",\"position\":1,\"name\":\"Accueil\",\"item\":\"https:\/\/calc-out.com\/it\/\"},{\"@type\":\"ListItem\",\"position\":2,\"name\":\"Note legali\"}]},{\"@type\":\"WebSite\",\"@id\":\"https:\/\/calc-out.com\/it\/#website\",\"url\":\"https:\/\/calc-out.com\/it\/\",\"name\":\"Calc-Out\",\"description\":\"\",\"publisher\":{\"@id\":\"https:\/\/calc-out.com\/it\/#organization\"},\"potentialAction\":[{\"@type\":\"SearchAction\",\"target\":{\"@type\":\"EntryPoint\",\"urlTemplate\":\"https:\/\/calc-out.com\/it\/?s={search_term_string}\"},\"query-input\":{\"@type\":\"PropertyValueSpecification\",\"valueRequired\":true,\"valueName\":\"search_term_string\"}}],\"inLanguage\":\"it-IT\"},{\"@type\":\"Organization\",\"@id\":\"https:\/\/calc-out.com\/it\/#organization\",\"name\":\"Calc-Out\",\"url\":\"https:\/\/calc-out.com\/it\/\",\"logo\":{\"@type\":\"ImageObject\",\"inLanguage\":\"it-IT\",\"@id\":\"https:\/\/calc-out.com\/it\/#\/schema\/logo\/image\/\",\"url\":\"https:\/\/calc-out.com\/wp-content\/uploads\/2024\/10\/logo-calcout.jpg\",\"contentUrl\":\"https:\/\/calc-out.com\/wp-content\/uploads\/2024\/10\/logo-calcout.jpg\",\"width\":201,\"height\":62,\"caption\":\"Calc-Out\"},\"image\":{\"@id\":\"https:\/\/calc-out.com\/it\/#\/schema\/logo\/image\/\"},\"sameAs\":[\"https:\/\/www.facebook.com\/CalcOut\"]}]}<\/script>\n<!-- \/ Yoast SEO plugin. -->","yoast_head_json":{"title":"Note legali - Calc-Out","robots":{"index":"noindex","follow":"nofollow"},"og_locale":"it_IT","og_type":"article","og_title":"Note legali - Calc-Out","og_description":"Il presente sito internet https:\/\/www.calc-out.com\/be\/fr \u00e8 pubblicato dalla societ\u00e0 Global Plus (Calc-out\u00ae). Partita IVA: BE0846.948.471 Il direttore della pubblicazione del presente sito \u00e8 Ermes Togni. La gestione \u00e8 affidata a&hellip;","og_url":"https:\/\/calc-out.com\/it\/note-legali\/","og_site_name":"Calc-Out","article_publisher":"https:\/\/www.facebook.com\/CalcOut","article_modified_time":"2025-09-24T12:59:47+00:00","twitter_card":"summary_large_image","twitter_misc":{"Tempo di lettura stimato":"4 minuti"},"schema":{"@context":"https:\/\/schema.org","@graph":[{"@type":"WebPage","@id":"https:\/\/calc-out.com\/it\/note-legali\/","url":"https:\/\/calc-out.com\/it\/note-legali\/","name":"Note legali - Calc-Out","isPartOf":{"@id":"https:\/\/calc-out.com\/it\/#website"},"datePublished":"2024-12-11T11:19:19+00:00","dateModified":"2025-09-24T12:59:47+00:00","breadcrumb":{"@id":"https:\/\/calc-out.com\/it\/note-legali\/#breadcrumb"},"inLanguage":"it-IT","potentialAction":[{"@type":"ReadAction","target":["https:\/\/calc-out.com\/it\/note-legali\/"]}]},{"@type":"BreadcrumbList","@id":"https:\/\/calc-out.com\/it\/note-legali\/#breadcrumb","itemListElement":[{"@type":"ListItem","position":1,"name":"Accueil","item":"https:\/\/calc-out.com\/it\/"},{"@type":"ListItem","position":2,"name":"Note legali"}]},{"@type":"WebSite","@id":"https:\/\/calc-out.com\/it\/#website","url":"https:\/\/calc-out.com\/it\/","name":"Calc-Out","description":"","publisher":{"@id":"https:\/\/calc-out.com\/it\/#organization"},"potentialAction":[{"@type":"SearchAction","target":{"@type":"EntryPoint","urlTemplate":"https:\/\/calc-out.com\/it\/?s={search_term_string}"},"query-input":{"@type":"PropertyValueSpecification","valueRequired":true,"valueName":"search_term_string"}}],"inLanguage":"it-IT"},{"@type":"Organization","@id":"https:\/\/calc-out.com\/it\/#organization","name":"Calc-Out","url":"https:\/\/calc-out.com\/it\/","logo":{"@type":"ImageObject","inLanguage":"it-IT","@id":"https:\/\/calc-out.com\/it\/#\/schema\/logo\/image\/","url":"https:\/\/calc-out.com\/wp-content\/uploads\/2024\/10\/logo-calcout.jpg","contentUrl":"https:\/\/calc-out.com\/wp-content\/uploads\/2024\/10\/logo-calcout.jpg","width":201,"height":62,"caption":"Calc-Out"},"image":{"@id":"https:\/\/calc-out.com\/it\/#\/schema\/logo\/image\/"},"sameAs":["https:\/\/www.facebook.com\/CalcOut"]}]}},"_links":{"self":[{"href":"https:\/\/calc-out.com\/it\/wp-json\/wp\/v2\/pages\/26552","targetHints":{"allow":["GET"]}}],"collection":[{"href":"https:\/\/calc-out.com\/it\/wp-json\/wp\/v2\/pages"}],"about":[{"href":"https:\/\/calc-out.com\/it\/wp-json\/wp\/v2\/types\/page"}],"author":[{"embeddable":true,"href":"https:\/\/calc-out.com\/it\/wp-json\/wp\/v2\/users\/3"}],"replies":[{"embeddable":true,"href":"https:\/\/calc-out.com\/it\/wp-json\/wp\/v2\/comments?post=26552"}],"version-history":[{"count":4,"href":"https:\/\/calc-out.com\/it\/wp-json\/wp\/v2\/pages\/26552\/revisions"}],"predecessor-version":[{"id":26557,"href":"https:\/\/calc-out.com\/it\/wp-json\/wp\/v2\/pages\/26552\/revisions\/26557"}],"wp:attachment":[{"href":"https:\/\/calc-out.com\/it\/wp-json\/wp\/v2\/media?parent=26552"}],"curies":[{"name":"wp","href":"https:\/\/api.w.org\/{rel}","templated":true}]}}