{"id":26536,"date":"2024-12-11T12:07:23","date_gmt":"2024-12-11T12:07:23","guid":{"rendered":"https:\/\/calc-out.com\/confidentialite\/"},"modified":"2025-09-24T12:44:59","modified_gmt":"2025-09-24T12:44:59","slug":"informativa-sulla-privacy","status":"publish","type":"page","link":"https:\/\/calc-out.com\/it\/informativa-sulla-privacy\/","title":{"rendered":"Informativa sulla privacy"},"content":{"rendered":"\t\t<div data-elementor-type=\"wp-page\" data-elementor-id=\"26536\" class=\"elementor elementor-26536 elementor-25042\">\n\t\t\t\t\t\t<section class=\"elementor-section elementor-top-section elementor-element elementor-element-565810c scheme_default elementor-section-boxed elementor-section-height-default elementor-section-height-default sc_fly_static\" data-id=\"565810c\" data-element_type=\"section\" data-settings=\"{&quot;background_background&quot;:&quot;classic&quot;}\">\n\t\t\t\t\t\t\t<div class=\"elementor-background-overlay\"><\/div>\n\t\t\t\t\t\t\t<div class=\"elementor-container elementor-column-gap-extended\">\n\t\t\t\t\t<div class=\"elementor-column elementor-col-100 elementor-top-column elementor-element elementor-element-e7ff7c7 sc_content_align_inherit sc_layouts_column_icons_position_left sc_fly_static\" data-id=\"e7ff7c7\" data-element_type=\"column\">\n\t\t\t<div class=\"elementor-widget-wrap elementor-element-populated\">\n\t\t\t\t\t\t<div class=\"elementor-element elementor-element-f747c3a sc_height_large sc_fly_static elementor-widget elementor-widget-spacer\" data-id=\"f747c3a\" data-element_type=\"widget\" data-widget_type=\"spacer.default\">\n\t\t\t\t<div class=\"elementor-widget-container\">\n\t\t\t\t\t<div class=\"elementor-spacer\">\n\t\t\t<div class=\"elementor-spacer-inner\"><\/div>\n\t\t<\/div>\n\t\t\t\t<\/div>\n\t\t\t\t<\/div>\n\t\t\t\t<div class=\"elementor-element elementor-element-190b92c sc_fly_static elementor-widget elementor-widget-text-editor\" data-id=\"190b92c\" data-element_type=\"widget\" data-widget_type=\"text-editor.default\">\n\t\t\t\t<div class=\"elementor-widget-container\">\n\t\t\t\t\t\t\t\u00c8 normale che attribuiate particolare importanza al modo in cui i vostri dati vengono raccolti, utilizzati e condivisi.\n\nLa presente informativa sulla protezione dei dati personali (l&#8217;\u201cInformativa\u201d) illustra l&#8217;impegno di Ermes Togni \u2013 Soci\u00e9t\u00e9 Global Plus (Calc-out\u00ae) con numero BE0846.948.471 in qualit\u00e0 di responsabile del trattamento per quanto riguarda il rispetto della privacy e la protezione dei dati personali dei propri utenti e clienti.\n\nPertanto, la presente politica di protezione dei dati personali (la \u201cPolitica\u201d) \u00e8 stata redatta per consentirvi di conoscere le pratiche e le condizioni in base alle quali Global Plus (Calc-out\u00ae) raccoglie, utilizza e conserva i vostri dati personali (i \u201cDati\u201d).\n\nQui troverete le diverse informazioni che possiamo raccogliere e trattare o che potete trasmetterci quando accedete e\/o utilizzate il nostro sito web.\n\nData la continua evoluzione delle leggi e dei regolamenti in materia di tecnologia e protezione dei dati personali, \u00e8 probabile che la presente Informativa venga aggiornata.\n\nSe siete iscritti alla newsletter di questo sito, sarete informati di eventuali modifiche tramite e-mail. Qualora una qualsiasi delle clausole della presente Informativa dovesse essere dichiarata nulla o contraria alla normativa, essa sar\u00e0 considerata non scritta ma non comporter\u00e0 la nullit\u00e0 delle altre clausole della presente Informativa.\n\nLa presente Politica si applica ai Dati raccolti:\n<ul>\n     <li>Tramite il sito;<\/li>\n     <li>Tramite le e-mail scambiate tra Global Plus (Calc-out\u00ae) e l&#8217;utente o qualsiasi altro strumento di posta elettronica;<\/li>\n     <li>Quando l&#8217;utente crea un account utente sul Sito;<\/li>\n \t<li>Quando l&#8217;utente si iscrive alla newsletter del sito (la \u201cNewsletter\u201d).<\/li>\n<\/ul>\nNon si applica alle informazioni raccolte da terze parti o tramite siti gestiti da queste ultime, incluse le applicazioni o i contenuti (compresi gli annunci pubblicitari) che reindirizzano l&#8217;utente ai siti.\n\nVi invitiamo a leggere attentamente la Politica per comprendere chiaramente le nostre pratiche relative al trattamento dei vostri Dati e vi informiamo che la consultazione e\/o l&#8217;utilizzo dei nostri Siti comporta necessariamente l&#8217;accettazione della presente Politica. Se non accettate la presente Politica, vi invitiamo a non utilizzare il nostro sito. \u00c8 vostra responsabilit\u00e0 assicurarvi che i Dati comunicati a Global Plus (Calc-out\u00ae) siano completi, accurati e aggiornati.\n<h5><strong>1. Raccolta dei dati<\/strong><\/h5>\nQuando visitate il sito www.calc-out.com senza effettuare alcuna registrazione (tipo login o altro) da parte vostra su un sito protetto, Global Plus (Calc-out\u00ae) non raccoglie dati personali.\nRaccogliamo informazioni solo quando l&#8217;utente si registra sul nostro sito, quando accede al proprio account, effettua un acquisto, partecipa a un concorso e\/o quando si disconnette.\nGlobal Plus (Calc-out\u00ae) pu\u00f2 registrare alcune informazioni a fini statistici, amministrativi o di miglioramento del sito, senza che queste consentano la divulgazione di dati personali o l&#8217;identificazione di un singolo visitatore.\n\nIn sintesi, potremmo raccogliere i seguenti Dati:\n<ul>\n     <li>Il tuo indirizzo e-mail ti sar\u00e0 necessariamente richiesto se desideri creare un account utente, comunicare con noi tramite i moduli di contatto e\/o ricevere la nostra Newsletter;<\/li>\n     <li>Potrebbero esserti richiesti Dati relativi alla tua identit\u00e0, quali nome, cognome, indirizzo e-mail, numero di telefono;<\/li>\n \t<li>Dati relativi alla navigazione: si tratta di dati relativi al modo in cui l&#8217;utente utilizza i Siti, tra cui: indirizzo IP, browser utilizzato, durata della navigazione, cronologia delle ricerche, sistema operativo utilizzato, lingua e pagine visualizzate;<\/li>\n \t<li>Dati relativi alle visite sui nostri Siti, compresi i dati sul traffico, i file di log e altri dati o risorse di comunicazione utilizzati dall&#8217;utente per accedere ai nostri Siti;<\/li>\n     <li>Dati relativi agli ordini: l&#8217;indirizzo postale \u00e8 necessario per l&#8217;emissione delle fatture. Allo stesso modo, sar\u00e0 necessario fornire le coordinate bancarie per procedere al pagamento dell&#8217;ordine;<\/li>\n \t<li>I dati relativi all&#8217;utilizzo dei social network quando ne utilizzi le funzionalit\u00e0.<\/li>\n     <li>I dati possono essere raccolti in diversi modi. I dati possono essere raccolti direttamente quando ci vengono trasmessi tramite i moduli di contatto e di creazione dell&#8217;account utente, di iscrizione alla newsletter disponibili sul sito e\/o comunicati quando ci contatti per telefono. <\/li>\n<\/ul>\nQuando ci contattate con questi diversi mezzi, viene effettuata e archiviata una copia delle vostre comunicazioni con Global Plus (Calc-out\u00ae), compresi gli indirizzi e-mail.\n\nGlobal Plus (Calc-out\u00ae) raccoglie anche indirettamente i tuoi dati tramite cookie\/tracciatori. Ti invitiamo a leggere la nostra Politica sui cookie, pensata per aiutarti a comprendere meglio queste tecnologie e l&#8217;uso che ne facciamo sui nostri Siti e nell&#8217;ambito dei nostri servizi, applicazioni e strumenti.\n<h5><strong>2. Utilizzo dei dati<\/strong><\/h5>\nTutte le informazioni che raccogliamo da voi possono essere utilizzate per:\n<ul>\n     <li>Personalizzare la vostra esperienza e soddisfare le vostre esigenze individuali<\/li>\n \t<li>Fornire contenuti pubblicitari personalizzati<\/li>\n     <li>Migliorare il nostro sito web<\/li>\n     <li>Migliorare il servizio clienti e le vostre esigenze di assistenza<\/li>\n     <li>Contattarvi via e-mail<\/li>\n     <li>Gestire un concorso, una promozione o un sondaggio<\/li>\n<\/ul>\n<h5><strong>3. Riservatezza dei dati<\/strong><\/h5>\nSiamo gli unici proprietari delle informazioni raccolte su questo sito. Le vostre informazioni personali non saranno vendute, scambiate, trasferite o cedute ad altre societ\u00e0 per nessun motivo senza il vostro consenso, ad eccezione di quanto necessario per rispondere a una richiesta e\/o effettuare una transazione, come ad esempio la spedizione di un ordine.\n<h5><strong>4. Periodo di conservazione dei dati<\/strong><\/h5>\nGlobal Plus (Calc-out\u00ae) conserva i vostri dati solo per il tempo necessario alle finalit\u00e0 di cui all&#8217;articolo 2. Tale periodo di conservazione non \u00e8 lo stesso per tutti i dati, poich\u00e9 la natura e la finalit\u00e0 della raccolta possono far variare tale durata. Allo stesso modo, alcuni obblighi legali impongono un periodo di conservazione specifico. Quando ti iscrivi alla Newsletter, conserviamo il tuo indirizzo e-mail fino alla tua cancellazione.\n\nQuando contattate Global Plus (Calc-out\u00ae) tramite i vari moduli di contatto, e-mail o telefono, i vostri dati saranno conservati fino a cinque (5) anni dall&#8217;ultimo contatto. Per quanto riguarda il vostro account utente, i vostri dati di fatturazione saranno conservati per dieci (10) anni dalla data di acquisto. Il resto dei vostri dati sar\u00e0 conservato per cinque (5) anni a partire dalla vostra richiesta di disattivazione dell&#8217;account utente. I dati della vostra carta di credito, per qualsiasi acquisto, saranno conservati per tredici (13) mesi dalla data di addebito, in caso di eventuali contestazioni della transazione. Su vostra richiesta, il vostro account utente del Sito sar\u00e0 disattivato e poi completamente cancellato al termine dei periodi sopra indicati a partire dal giorno in cui avete presentato la richiesta.\n\nInfine, per quanto riguarda i Dati raccolti tramite cookie o tracciatori, questi saranno conservati fino a sei (6) mesi per i cookie o tracciatori che misurano l&#8217;audience e fino a tredici (13) mesi per gli altri. Oltre i periodi di conservazione sopra indicati, i tuoi Dati saranno resi anonimi per essere conservati esclusivamente a fini statistici.\n<h5><strong>5. Protezione dei dati personali<\/strong><\/h5>\nAdottiamo una serie di misure di sicurezza per garantire la protezione delle vostre informazioni personali. Utilizziamo una crittografia all&#8217;avanguardia per proteggere le informazioni sensibili trasmesse online. Proteggiamo le vostre informazioni anche offline. Solo i dipendenti che hanno bisogno di svolgere un lavoro specifico (ad esempio, la fatturazione o l&#8217;assistenza clienti) hanno accesso alle informazioni di identificazione personale. I computer e i server utilizzati per archiviare le informazioni di identificazione personale sono conservati in un ambiente sicuro.\n<h5><strong>6. Quali sono i vostri diritti?<\/strong><\/h5>\nIn conformit\u00e0 con la legge belga dell&#8217;8 dicembre 1992 relativa alla protezione della privacy in materia di trattamento dei dati personali e, a partire dal 25 maggio 2018, al Regolamento Europeo 2016\/679 del Parlamento Europeo e del Consiglio del 27 aprile 2016 relativo alla protezione delle persone fisiche con riguardo al trattamento dei dati personali, nonch\u00e9 alla libera circolazione di tali dati e che abroga la direttiva 95\/46\/CE (Regolamento generale sulla protezione dei dati), gli utenti i cui dati sono stati raccolti hanno il diritto di consultare tali dati, di richiederne la correzione o, se necessario, la cancellazione.\n\nGli utenti possono inoltre opporsi al trattamento dei dati che li riguardano. Tali diritti possono essere esercitati inviando una richiesta scritta via e-mail all&#8217;indirizzo:\n\nGlobal Plus (Calc-out\u00ae)\nE-mail: <a href=\"mailto:contact@calc-out.com\">contact@calc-out.com<\/a>\n\nI reclami in caso di violazione delle norme belghe applicabili in materia di protezione dei dati personali su questo sito web possono essere indirizzati alla Commissione belga per la protezione della privacy, all&#8217;indirizzo commission@privacycommission.be.\n<h5><strong>7. Divulgazione a terzi<\/strong><\/h5>\nNon vendiamo, scambiamo o trasferiamo le informazioni personali identificabili dell&#8217;utente a terzi. Ci\u00f2 non include le terze parti di fiducia che ci aiutano a gestire il nostro sito web o a condurre la nostra attivit\u00e0, purch\u00e9 tali parti accettino di mantenere riservate tali informazioni.\n\nRiteniamo necessario condividere le informazioni al fine di indagare, prevenire o intraprendere azioni relative ad attivit\u00e0 illegali, presunti casi di frode, situazioni che comportano potenziali minacce alla sicurezza fisica di qualsiasi persona, violazioni delle nostre condizioni d&#8217;uso o quando richiesto dalla legge.\n\nLe informazioni non private, tuttavia, possono essere fornite ad altre parti per scopi di marketing, pubblicit\u00e0 o altri usi.\n<h5><strong>8. Cookie e altri tracciatori<\/strong><\/h5>\nUn \u201ccookie\u201d \u00e8 un piccolo file registrato sul disco rigido del computer dell&#8217;utente quando visita un sito o visualizza un annuncio pubblicitario. Questi cookie vengono utilizzati per migliorare l&#8217;esperienza dell&#8217;utente offrendo servizi o offerte in linea con i suoi interessi. \u00c8 possibile rifiutarne l&#8217;uso in qualsiasi momento configurando il browser Internet.\nLa natura e lo scopo dei cookie utilizzati dal sito web sono descritti in dettaglio di seguito. Alcuni cookie sono necessari per determinate funzioni tecniche del sito web e saranno memorizzati solo per un periodo di tempo limitato.\n<h6><strong><em>Tipi di cookie utilizzati<\/em><\/strong><\/h6>\n<ul>\n     <li>Misurazione dell&#8217;audience (Google Analytics): gli strumenti di misurazione dell&#8217;audience vengono utilizzati per ottenere informazioni sulla navigazione dei visitatori. Il loro obiettivo \u00e8 consentire l&#8217;analisi dei comportamenti di navigazione sul sito a fini di ottimizzazione.<\/li>\n     <li>Pulsanti social: il nostro sito pu\u00f2 contenere applicazioni informatiche di terze parti. Questo pu\u00f2 essere il caso, in particolare, dei pulsanti\/link ai social network (come i pulsanti \u201cCondividi\u201d e \u201cMi piace\u201d dei social network Facebook, Twitter, ecc.). Ti invitiamo quindi a consultare la loro politica di gestione dei cookie e, in particolare, di protezione della privacy.<\/li>\n \t<li>Pubblicit\u00e0: si tratta di cookie utilizzati sul nostro sito o al di fuori di esso per presentarvi pubblicit\u00e0 o inviarvi informazioni adeguate ai vostri interessi. I cookie pubblicitari sono utilizzati in particolare per limitare il numero di volte in cui vedete una pubblicit\u00e0 e ci aiutano a misurare l&#8217;efficacia di una campagna pubblicitaria. <\/li>\n<\/ul>\n<h6><strong><em>Gestione dei cookie<\/em><\/strong><\/h6>\nPer accettare o rifiutare l&#8217;installazione dei cookie, \u00e8 necessario configurare il proprio browser Internet. Poich\u00e9 la configurazione di ogni browser \u00e8 diversa, essa \u00e8 descritta nel menu di aiuto del browser, che consente di sapere come modificare le proprie preferenze in materia di cookie.\n\n\u00c8 possibile disattivarli nel modo seguente:\n\n<strong>Internet Explorer<\/strong>\n<ul>\n     <li>Selezionare il menu \u201cStrumenti\u201d, quindi \u201cOpzioni Internet\u201d<\/li>\n     <li>Fare clic sulla scheda \u201cPrivacy\u201d<\/li>\n     <li>Selezionare il livello desiderato utilizzando il cursore<\/li>\n<\/ul>\n<strong>Mozilla Firefox<\/strong>\n<ul>\n     <li>Selezionare il menu \u201cStrumenti\u201d, quindi \u201cOpzioni\u201d<\/li>\n     <li>Fare clic sulla scheda \u201cPrivacy\u201d<\/li>\n     <li>Nell&#8217;elenco a discesa \u201cRegole di conservazione\u201d selezionare il livello desiderato<\/li>\n<\/ul>\n<strong>Google Chrome<\/strong>\n<ul>\n     <li>Digita l&#8217;indirizzo chrome:\/\/settings\/ nella barra degli indirizzi del browser<\/li>\n     <li>Clicca su \u201cImpostazioni avanzate\u201d, quindi su \u201cImpostazioni contenuti\u201d e infine su \u201cCookie\u201d<\/li>\n     <li>Configura il browser come desideri<\/li>\n<\/ul>\n<strong>Safari<\/strong>\n<ul>\n     <li>Clicca sul menu \u201cSafari\u201d<\/li>\n     <li>Clicca su \u201cPreferenze\u201d<\/li>\n     <li>Nella scheda \u201cSicurezza\u201d seleziona il livello desiderato<\/li>\n<\/ul>\nSi prega di notare che la cancellazione dei cookie potrebbe rendere la navigazione pi\u00f9 difficile o addirittura impossibile.\n<h5><strong>9. Annullamento dell&#8217;iscrizione<\/strong><\/h5>\nUtilizziamo l&#8217;indirizzo e-mail fornito dall&#8217;utente per inviare informazioni e aggiornamenti relativi al suo ordine, notizie occasionali sull&#8217;azienda, informazioni su prodotti correlati, ecc. Se in qualsiasi momento l&#8217;utente desidera annullare l&#8217;iscrizione e non ricevere pi\u00f9 e-mail, in fondo a ogni e-mail sono riportate istruzioni dettagliate su come annullare l&#8217;iscrizione.\n<h5><strong>10. Consenso<\/strong><\/h5>\nUtilizzando il nostro sito, acconsentite alla nostra politica sulla privacy.\n<h5><strong>11. Realizzazione e hosting del sito<\/strong><\/h5>\nIl sito web <a href=\"http:\/\/calc-out.com\">calc-out.com<\/a> \u00e8 stato realizzato da:\n\nL.M. SRL\nTel.: +32 (0) 56 33 08 31\nE-mail: info@webiome.com\n\nIl sito Internet \u00e8 ospitato da:\n\nOVH.com\n2 rue Kellermann\n59100 Roubaix \u2013 Francia\nTel.: 0 899 498 765\t\t\t\t\t\t<\/div>\n\t\t\t\t<\/div>\n\t\t\t\t<div class=\"elementor-element elementor-element-9a2d604 sc_height_large sc_fly_static elementor-widget elementor-widget-spacer\" data-id=\"9a2d604\" data-element_type=\"widget\" data-widget_type=\"spacer.default\">\n\t\t\t\t<div class=\"elementor-widget-container\">\n\t\t\t\t\t<div class=\"elementor-spacer\">\n\t\t\t<div class=\"elementor-spacer-inner\"><\/div>\n\t\t<\/div>\n\t\t\t\t<\/div>\n\t\t\t\t<\/div>\n\t\t\t\t\t<\/div>\n\t\t<\/div>\n\t\t\t\t\t<\/div>\n\t\t<\/section>\n\t\t\t\t<\/div>\n\t\t","protected":false},"excerpt":{"rendered":"<p>\u00c8 normale che attribuiate particolare importanza al modo in cui i vostri dati vengono raccolti, utilizzati e condivisi. La presente informativa sulla protezione dei dati personali (l&#8217;\u201cInformativa\u201d) illustra l&#8217;impegno di&hellip;<\/p>\n","protected":false},"author":3,"featured_media":0,"parent":0,"menu_order":0,"comment_status":"closed","ping_status":"closed","template":"","meta":{"footnotes":""},"class_list":["post-26536","page","type-page","status-publish","hentry"],"yoast_head":"<!-- This site is optimized with the Yoast SEO plugin v24.0 - https:\/\/yoast.com\/wordpress\/plugins\/seo\/ -->\n<title>Informativa sulla privacy - Calc-Out<\/title>\n<meta name=\"robots\" content=\"noindex, nofollow\" \/>\n<meta property=\"og:locale\" content=\"it_IT\" \/>\n<meta property=\"og:type\" content=\"article\" \/>\n<meta property=\"og:title\" content=\"Informativa sulla privacy - Calc-Out\" \/>\n<meta property=\"og:description\" content=\"\u00c8 normale che attribuiate particolare importanza al modo in cui i vostri dati vengono raccolti, utilizzati e condivisi. La presente informativa sulla protezione dei dati personali (l&#8217;\u201cInformativa\u201d) illustra l&#8217;impegno di&hellip;\" \/>\n<meta property=\"og:url\" content=\"https:\/\/calc-out.com\/it\/informativa-sulla-privacy\/\" \/>\n<meta property=\"og:site_name\" content=\"Calc-Out\" \/>\n<meta property=\"article:publisher\" content=\"https:\/\/www.facebook.com\/CalcOut\" \/>\n<meta property=\"article:modified_time\" content=\"2025-09-24T12:44:59+00:00\" \/>\n<meta name=\"twitter:card\" content=\"summary_large_image\" \/>\n<meta name=\"twitter:label1\" content=\"Tempo di lettura stimato\" \/>\n\t<meta name=\"twitter:data1\" content=\"11 minuti\" \/>\n<script type=\"application\/ld+json\" class=\"yoast-schema-graph\">{\"@context\":\"https:\/\/schema.org\",\"@graph\":[{\"@type\":\"WebPage\",\"@id\":\"https:\/\/calc-out.com\/it\/informativa-sulla-privacy\/\",\"url\":\"https:\/\/calc-out.com\/it\/informativa-sulla-privacy\/\",\"name\":\"Informativa sulla privacy - Calc-Out\",\"isPartOf\":{\"@id\":\"https:\/\/calc-out.com\/it\/#website\"},\"datePublished\":\"2024-12-11T12:07:23+00:00\",\"dateModified\":\"2025-09-24T12:44:59+00:00\",\"breadcrumb\":{\"@id\":\"https:\/\/calc-out.com\/it\/informativa-sulla-privacy\/#breadcrumb\"},\"inLanguage\":\"it-IT\",\"potentialAction\":[{\"@type\":\"ReadAction\",\"target\":[\"https:\/\/calc-out.com\/it\/informativa-sulla-privacy\/\"]}]},{\"@type\":\"BreadcrumbList\",\"@id\":\"https:\/\/calc-out.com\/it\/informativa-sulla-privacy\/#breadcrumb\",\"itemListElement\":[{\"@type\":\"ListItem\",\"position\":1,\"name\":\"Accueil\",\"item\":\"https:\/\/calc-out.com\/it\/\"},{\"@type\":\"ListItem\",\"position\":2,\"name\":\"Informativa sulla privacy\"}]},{\"@type\":\"WebSite\",\"@id\":\"https:\/\/calc-out.com\/it\/#website\",\"url\":\"https:\/\/calc-out.com\/it\/\",\"name\":\"Calc-Out\",\"description\":\"\",\"publisher\":{\"@id\":\"https:\/\/calc-out.com\/it\/#organization\"},\"potentialAction\":[{\"@type\":\"SearchAction\",\"target\":{\"@type\":\"EntryPoint\",\"urlTemplate\":\"https:\/\/calc-out.com\/it\/?s={search_term_string}\"},\"query-input\":{\"@type\":\"PropertyValueSpecification\",\"valueRequired\":true,\"valueName\":\"search_term_string\"}}],\"inLanguage\":\"it-IT\"},{\"@type\":\"Organization\",\"@id\":\"https:\/\/calc-out.com\/it\/#organization\",\"name\":\"Calc-Out\",\"url\":\"https:\/\/calc-out.com\/it\/\",\"logo\":{\"@type\":\"ImageObject\",\"inLanguage\":\"it-IT\",\"@id\":\"https:\/\/calc-out.com\/it\/#\/schema\/logo\/image\/\",\"url\":\"https:\/\/calc-out.com\/wp-content\/uploads\/2024\/10\/logo-calcout.jpg\",\"contentUrl\":\"https:\/\/calc-out.com\/wp-content\/uploads\/2024\/10\/logo-calcout.jpg\",\"width\":201,\"height\":62,\"caption\":\"Calc-Out\"},\"image\":{\"@id\":\"https:\/\/calc-out.com\/it\/#\/schema\/logo\/image\/\"},\"sameAs\":[\"https:\/\/www.facebook.com\/CalcOut\"]}]}<\/script>\n<!-- \/ Yoast SEO plugin. -->","yoast_head_json":{"title":"Informativa sulla privacy - Calc-Out","robots":{"index":"noindex","follow":"nofollow"},"og_locale":"it_IT","og_type":"article","og_title":"Informativa sulla privacy - Calc-Out","og_description":"\u00c8 normale che attribuiate particolare importanza al modo in cui i vostri dati vengono raccolti, utilizzati e condivisi. La presente informativa sulla protezione dei dati personali (l&#8217;\u201cInformativa\u201d) illustra l&#8217;impegno di&hellip;","og_url":"https:\/\/calc-out.com\/it\/informativa-sulla-privacy\/","og_site_name":"Calc-Out","article_publisher":"https:\/\/www.facebook.com\/CalcOut","article_modified_time":"2025-09-24T12:44:59+00:00","twitter_card":"summary_large_image","twitter_misc":{"Tempo di lettura stimato":"11 minuti"},"schema":{"@context":"https:\/\/schema.org","@graph":[{"@type":"WebPage","@id":"https:\/\/calc-out.com\/it\/informativa-sulla-privacy\/","url":"https:\/\/calc-out.com\/it\/informativa-sulla-privacy\/","name":"Informativa sulla privacy - Calc-Out","isPartOf":{"@id":"https:\/\/calc-out.com\/it\/#website"},"datePublished":"2024-12-11T12:07:23+00:00","dateModified":"2025-09-24T12:44:59+00:00","breadcrumb":{"@id":"https:\/\/calc-out.com\/it\/informativa-sulla-privacy\/#breadcrumb"},"inLanguage":"it-IT","potentialAction":[{"@type":"ReadAction","target":["https:\/\/calc-out.com\/it\/informativa-sulla-privacy\/"]}]},{"@type":"BreadcrumbList","@id":"https:\/\/calc-out.com\/it\/informativa-sulla-privacy\/#breadcrumb","itemListElement":[{"@type":"ListItem","position":1,"name":"Accueil","item":"https:\/\/calc-out.com\/it\/"},{"@type":"ListItem","position":2,"name":"Informativa sulla privacy"}]},{"@type":"WebSite","@id":"https:\/\/calc-out.com\/it\/#website","url":"https:\/\/calc-out.com\/it\/","name":"Calc-Out","description":"","publisher":{"@id":"https:\/\/calc-out.com\/it\/#organization"},"potentialAction":[{"@type":"SearchAction","target":{"@type":"EntryPoint","urlTemplate":"https:\/\/calc-out.com\/it\/?s={search_term_string}"},"query-input":{"@type":"PropertyValueSpecification","valueRequired":true,"valueName":"search_term_string"}}],"inLanguage":"it-IT"},{"@type":"Organization","@id":"https:\/\/calc-out.com\/it\/#organization","name":"Calc-Out","url":"https:\/\/calc-out.com\/it\/","logo":{"@type":"ImageObject","inLanguage":"it-IT","@id":"https:\/\/calc-out.com\/it\/#\/schema\/logo\/image\/","url":"https:\/\/calc-out.com\/wp-content\/uploads\/2024\/10\/logo-calcout.jpg","contentUrl":"https:\/\/calc-out.com\/wp-content\/uploads\/2024\/10\/logo-calcout.jpg","width":201,"height":62,"caption":"Calc-Out"},"image":{"@id":"https:\/\/calc-out.com\/it\/#\/schema\/logo\/image\/"},"sameAs":["https:\/\/www.facebook.com\/CalcOut"]}]}},"_links":{"self":[{"href":"https:\/\/calc-out.com\/it\/wp-json\/wp\/v2\/pages\/26536","targetHints":{"allow":["GET"]}}],"collection":[{"href":"https:\/\/calc-out.com\/it\/wp-json\/wp\/v2\/pages"}],"about":[{"href":"https:\/\/calc-out.com\/it\/wp-json\/wp\/v2\/types\/page"}],"author":[{"embeddable":true,"href":"https:\/\/calc-out.com\/it\/wp-json\/wp\/v2\/users\/3"}],"replies":[{"embeddable":true,"href":"https:\/\/calc-out.com\/it\/wp-json\/wp\/v2\/comments?post=26536"}],"version-history":[{"count":4,"href":"https:\/\/calc-out.com\/it\/wp-json\/wp\/v2\/pages\/26536\/revisions"}],"predecessor-version":[{"id":26542,"href":"https:\/\/calc-out.com\/it\/wp-json\/wp\/v2\/pages\/26536\/revisions\/26542"}],"wp:attachment":[{"href":"https:\/\/calc-out.com\/it\/wp-json\/wp\/v2\/media?parent=26536"}],"curies":[{"name":"wp","href":"https:\/\/api.w.org\/{rel}","templated":true}]}}