{"id":26127,"date":"2024-12-11T10:12:01","date_gmt":"2024-12-11T10:12:01","guid":{"rendered":"https:\/\/calc-out.com\/videos\/"},"modified":"2026-01-12T15:08:38","modified_gmt":"2026-01-12T15:08:38","slug":"videos","status":"publish","type":"page","link":"https:\/\/calc-out.com\/es\/videos\/","title":{"rendered":"V\u00eddeos"},"content":{"rendered":"\t\t<div data-elementor-type=\"wp-page\" data-elementor-id=\"26127\" class=\"elementor elementor-26127 elementor-24884\">\n\t\t\t\t\t\t<section class=\"elementor-section elementor-top-section elementor-element elementor-element-46774bc elementor-section-boxed elementor-section-height-default elementor-section-height-default sc_fly_static\" data-id=\"46774bc\" data-element_type=\"section\" data-settings=\"{&quot;background_background&quot;:&quot;classic&quot;}\">\n\t\t\t\t\t\t<div class=\"elementor-container elementor-column-gap-extended\">\n\t\t\t\t\t<div class=\"elementor-column elementor-col-100 elementor-top-column elementor-element elementor-element-32202e3 sc_content_align_inherit sc_layouts_column_icons_position_left sc_fly_static\" data-id=\"32202e3\" data-element_type=\"column\">\n\t\t\t<div class=\"elementor-widget-wrap elementor-element-populated\">\n\t\t\t\t\t\t<div class=\"elementor-element elementor-element-fb72680 sc_fly_static elementor-widget elementor-widget-spacer\" data-id=\"fb72680\" data-element_type=\"widget\" data-widget_type=\"spacer.default\">\n\t\t\t\t<div class=\"elementor-widget-container\">\n\t\t\t\t\t<div class=\"elementor-spacer\">\n\t\t\t<div class=\"elementor-spacer-inner\"><\/div>\n\t\t<\/div>\n\t\t\t\t<\/div>\n\t\t\t\t<\/div>\n\t\t\t\t<div class=\"elementor-element elementor-element-feba331 sc_fly_static elementor-widget elementor-widget-text-editor\" data-id=\"feba331\" data-element_type=\"widget\" data-widget_type=\"text-editor.default\">\n\t\t\t\t<div class=\"elementor-widget-container\">\n\t\t\t\t\t\t\t<p>Descubra nuestros v\u00eddeos de presentaci\u00f3n y consejos de uso.<\/p><p><strong>\u00a1Estamos preparando nuevos v\u00eddeos!<\/strong><\/p>\t\t\t\t\t\t<\/div>\n\t\t\t\t<\/div>\n\t\t\t\t<div class=\"elementor-element elementor-element-be18139 sc_fly_static elementor-widget elementor-widget-spacer\" data-id=\"be18139\" data-element_type=\"widget\" data-widget_type=\"spacer.default\">\n\t\t\t\t<div class=\"elementor-widget-container\">\n\t\t\t\t\t<div class=\"elementor-spacer\">\n\t\t\t<div class=\"elementor-spacer-inner\"><\/div>\n\t\t<\/div>\n\t\t\t\t<\/div>\n\t\t\t\t<\/div>\n\t\t\t\t<section class=\"elementor-section elementor-inner-section elementor-element elementor-element-1eaf43d elementor-section-boxed elementor-section-height-default elementor-section-height-default sc_fly_static\" data-id=\"1eaf43d\" data-element_type=\"section\">\n\t\t\t\t\t\t<div class=\"elementor-container elementor-column-gap-extended\">\n\t\t\t\t\t<div class=\"elementor-column elementor-col-50 elementor-inner-column elementor-element elementor-element-da70602 sc_content_align_inherit sc_layouts_column_icons_position_left sc_fly_static\" data-id=\"da70602\" data-element_type=\"column\">\n\t\t\t<div class=\"elementor-widget-wrap elementor-element-populated\">\n\t\t\t\t\t\t<div class=\"elementor-element elementor-element-b4fb3cf sc_fly_static elementor-widget elementor-widget-heading\" data-id=\"b4fb3cf\" data-element_type=\"widget\" data-widget_type=\"heading.default\">\n\t\t\t\t<div class=\"elementor-widget-container\">\n\t\t\t<h4 class=\"elementor-heading-title elementor-size-default\">V\u00eddeo de presentaci\u00f3n - A\u00f1o 1998<\/h4>\t\t<\/div>\n\t\t\t\t<\/div>\n\t\t\t\t<div class=\"elementor-element elementor-element-2b578d5 sc_fly_static elementor-widget elementor-widget-spacer\" data-id=\"2b578d5\" data-element_type=\"widget\" data-widget_type=\"spacer.default\">\n\t\t\t\t<div class=\"elementor-widget-container\">\n\t\t\t\t\t<div class=\"elementor-spacer\">\n\t\t\t<div class=\"elementor-spacer-inner\"><\/div>\n\t\t<\/div>\n\t\t\t\t<\/div>\n\t\t\t\t<\/div>\n\t\t\t\t<div class=\"elementor-element elementor-element-59d9077 sc_fly_static elementor-widget elementor-widget-video\" data-id=\"59d9077\" data-element_type=\"widget\" data-settings=\"{&quot;youtube_url&quot;:&quot;https:\\\/\\\/youtu.be\\\/sv_1l6RqhFQ&quot;,&quot;video_type&quot;:&quot;youtube&quot;,&quot;controls&quot;:&quot;yes&quot;}\" data-widget_type=\"video.default\">\n\t\t\t\t<div class=\"elementor-widget-container\">\n\t\t\t\t\t<div class=\"elementor-wrapper elementor-open-inline\">\n\t\t\t<div class=\"elementor-video\"><\/div>\t\t<\/div>\n\t\t\t\t<\/div>\n\t\t\t\t<\/div>\n\t\t\t\t\t<\/div>\n\t\t<\/div>\n\t\t\t\t<div class=\"elementor-column elementor-col-50 elementor-inner-column elementor-element elementor-element-4ea9ad5 sc_content_align_inherit sc_layouts_column_icons_position_left sc_fly_static\" data-id=\"4ea9ad5\" data-element_type=\"column\">\n\t\t\t<div class=\"elementor-widget-wrap elementor-element-populated\">\n\t\t\t\t\t\t<div class=\"elementor-element elementor-element-9af69e5 sc_fly_static elementor-widget elementor-widget-heading\" data-id=\"9af69e5\" data-element_type=\"widget\" data-widget_type=\"heading.default\">\n\t\t\t\t<div class=\"elementor-widget-container\">\n\t\t\t<h4 class=\"elementor-heading-title elementor-size-default\">V\u00eddeo de presentaci\u00f3n - A\u00f1o 2026<\/h4>\t\t<\/div>\n\t\t\t\t<\/div>\n\t\t\t\t<div class=\"elementor-element elementor-element-a4b184e sc_fly_static elementor-widget elementor-widget-spacer\" data-id=\"a4b184e\" data-element_type=\"widget\" data-widget_type=\"spacer.default\">\n\t\t\t\t<div class=\"elementor-widget-container\">\n\t\t\t\t\t<div class=\"elementor-spacer\">\n\t\t\t<div class=\"elementor-spacer-inner\"><\/div>\n\t\t<\/div>\n\t\t\t\t<\/div>\n\t\t\t\t<\/div>\n\t\t\t\t<div class=\"elementor-element elementor-element-afe6a1a sc_fly_static elementor-widget elementor-widget-video\" data-id=\"afe6a1a\" data-element_type=\"widget\" data-settings=\"{&quot;video_type&quot;:&quot;hosted&quot;,&quot;controls&quot;:&quot;yes&quot;}\" data-widget_type=\"video.default\">\n\t\t\t\t<div class=\"elementor-widget-container\">\n\t\t\t\t\t<div class=\"e-hosted-video elementor-wrapper elementor-open-inline\">\n\t\t\t\t\t<video class=\"elementor-video\" src=\"https:\/\/calc-out.com\/wp-content\/uploads\/2026\/01\/Calc-out_video1-1.mp4\" controls=\"\" preload=\"metadata\" controlsList=\"nodownload\"><\/video>\n\t\t\t\t<\/div>\n\t\t\t\t<\/div>\n\t\t\t\t<\/div>\n\t\t\t\t\t<\/div>\n\t\t<\/div>\n\t\t\t\t\t<\/div>\n\t\t<\/section>\n\t\t\t\t<div class=\"elementor-element elementor-element-64d9a04 sc_fly_static elementor-widget elementor-widget-spacer\" data-id=\"64d9a04\" data-element_type=\"widget\" data-widget_type=\"spacer.default\">\n\t\t\t\t<div class=\"elementor-widget-container\">\n\t\t\t\t\t<div class=\"elementor-spacer\">\n\t\t\t<div class=\"elementor-spacer-inner\"><\/div>\n\t\t<\/div>\n\t\t\t\t<\/div>\n\t\t\t\t<\/div>\n\t\t\t\t<section class=\"elementor-section elementor-inner-section elementor-element elementor-element-0282229 elementor-section-boxed elementor-section-height-default elementor-section-height-default sc_fly_static\" data-id=\"0282229\" data-element_type=\"section\">\n\t\t\t\t\t\t<div class=\"elementor-container elementor-column-gap-extended\">\n\t\t\t\t\t<div class=\"elementor-column elementor-col-50 elementor-inner-column elementor-element elementor-element-c88a25e sc_content_align_inherit sc_layouts_column_icons_position_left sc_fly_static\" data-id=\"c88a25e\" data-element_type=\"column\">\n\t\t\t<div class=\"elementor-widget-wrap elementor-element-populated\">\n\t\t\t\t\t\t<div class=\"elementor-element elementor-element-960d46b sc_fly_static elementor-widget elementor-widget-heading\" data-id=\"960d46b\" data-element_type=\"widget\" data-widget_type=\"heading.default\">\n\t\t\t\t<div class=\"elementor-widget-container\">\n\t\t\t<h4 class=\"elementor-heading-title elementor-size-default\">V\u00eddeo de presentaci\u00f3n - A\u00f1o 2026<\/h4>\t\t<\/div>\n\t\t\t\t<\/div>\n\t\t\t\t<div class=\"elementor-element elementor-element-171a189 sc_fly_static elementor-widget elementor-widget-spacer\" data-id=\"171a189\" data-element_type=\"widget\" data-widget_type=\"spacer.default\">\n\t\t\t\t<div class=\"elementor-widget-container\">\n\t\t\t\t\t<div class=\"elementor-spacer\">\n\t\t\t<div class=\"elementor-spacer-inner\"><\/div>\n\t\t<\/div>\n\t\t\t\t<\/div>\n\t\t\t\t<\/div>\n\t\t\t\t<div class=\"elementor-element elementor-element-dd0804b sc_fly_static elementor-widget elementor-widget-video\" data-id=\"dd0804b\" data-element_type=\"widget\" data-settings=\"{&quot;video_type&quot;:&quot;hosted&quot;,&quot;controls&quot;:&quot;yes&quot;}\" data-widget_type=\"video.default\">\n\t\t\t\t<div class=\"elementor-widget-container\">\n\t\t\t\t\t<div class=\"e-hosted-video elementor-wrapper elementor-open-inline\">\n\t\t\t\t\t<video class=\"elementor-video\" src=\"https:\/\/calc-out.com\/wp-content\/uploads\/2026\/01\/Calc-out_video2-1.mp4\" controls=\"\" preload=\"metadata\" controlsList=\"nodownload\"><\/video>\n\t\t\t\t<\/div>\n\t\t\t\t<\/div>\n\t\t\t\t<\/div>\n\t\t\t\t\t<\/div>\n\t\t<\/div>\n\t\t\t\t<div class=\"elementor-column elementor-col-50 elementor-inner-column elementor-element elementor-element-fc72726 sc_content_align_inherit sc_layouts_column_icons_position_left sc_fly_static\" data-id=\"fc72726\" data-element_type=\"column\">\n\t\t\t<div class=\"elementor-widget-wrap elementor-element-populated\">\n\t\t\t\t\t\t<div class=\"elementor-element elementor-element-4492acc sc_fly_static elementor-widget elementor-widget-heading\" data-id=\"4492acc\" data-element_type=\"widget\" data-widget_type=\"heading.default\">\n\t\t\t\t<div class=\"elementor-widget-container\">\n\t\t\t<h4 class=\"elementor-heading-title elementor-size-default\">V\u00eddeo de presentaci\u00f3n - A\u00f1o 2026<\/h4>\t\t<\/div>\n\t\t\t\t<\/div>\n\t\t\t\t<div class=\"elementor-element elementor-element-2bb3e72 sc_fly_static elementor-widget elementor-widget-spacer\" data-id=\"2bb3e72\" data-element_type=\"widget\" data-widget_type=\"spacer.default\">\n\t\t\t\t<div class=\"elementor-widget-container\">\n\t\t\t\t\t<div class=\"elementor-spacer\">\n\t\t\t<div class=\"elementor-spacer-inner\"><\/div>\n\t\t<\/div>\n\t\t\t\t<\/div>\n\t\t\t\t<\/div>\n\t\t\t\t<div class=\"elementor-element elementor-element-7c83322 sc_fly_static elementor-widget elementor-widget-video\" data-id=\"7c83322\" data-element_type=\"widget\" data-settings=\"{&quot;video_type&quot;:&quot;hosted&quot;,&quot;controls&quot;:&quot;yes&quot;}\" data-widget_type=\"video.default\">\n\t\t\t\t<div class=\"elementor-widget-container\">\n\t\t\t\t\t<div class=\"e-hosted-video elementor-wrapper elementor-open-inline\">\n\t\t\t\t\t<video class=\"elementor-video\" src=\"https:\/\/calc-out.com\/wp-content\/uploads\/2026\/01\/Calc-out_video3-1.mp4\" controls=\"\" preload=\"metadata\" controlsList=\"nodownload\"><\/video>\n\t\t\t\t<\/div>\n\t\t\t\t<\/div>\n\t\t\t\t<\/div>\n\t\t\t\t\t<\/div>\n\t\t<\/div>\n\t\t\t\t\t<\/div>\n\t\t<\/section>\n\t\t\t\t<div class=\"elementor-element elementor-element-a06b4f4 sc_fly_static elementor-widget elementor-widget-spacer\" data-id=\"a06b4f4\" data-element_type=\"widget\" data-widget_type=\"spacer.default\">\n\t\t\t\t<div class=\"elementor-widget-container\">\n\t\t\t\t\t<div class=\"elementor-spacer\">\n\t\t\t<div class=\"elementor-spacer-inner\"><\/div>\n\t\t<\/div>\n\t\t\t\t<\/div>\n\t\t\t\t<\/div>\n\t\t\t\t\t<\/div>\n\t\t<\/div>\n\t\t\t\t\t<\/div>\n\t\t<\/section>\n\t\t\t\t<\/div>\n\t\t","protected":false},"excerpt":{"rendered":"<p>Descubra nuestros v\u00eddeos de presentaci\u00f3n y consejos de uso. \u00a1Estamos preparando nuevos v\u00eddeos! V\u00eddeo de presentaci\u00f3n &#8211; A\u00f1o 1998 V\u00eddeo de presentaci\u00f3n &#8211; A\u00f1o 2026 https:\/\/calc-out.com\/wp-content\/uploads\/2026\/01\/Calc-out_video1-1.mp4 V\u00eddeo de presentaci\u00f3n &#8211;&hellip;<\/p>\n","protected":false},"author":3,"featured_media":0,"parent":0,"menu_order":0,"comment_status":"closed","ping_status":"closed","template":"","meta":{"footnotes":""},"class_list":["post-26127","page","type-page","status-publish","hentry"],"yoast_head":"<!-- This site is optimized with the Yoast SEO plugin v24.0 - https:\/\/yoast.com\/wordpress\/plugins\/seo\/ -->\n<title>V\u00eddeos - Calc-Out<\/title>\n<meta name=\"description\" content=\"Descubra nuestros v\u00eddeos de presentaci\u00f3n y nuestros consejos de uso con los productos desincrustantes, desengrasantes y limpiadores CALC-Out\u00ae.\" \/>\n<meta name=\"robots\" content=\"index, follow, max-snippet:-1, max-image-preview:large, max-video-preview:-1\" \/>\n<link rel=\"canonical\" href=\"https:\/\/calc-out.com\/es\/videos\/\" \/>\n<meta property=\"og:locale\" content=\"es_ES\" \/>\n<meta property=\"og:type\" content=\"article\" \/>\n<meta property=\"og:title\" content=\"V\u00eddeos - Calc-Out\" \/>\n<meta property=\"og:description\" content=\"Descubra nuestros v\u00eddeos de presentaci\u00f3n y nuestros consejos de uso con los productos desincrustantes, desengrasantes y limpiadores CALC-Out\u00ae.\" \/>\n<meta property=\"og:url\" content=\"https:\/\/calc-out.com\/es\/videos\/\" \/>\n<meta property=\"og:site_name\" content=\"Calc-Out\" \/>\n<meta property=\"article:publisher\" content=\"https:\/\/www.facebook.com\/CalcOut\" \/>\n<meta property=\"article:modified_time\" content=\"2026-01-12T15:08:38+00:00\" \/>\n<meta name=\"twitter:card\" content=\"summary_large_image\" \/>\n<meta name=\"twitter:label1\" content=\"Tiempo de lectura\" \/>\n\t<meta name=\"twitter:data1\" content=\"1 minuto\" \/>\n<script type=\"application\/ld+json\" class=\"yoast-schema-graph\">{\"@context\":\"https:\/\/schema.org\",\"@graph\":[{\"@type\":\"WebPage\",\"@id\":\"https:\/\/calc-out.com\/es\/videos\/\",\"url\":\"https:\/\/calc-out.com\/es\/videos\/\",\"name\":\"V\u00eddeos - Calc-Out\",\"isPartOf\":{\"@id\":\"https:\/\/calc-out.com\/es\/#website\"},\"datePublished\":\"2024-12-11T10:12:01+00:00\",\"dateModified\":\"2026-01-12T15:08:38+00:00\",\"description\":\"Descubra nuestros v\u00eddeos de presentaci\u00f3n y nuestros consejos de uso con los productos desincrustantes, desengrasantes y limpiadores CALC-Out\u00ae.\",\"breadcrumb\":{\"@id\":\"https:\/\/calc-out.com\/es\/videos\/#breadcrumb\"},\"inLanguage\":\"es\",\"potentialAction\":[{\"@type\":\"ReadAction\",\"target\":[\"https:\/\/calc-out.com\/es\/videos\/\"]}]},{\"@type\":\"BreadcrumbList\",\"@id\":\"https:\/\/calc-out.com\/es\/videos\/#breadcrumb\",\"itemListElement\":[{\"@type\":\"ListItem\",\"position\":1,\"name\":\"Accueil\",\"item\":\"https:\/\/calc-out.com\/es\/\"},{\"@type\":\"ListItem\",\"position\":2,\"name\":\"V\u00eddeos\"}]},{\"@type\":\"WebSite\",\"@id\":\"https:\/\/calc-out.com\/es\/#website\",\"url\":\"https:\/\/calc-out.com\/es\/\",\"name\":\"Calc-Out\",\"description\":\"\",\"publisher\":{\"@id\":\"https:\/\/calc-out.com\/es\/#organization\"},\"potentialAction\":[{\"@type\":\"SearchAction\",\"target\":{\"@type\":\"EntryPoint\",\"urlTemplate\":\"https:\/\/calc-out.com\/es\/?s={search_term_string}\"},\"query-input\":{\"@type\":\"PropertyValueSpecification\",\"valueRequired\":true,\"valueName\":\"search_term_string\"}}],\"inLanguage\":\"es\"},{\"@type\":\"Organization\",\"@id\":\"https:\/\/calc-out.com\/es\/#organization\",\"name\":\"Calc-Out\",\"url\":\"https:\/\/calc-out.com\/es\/\",\"logo\":{\"@type\":\"ImageObject\",\"inLanguage\":\"es\",\"@id\":\"https:\/\/calc-out.com\/es\/#\/schema\/logo\/image\/\",\"url\":\"https:\/\/calc-out.com\/wp-content\/uploads\/2024\/10\/logo-calcout.jpg\",\"contentUrl\":\"https:\/\/calc-out.com\/wp-content\/uploads\/2024\/10\/logo-calcout.jpg\",\"width\":201,\"height\":62,\"caption\":\"Calc-Out\"},\"image\":{\"@id\":\"https:\/\/calc-out.com\/es\/#\/schema\/logo\/image\/\"},\"sameAs\":[\"https:\/\/www.facebook.com\/CalcOut\"]}]}<\/script>\n<!-- \/ Yoast SEO plugin. -->","yoast_head_json":{"title":"V\u00eddeos - Calc-Out","description":"Descubra nuestros v\u00eddeos de presentaci\u00f3n y nuestros consejos de uso con los productos desincrustantes, desengrasantes y limpiadores CALC-Out\u00ae.","robots":{"index":"index","follow":"follow","max-snippet":"max-snippet:-1","max-image-preview":"max-image-preview:large","max-video-preview":"max-video-preview:-1"},"canonical":"https:\/\/calc-out.com\/es\/videos\/","og_locale":"es_ES","og_type":"article","og_title":"V\u00eddeos - Calc-Out","og_description":"Descubra nuestros v\u00eddeos de presentaci\u00f3n y nuestros consejos de uso con los productos desincrustantes, desengrasantes y limpiadores CALC-Out\u00ae.","og_url":"https:\/\/calc-out.com\/es\/videos\/","og_site_name":"Calc-Out","article_publisher":"https:\/\/www.facebook.com\/CalcOut","article_modified_time":"2026-01-12T15:08:38+00:00","twitter_card":"summary_large_image","twitter_misc":{"Tiempo de lectura":"1 minuto"},"schema":{"@context":"https:\/\/schema.org","@graph":[{"@type":"WebPage","@id":"https:\/\/calc-out.com\/es\/videos\/","url":"https:\/\/calc-out.com\/es\/videos\/","name":"V\u00eddeos - Calc-Out","isPartOf":{"@id":"https:\/\/calc-out.com\/es\/#website"},"datePublished":"2024-12-11T10:12:01+00:00","dateModified":"2026-01-12T15:08:38+00:00","description":"Descubra nuestros v\u00eddeos de presentaci\u00f3n y nuestros consejos de uso con los productos desincrustantes, desengrasantes y limpiadores CALC-Out\u00ae.","breadcrumb":{"@id":"https:\/\/calc-out.com\/es\/videos\/#breadcrumb"},"inLanguage":"es","potentialAction":[{"@type":"ReadAction","target":["https:\/\/calc-out.com\/es\/videos\/"]}]},{"@type":"BreadcrumbList","@id":"https:\/\/calc-out.com\/es\/videos\/#breadcrumb","itemListElement":[{"@type":"ListItem","position":1,"name":"Accueil","item":"https:\/\/calc-out.com\/es\/"},{"@type":"ListItem","position":2,"name":"V\u00eddeos"}]},{"@type":"WebSite","@id":"https:\/\/calc-out.com\/es\/#website","url":"https:\/\/calc-out.com\/es\/","name":"Calc-Out","description":"","publisher":{"@id":"https:\/\/calc-out.com\/es\/#organization"},"potentialAction":[{"@type":"SearchAction","target":{"@type":"EntryPoint","urlTemplate":"https:\/\/calc-out.com\/es\/?s={search_term_string}"},"query-input":{"@type":"PropertyValueSpecification","valueRequired":true,"valueName":"search_term_string"}}],"inLanguage":"es"},{"@type":"Organization","@id":"https:\/\/calc-out.com\/es\/#organization","name":"Calc-Out","url":"https:\/\/calc-out.com\/es\/","logo":{"@type":"ImageObject","inLanguage":"es","@id":"https:\/\/calc-out.com\/es\/#\/schema\/logo\/image\/","url":"https:\/\/calc-out.com\/wp-content\/uploads\/2024\/10\/logo-calcout.jpg","contentUrl":"https:\/\/calc-out.com\/wp-content\/uploads\/2024\/10\/logo-calcout.jpg","width":201,"height":62,"caption":"Calc-Out"},"image":{"@id":"https:\/\/calc-out.com\/es\/#\/schema\/logo\/image\/"},"sameAs":["https:\/\/www.facebook.com\/CalcOut"]}]}},"_links":{"self":[{"href":"https:\/\/calc-out.com\/es\/wp-json\/wp\/v2\/pages\/26127","targetHints":{"allow":["GET"]}}],"collection":[{"href":"https:\/\/calc-out.com\/es\/wp-json\/wp\/v2\/pages"}],"about":[{"href":"https:\/\/calc-out.com\/es\/wp-json\/wp\/v2\/types\/page"}],"author":[{"embeddable":true,"href":"https:\/\/calc-out.com\/es\/wp-json\/wp\/v2\/users\/3"}],"replies":[{"embeddable":true,"href":"https:\/\/calc-out.com\/es\/wp-json\/wp\/v2\/comments?post=26127"}],"version-history":[{"count":8,"href":"https:\/\/calc-out.com\/es\/wp-json\/wp\/v2\/pages\/26127\/revisions"}],"predecessor-version":[{"id":27419,"href":"https:\/\/calc-out.com\/es\/wp-json\/wp\/v2\/pages\/26127\/revisions\/27419"}],"wp:attachment":[{"href":"https:\/\/calc-out.com\/es\/wp-json\/wp\/v2\/media?parent=26127"}],"curies":[{"name":"wp","href":"https:\/\/api.w.org\/{rel}","templated":true}]}}