{"id":26121,"date":"2024-12-11T10:16:23","date_gmt":"2024-12-11T10:16:23","guid":{"rendered":"https:\/\/calc-out.com\/une-production-de-qualite-optimale\/"},"modified":"2025-09-12T08:27:58","modified_gmt":"2025-09-12T08:27:58","slug":"una-produccion-de-optima-calidad","status":"publish","type":"page","link":"https:\/\/calc-out.com\/es\/una-produccion-de-optima-calidad\/","title":{"rendered":"Una producci\u00f3n de \u00f3ptima calidad"},"content":{"rendered":"\t\t<div data-elementor-type=\"wp-page\" data-elementor-id=\"26121\" class=\"elementor elementor-26121 elementor-24894\">\n\t\t\t\t\t\t<section class=\"elementor-section elementor-top-section elementor-element elementor-element-46774bc elementor-section-boxed elementor-section-height-default elementor-section-height-default sc_fly_static\" data-id=\"46774bc\" data-element_type=\"section\" data-settings=\"{&quot;background_background&quot;:&quot;classic&quot;}\">\n\t\t\t\t\t\t<div class=\"elementor-container elementor-column-gap-extended\">\n\t\t\t\t\t<div class=\"elementor-column elementor-col-100 elementor-top-column elementor-element elementor-element-32202e3 sc_content_align_inherit sc_layouts_column_icons_position_left sc_fly_static\" data-id=\"32202e3\" data-element_type=\"column\">\n\t\t\t<div class=\"elementor-widget-wrap elementor-element-populated\">\n\t\t\t\t\t\t<div class=\"elementor-element elementor-element-fb72680 sc_fly_static elementor-widget elementor-widget-spacer\" data-id=\"fb72680\" data-element_type=\"widget\" data-widget_type=\"spacer.default\">\n\t\t\t\t<div class=\"elementor-widget-container\">\n\t\t\t\t\t<div class=\"elementor-spacer\">\n\t\t\t<div class=\"elementor-spacer-inner\"><\/div>\n\t\t<\/div>\n\t\t\t\t<\/div>\n\t\t\t\t<\/div>\n\t\t\t\t<div class=\"elementor-element elementor-element-feba331 sc_fly_static elementor-widget elementor-widget-text-editor\" data-id=\"feba331\" data-element_type=\"widget\" data-widget_type=\"text-editor.default\">\n\t\t\t\t<div class=\"elementor-widget-container\">\n\t\t\t\t\t\t\t<p>La <strong>planta de envasado<\/strong>, equipada con la \u00faltima tecnolog\u00eda, nos permite producir vol\u00famenes variados y de alta calidad. Las modernas l\u00edneas de llenado, etiquetado y envasado nos permiten <strong>satisfacer todas las necesidades<\/strong> de nuestros clientes. <strong>Nuestras f\u00f3rmulas se adaptan a sus necesidades.<\/strong><\/p>\t\t\t\t\t\t<\/div>\n\t\t\t\t<\/div>\n\t\t\t\t<div class=\"elementor-element elementor-element-be18139 sc_fly_static elementor-widget elementor-widget-spacer\" data-id=\"be18139\" data-element_type=\"widget\" data-widget_type=\"spacer.default\">\n\t\t\t\t<div class=\"elementor-widget-container\">\n\t\t\t\t\t<div class=\"elementor-spacer\">\n\t\t\t<div class=\"elementor-spacer-inner\"><\/div>\n\t\t<\/div>\n\t\t\t\t<\/div>\n\t\t\t\t<\/div>\n\t\t\t\t<section class=\"elementor-section elementor-inner-section elementor-element elementor-element-3ef5f36 elementor-section-boxed elementor-section-height-default elementor-section-height-default sc_fly_static\" data-id=\"3ef5f36\" data-element_type=\"section\">\n\t\t\t\t\t\t<div class=\"elementor-container elementor-column-gap-extended\">\n\t\t\t\t\t<div class=\"elementor-column elementor-col-33 elementor-inner-column elementor-element elementor-element-baeb7f7 sc_content_align_inherit sc_layouts_column_icons_position_left sc_fly_static\" data-id=\"baeb7f7\" data-element_type=\"column\">\n\t\t\t<div class=\"elementor-widget-wrap elementor-element-populated\">\n\t\t\t\t\t\t<div class=\"elementor-element elementor-element-530f245 sc_fly_static elementor-widget elementor-widget-image\" data-id=\"530f245\" data-element_type=\"widget\" data-widget_type=\"image.default\">\n\t\t\t\t<div class=\"elementor-widget-container\">\n\t\t\t\t\t\t\t\t\t\t\t\t\t<img fetchpriority=\"high\" decoding=\"async\" width=\"1000\" height=\"600\" src=\"https:\/\/calc-out.com\/wp-content\/uploads\/2024\/11\/femme-scientifique-laboratoire.jpg\" class=\"attachment-large size-large wp-image-23696\" alt=\"\" srcset=\"https:\/\/calc-out.com\/wp-content\/uploads\/2024\/11\/femme-scientifique-laboratoire.jpg 1000w, https:\/\/calc-out.com\/wp-content\/uploads\/2024\/11\/femme-scientifique-laboratoire-300x180.jpg 300w, https:\/\/calc-out.com\/wp-content\/uploads\/2024\/11\/femme-scientifique-laboratoire-768x461.jpg 768w, https:\/\/calc-out.com\/wp-content\/uploads\/2024\/11\/femme-scientifique-laboratoire-370x222.jpg 370w, https:\/\/calc-out.com\/wp-content\/uploads\/2024\/11\/femme-scientifique-laboratoire-840x504.jpg 840w, https:\/\/calc-out.com\/wp-content\/uploads\/2024\/11\/femme-scientifique-laboratoire-410x246.jpg 410w, https:\/\/calc-out.com\/wp-content\/uploads\/2024\/11\/femme-scientifique-laboratoire-600x360.jpg 600w\" sizes=\"(max-width: 1000px) 100vw, 1000px\" \/>\t\t\t\t\t\t\t\t\t\t\t\t\t<\/div>\n\t\t\t\t<\/div>\n\t\t\t\t\t<\/div>\n\t\t<\/div>\n\t\t\t\t<div class=\"elementor-column elementor-col-33 elementor-inner-column elementor-element elementor-element-6d89962 sc_content_align_inherit sc_layouts_column_icons_position_left sc_fly_static\" data-id=\"6d89962\" data-element_type=\"column\">\n\t\t\t<div class=\"elementor-widget-wrap elementor-element-populated\">\n\t\t\t\t\t\t<div class=\"elementor-element elementor-element-456b650 sc_fly_static elementor-widget elementor-widget-image\" data-id=\"456b650\" data-element_type=\"widget\" data-widget_type=\"image.default\">\n\t\t\t\t<div class=\"elementor-widget-container\">\n\t\t\t\t\t\t\t\t\t\t\t\t\t<img decoding=\"async\" width=\"1000\" height=\"600\" src=\"https:\/\/calc-out.com\/wp-content\/uploads\/2024\/10\/usine1.png\" class=\"attachment-large size-large wp-image-23597\" alt=\"Production usine CALC-Out\u00ae\" srcset=\"https:\/\/calc-out.com\/wp-content\/uploads\/2024\/10\/usine1.png 1000w, https:\/\/calc-out.com\/wp-content\/uploads\/2024\/10\/usine1-300x180.png 300w, https:\/\/calc-out.com\/wp-content\/uploads\/2024\/10\/usine1-768x461.png 768w, https:\/\/calc-out.com\/wp-content\/uploads\/2024\/10\/usine1-370x222.png 370w, https:\/\/calc-out.com\/wp-content\/uploads\/2024\/10\/usine1-840x504.png 840w, https:\/\/calc-out.com\/wp-content\/uploads\/2024\/10\/usine1-410x246.png 410w, https:\/\/calc-out.com\/wp-content\/uploads\/2024\/10\/usine1-600x360.png 600w\" sizes=\"(max-width: 1000px) 100vw, 1000px\" \/>\t\t\t\t\t\t\t\t\t\t\t\t\t<\/div>\n\t\t\t\t<\/div>\n\t\t\t\t\t<\/div>\n\t\t<\/div>\n\t\t\t\t<div class=\"elementor-column elementor-col-33 elementor-inner-column elementor-element elementor-element-a80bffb sc_content_align_inherit sc_layouts_column_icons_position_left sc_fly_static\" data-id=\"a80bffb\" data-element_type=\"column\">\n\t\t\t<div class=\"elementor-widget-wrap elementor-element-populated\">\n\t\t\t\t\t\t<div class=\"elementor-element elementor-element-374b4d2 sc_fly_static elementor-widget elementor-widget-image\" data-id=\"374b4d2\" data-element_type=\"widget\" data-widget_type=\"image.default\">\n\t\t\t\t<div class=\"elementor-widget-container\">\n\t\t\t\t\t\t\t\t\t\t\t\t\t<img decoding=\"async\" width=\"1000\" height=\"600\" src=\"https:\/\/calc-out.com\/wp-content\/uploads\/2024\/10\/usine2.png\" class=\"attachment-large size-large wp-image-23596\" alt=\"Production usine CALC-Out\u00ae 2\" srcset=\"https:\/\/calc-out.com\/wp-content\/uploads\/2024\/10\/usine2.png 1000w, https:\/\/calc-out.com\/wp-content\/uploads\/2024\/10\/usine2-300x180.png 300w, https:\/\/calc-out.com\/wp-content\/uploads\/2024\/10\/usine2-768x461.png 768w, https:\/\/calc-out.com\/wp-content\/uploads\/2024\/10\/usine2-370x222.png 370w, https:\/\/calc-out.com\/wp-content\/uploads\/2024\/10\/usine2-840x504.png 840w, https:\/\/calc-out.com\/wp-content\/uploads\/2024\/10\/usine2-410x246.png 410w, https:\/\/calc-out.com\/wp-content\/uploads\/2024\/10\/usine2-600x360.png 600w\" sizes=\"(max-width: 1000px) 100vw, 1000px\" \/>\t\t\t\t\t\t\t\t\t\t\t\t\t<\/div>\n\t\t\t\t<\/div>\n\t\t\t\t\t<\/div>\n\t\t<\/div>\n\t\t\t\t\t<\/div>\n\t\t<\/section>\n\t\t\t\t<div class=\"elementor-element elementor-element-071900c sc_fly_static elementor-widget elementor-widget-spacer\" data-id=\"071900c\" data-element_type=\"widget\" data-widget_type=\"spacer.default\">\n\t\t\t\t<div class=\"elementor-widget-container\">\n\t\t\t\t\t<div class=\"elementor-spacer\">\n\t\t\t<div class=\"elementor-spacer-inner\"><\/div>\n\t\t<\/div>\n\t\t\t\t<\/div>\n\t\t\t\t<\/div>\n\t\t\t\t<section class=\"elementor-section elementor-inner-section elementor-element elementor-element-1eaf43d elementor-section-boxed elementor-section-height-default elementor-section-height-default sc_fly_static\" data-id=\"1eaf43d\" data-element_type=\"section\">\n\t\t\t\t\t\t<div class=\"elementor-container elementor-column-gap-extended\">\n\t\t\t\t\t<div class=\"elementor-column elementor-col-33 elementor-inner-column elementor-element elementor-element-da70602 sc_content_align_inherit sc_layouts_column_icons_position_left sc_fly_static\" data-id=\"da70602\" data-element_type=\"column\">\n\t\t\t<div class=\"elementor-widget-wrap elementor-element-populated\">\n\t\t\t\t\t\t<div class=\"elementor-element elementor-element-01bf940 sc_fly_static elementor-widget elementor-widget-image\" data-id=\"01bf940\" data-element_type=\"widget\" data-widget_type=\"image.default\">\n\t\t\t\t<div class=\"elementor-widget-container\">\n\t\t\t\t\t\t\t\t\t\t\t\t\t<img loading=\"lazy\" decoding=\"async\" width=\"1000\" height=\"600\" src=\"https:\/\/calc-out.com\/wp-content\/uploads\/2024\/10\/usine3.png\" class=\"attachment-large size-large wp-image-23595\" alt=\"Production usine CALC-Out\u00ae 3\" srcset=\"https:\/\/calc-out.com\/wp-content\/uploads\/2024\/10\/usine3.png 1000w, https:\/\/calc-out.com\/wp-content\/uploads\/2024\/10\/usine3-300x180.png 300w, https:\/\/calc-out.com\/wp-content\/uploads\/2024\/10\/usine3-768x461.png 768w, https:\/\/calc-out.com\/wp-content\/uploads\/2024\/10\/usine3-370x222.png 370w, https:\/\/calc-out.com\/wp-content\/uploads\/2024\/10\/usine3-840x504.png 840w, https:\/\/calc-out.com\/wp-content\/uploads\/2024\/10\/usine3-410x246.png 410w, https:\/\/calc-out.com\/wp-content\/uploads\/2024\/10\/usine3-600x360.png 600w\" sizes=\"(max-width: 1000px) 100vw, 1000px\" \/>\t\t\t\t\t\t\t\t\t\t\t\t\t<\/div>\n\t\t\t\t<\/div>\n\t\t\t\t\t<\/div>\n\t\t<\/div>\n\t\t\t\t<div class=\"elementor-column elementor-col-33 elementor-inner-column elementor-element elementor-element-ad83626 sc_content_align_inherit sc_layouts_column_icons_position_left sc_fly_static\" data-id=\"ad83626\" data-element_type=\"column\">\n\t\t\t<div class=\"elementor-widget-wrap elementor-element-populated\">\n\t\t\t\t\t\t<div class=\"elementor-element elementor-element-a164c79 sc_fly_static elementor-widget elementor-widget-image\" data-id=\"a164c79\" data-element_type=\"widget\" data-widget_type=\"image.default\">\n\t\t\t\t<div class=\"elementor-widget-container\">\n\t\t\t\t\t\t\t\t\t\t\t\t\t<img loading=\"lazy\" decoding=\"async\" width=\"1000\" height=\"600\" src=\"https:\/\/calc-out.com\/wp-content\/uploads\/2024\/10\/usine4.png\" class=\"attachment-large size-large wp-image-23594\" alt=\"Production usine CALC-Out\u00ae 4\" srcset=\"https:\/\/calc-out.com\/wp-content\/uploads\/2024\/10\/usine4.png 1000w, https:\/\/calc-out.com\/wp-content\/uploads\/2024\/10\/usine4-300x180.png 300w, https:\/\/calc-out.com\/wp-content\/uploads\/2024\/10\/usine4-768x461.png 768w, https:\/\/calc-out.com\/wp-content\/uploads\/2024\/10\/usine4-370x222.png 370w, https:\/\/calc-out.com\/wp-content\/uploads\/2024\/10\/usine4-840x504.png 840w, https:\/\/calc-out.com\/wp-content\/uploads\/2024\/10\/usine4-410x246.png 410w, https:\/\/calc-out.com\/wp-content\/uploads\/2024\/10\/usine4-600x360.png 600w\" sizes=\"(max-width: 1000px) 100vw, 1000px\" \/>\t\t\t\t\t\t\t\t\t\t\t\t\t<\/div>\n\t\t\t\t<\/div>\n\t\t\t\t\t<\/div>\n\t\t<\/div>\n\t\t\t\t<div class=\"elementor-column elementor-col-33 elementor-inner-column elementor-element elementor-element-4ea9ad5 sc_content_align_inherit sc_layouts_column_icons_position_left sc_fly_static\" data-id=\"4ea9ad5\" data-element_type=\"column\">\n\t\t\t<div class=\"elementor-widget-wrap elementor-element-populated\">\n\t\t\t\t\t\t<div class=\"elementor-element elementor-element-1fef3d2 sc_fly_static elementor-widget elementor-widget-image\" data-id=\"1fef3d2\" data-element_type=\"widget\" data-widget_type=\"image.default\">\n\t\t\t\t<div class=\"elementor-widget-container\">\n\t\t\t\t\t\t\t\t\t\t\t\t\t<img loading=\"lazy\" decoding=\"async\" width=\"1000\" height=\"600\" src=\"https:\/\/calc-out.com\/wp-content\/uploads\/2024\/10\/usine7.png\" class=\"attachment-large size-large wp-image-23593\" alt=\"Production usine CALC-Out\u00ae 7\" srcset=\"https:\/\/calc-out.com\/wp-content\/uploads\/2024\/10\/usine7.png 1000w, https:\/\/calc-out.com\/wp-content\/uploads\/2024\/10\/usine7-300x180.png 300w, https:\/\/calc-out.com\/wp-content\/uploads\/2024\/10\/usine7-768x461.png 768w, https:\/\/calc-out.com\/wp-content\/uploads\/2024\/10\/usine7-370x222.png 370w, https:\/\/calc-out.com\/wp-content\/uploads\/2024\/10\/usine7-840x504.png 840w, https:\/\/calc-out.com\/wp-content\/uploads\/2024\/10\/usine7-410x246.png 410w, https:\/\/calc-out.com\/wp-content\/uploads\/2024\/10\/usine7-600x360.png 600w\" sizes=\"(max-width: 1000px) 100vw, 1000px\" \/>\t\t\t\t\t\t\t\t\t\t\t\t\t<\/div>\n\t\t\t\t<\/div>\n\t\t\t\t\t<\/div>\n\t\t<\/div>\n\t\t\t\t\t<\/div>\n\t\t<\/section>\n\t\t\t\t<div class=\"elementor-element elementor-element-2860fb3 sc_fly_static elementor-widget elementor-widget-spacer\" data-id=\"2860fb3\" data-element_type=\"widget\" data-widget_type=\"spacer.default\">\n\t\t\t\t<div class=\"elementor-widget-container\">\n\t\t\t\t\t<div class=\"elementor-spacer\">\n\t\t\t<div class=\"elementor-spacer-inner\"><\/div>\n\t\t<\/div>\n\t\t\t\t<\/div>\n\t\t\t\t<\/div>\n\t\t\t\t<section class=\"elementor-section elementor-inner-section elementor-element elementor-element-718f1a9 elementor-section-boxed elementor-section-height-default elementor-section-height-default sc_fly_static\" data-id=\"718f1a9\" data-element_type=\"section\">\n\t\t\t\t\t\t<div class=\"elementor-container elementor-column-gap-extended\">\n\t\t\t\t\t<div class=\"elementor-column elementor-col-33 elementor-inner-column elementor-element elementor-element-18b855f sc_content_align_inherit sc_layouts_column_icons_position_left sc_fly_static\" data-id=\"18b855f\" data-element_type=\"column\">\n\t\t\t<div class=\"elementor-widget-wrap elementor-element-populated\">\n\t\t\t\t\t\t<div class=\"elementor-element elementor-element-7576072 sc_fly_static elementor-widget elementor-widget-image\" data-id=\"7576072\" data-element_type=\"widget\" data-widget_type=\"image.default\">\n\t\t\t\t<div class=\"elementor-widget-container\">\n\t\t\t\t\t\t\t\t\t\t\t\t\t<img loading=\"lazy\" decoding=\"async\" width=\"1000\" height=\"600\" src=\"https:\/\/calc-out.com\/wp-content\/uploads\/2024\/10\/usine8.png\" class=\"attachment-large size-large wp-image-23592\" alt=\"Production usine CALC-Out\u00ae 8\" srcset=\"https:\/\/calc-out.com\/wp-content\/uploads\/2024\/10\/usine8.png 1000w, https:\/\/calc-out.com\/wp-content\/uploads\/2024\/10\/usine8-300x180.png 300w, https:\/\/calc-out.com\/wp-content\/uploads\/2024\/10\/usine8-768x461.png 768w, https:\/\/calc-out.com\/wp-content\/uploads\/2024\/10\/usine8-370x222.png 370w, https:\/\/calc-out.com\/wp-content\/uploads\/2024\/10\/usine8-840x504.png 840w, https:\/\/calc-out.com\/wp-content\/uploads\/2024\/10\/usine8-410x246.png 410w, https:\/\/calc-out.com\/wp-content\/uploads\/2024\/10\/usine8-600x360.png 600w\" sizes=\"(max-width: 1000px) 100vw, 1000px\" \/>\t\t\t\t\t\t\t\t\t\t\t\t\t<\/div>\n\t\t\t\t<\/div>\n\t\t\t\t\t<\/div>\n\t\t<\/div>\n\t\t\t\t<div class=\"elementor-column elementor-col-33 elementor-inner-column elementor-element elementor-element-2ad6a72 sc_content_align_inherit sc_layouts_column_icons_position_left sc_fly_static\" data-id=\"2ad6a72\" data-element_type=\"column\">\n\t\t\t<div class=\"elementor-widget-wrap\">\n\t\t\t\t\t\t\t<\/div>\n\t\t<\/div>\n\t\t\t\t<div class=\"elementor-column elementor-col-33 elementor-inner-column elementor-element elementor-element-fd0f739 sc_content_align_inherit sc_layouts_column_icons_position_left sc_fly_static\" data-id=\"fd0f739\" data-element_type=\"column\">\n\t\t\t<div class=\"elementor-widget-wrap\">\n\t\t\t\t\t\t\t<\/div>\n\t\t<\/div>\n\t\t\t\t\t<\/div>\n\t\t<\/section>\n\t\t\t\t<div class=\"elementor-element elementor-element-2b578d5 sc_fly_static elementor-widget elementor-widget-spacer\" data-id=\"2b578d5\" data-element_type=\"widget\" data-widget_type=\"spacer.default\">\n\t\t\t\t<div class=\"elementor-widget-container\">\n\t\t\t\t\t<div class=\"elementor-spacer\">\n\t\t\t<div class=\"elementor-spacer-inner\"><\/div>\n\t\t<\/div>\n\t\t\t\t<\/div>\n\t\t\t\t<\/div>\n\t\t\t\t\t<\/div>\n\t\t<\/div>\n\t\t\t\t\t<\/div>\n\t\t<\/section>\n\t\t\t\t<\/div>\n\t\t","protected":false},"excerpt":{"rendered":"<p>La planta de envasado, equipada con la \u00faltima tecnolog\u00eda, nos permite producir vol\u00famenes variados y de alta calidad. Las modernas l\u00edneas de llenado, etiquetado y envasado nos permiten satisfacer todas&hellip;<\/p>\n","protected":false},"author":3,"featured_media":0,"parent":0,"menu_order":0,"comment_status":"closed","ping_status":"closed","template":"","meta":{"footnotes":""},"class_list":["post-26121","page","type-page","status-publish","hentry"],"yoast_head":"<!-- This site is optimized with the Yoast SEO plugin v24.0 - https:\/\/yoast.com\/wordpress\/plugins\/seo\/ -->\n<title>Una producci\u00f3n de \u00f3ptima calidad - Calc-Out<\/title>\n<meta name=\"description\" content=\"La planta de envasado, equipada con la \u00faltima tecnolog\u00eda, nos permite producir vol\u00famenes variados y de alta calidad.\" \/>\n<meta name=\"robots\" content=\"index, follow, max-snippet:-1, max-image-preview:large, max-video-preview:-1\" \/>\n<link rel=\"canonical\" href=\"https:\/\/calc-out.com\/es\/una-produccion-de-optima-calidad\/\" \/>\n<meta property=\"og:locale\" content=\"es_ES\" \/>\n<meta property=\"og:type\" content=\"article\" \/>\n<meta property=\"og:title\" content=\"Una producci\u00f3n de \u00f3ptima calidad - Calc-Out\" \/>\n<meta property=\"og:description\" content=\"La planta de envasado, equipada con la \u00faltima tecnolog\u00eda, nos permite producir vol\u00famenes variados y de alta calidad.\" \/>\n<meta property=\"og:url\" content=\"https:\/\/calc-out.com\/es\/una-produccion-de-optima-calidad\/\" \/>\n<meta property=\"og:site_name\" content=\"Calc-Out\" \/>\n<meta property=\"article:publisher\" content=\"https:\/\/www.facebook.com\/CalcOut\" \/>\n<meta property=\"article:modified_time\" content=\"2025-09-12T08:27:58+00:00\" \/>\n<meta property=\"og:image\" content=\"https:\/\/calc-out.com\/wp-content\/uploads\/2024\/11\/femme-scientifique-laboratoire.jpg\" \/>\n\t<meta property=\"og:image:width\" content=\"1000\" \/>\n\t<meta property=\"og:image:height\" content=\"600\" \/>\n\t<meta property=\"og:image:type\" content=\"image\/jpeg\" \/>\n<meta name=\"twitter:card\" content=\"summary_large_image\" \/>\n<meta name=\"twitter:label1\" content=\"Tiempo de lectura\" \/>\n\t<meta name=\"twitter:data1\" content=\"2 minutos\" \/>\n<script type=\"application\/ld+json\" class=\"yoast-schema-graph\">{\"@context\":\"https:\/\/schema.org\",\"@graph\":[{\"@type\":\"WebPage\",\"@id\":\"https:\/\/calc-out.com\/es\/una-produccion-de-optima-calidad\/\",\"url\":\"https:\/\/calc-out.com\/es\/una-produccion-de-optima-calidad\/\",\"name\":\"Una producci\u00f3n de \u00f3ptima calidad - Calc-Out\",\"isPartOf\":{\"@id\":\"https:\/\/calc-out.com\/es\/#website\"},\"primaryImageOfPage\":{\"@id\":\"https:\/\/calc-out.com\/es\/una-produccion-de-optima-calidad\/#primaryimage\"},\"image\":{\"@id\":\"https:\/\/calc-out.com\/es\/una-produccion-de-optima-calidad\/#primaryimage\"},\"thumbnailUrl\":\"https:\/\/calc-out.com\/wp-content\/uploads\/2024\/11\/femme-scientifique-laboratoire.jpg\",\"datePublished\":\"2024-12-11T10:16:23+00:00\",\"dateModified\":\"2025-09-12T08:27:58+00:00\",\"description\":\"La planta de envasado, equipada con la \u00faltima tecnolog\u00eda, nos permite producir vol\u00famenes variados y de alta calidad.\",\"breadcrumb\":{\"@id\":\"https:\/\/calc-out.com\/es\/una-produccion-de-optima-calidad\/#breadcrumb\"},\"inLanguage\":\"es\",\"potentialAction\":[{\"@type\":\"ReadAction\",\"target\":[\"https:\/\/calc-out.com\/es\/una-produccion-de-optima-calidad\/\"]}]},{\"@type\":\"ImageObject\",\"inLanguage\":\"es\",\"@id\":\"https:\/\/calc-out.com\/es\/una-produccion-de-optima-calidad\/#primaryimage\",\"url\":\"https:\/\/calc-out.com\/wp-content\/uploads\/2024\/11\/femme-scientifique-laboratoire.jpg\",\"contentUrl\":\"https:\/\/calc-out.com\/wp-content\/uploads\/2024\/11\/femme-scientifique-laboratoire.jpg\"},{\"@type\":\"BreadcrumbList\",\"@id\":\"https:\/\/calc-out.com\/es\/una-produccion-de-optima-calidad\/#breadcrumb\",\"itemListElement\":[{\"@type\":\"ListItem\",\"position\":1,\"name\":\"Accueil\",\"item\":\"https:\/\/calc-out.com\/es\/\"},{\"@type\":\"ListItem\",\"position\":2,\"name\":\"Una producci\u00f3n de \u00f3ptima calidad\"}]},{\"@type\":\"WebSite\",\"@id\":\"https:\/\/calc-out.com\/es\/#website\",\"url\":\"https:\/\/calc-out.com\/es\/\",\"name\":\"Calc-Out\",\"description\":\"\",\"publisher\":{\"@id\":\"https:\/\/calc-out.com\/es\/#organization\"},\"potentialAction\":[{\"@type\":\"SearchAction\",\"target\":{\"@type\":\"EntryPoint\",\"urlTemplate\":\"https:\/\/calc-out.com\/es\/?s={search_term_string}\"},\"query-input\":{\"@type\":\"PropertyValueSpecification\",\"valueRequired\":true,\"valueName\":\"search_term_string\"}}],\"inLanguage\":\"es\"},{\"@type\":\"Organization\",\"@id\":\"https:\/\/calc-out.com\/es\/#organization\",\"name\":\"Calc-Out\",\"url\":\"https:\/\/calc-out.com\/es\/\",\"logo\":{\"@type\":\"ImageObject\",\"inLanguage\":\"es\",\"@id\":\"https:\/\/calc-out.com\/es\/#\/schema\/logo\/image\/\",\"url\":\"https:\/\/calc-out.com\/wp-content\/uploads\/2024\/10\/logo-calcout.jpg\",\"contentUrl\":\"https:\/\/calc-out.com\/wp-content\/uploads\/2024\/10\/logo-calcout.jpg\",\"width\":201,\"height\":62,\"caption\":\"Calc-Out\"},\"image\":{\"@id\":\"https:\/\/calc-out.com\/es\/#\/schema\/logo\/image\/\"},\"sameAs\":[\"https:\/\/www.facebook.com\/CalcOut\"]}]}<\/script>\n<!-- \/ Yoast SEO plugin. -->","yoast_head_json":{"title":"Una producci\u00f3n de \u00f3ptima calidad - Calc-Out","description":"La planta de envasado, equipada con la \u00faltima tecnolog\u00eda, nos permite producir vol\u00famenes variados y de alta calidad.","robots":{"index":"index","follow":"follow","max-snippet":"max-snippet:-1","max-image-preview":"max-image-preview:large","max-video-preview":"max-video-preview:-1"},"canonical":"https:\/\/calc-out.com\/es\/una-produccion-de-optima-calidad\/","og_locale":"es_ES","og_type":"article","og_title":"Una producci\u00f3n de \u00f3ptima calidad - Calc-Out","og_description":"La planta de envasado, equipada con la \u00faltima tecnolog\u00eda, nos permite producir vol\u00famenes variados y de alta calidad.","og_url":"https:\/\/calc-out.com\/es\/una-produccion-de-optima-calidad\/","og_site_name":"Calc-Out","article_publisher":"https:\/\/www.facebook.com\/CalcOut","article_modified_time":"2025-09-12T08:27:58+00:00","og_image":[{"width":1000,"height":600,"url":"https:\/\/calc-out.com\/wp-content\/uploads\/2024\/11\/femme-scientifique-laboratoire.jpg","type":"image\/jpeg"}],"twitter_card":"summary_large_image","twitter_misc":{"Tiempo de lectura":"2 minutos"},"schema":{"@context":"https:\/\/schema.org","@graph":[{"@type":"WebPage","@id":"https:\/\/calc-out.com\/es\/una-produccion-de-optima-calidad\/","url":"https:\/\/calc-out.com\/es\/una-produccion-de-optima-calidad\/","name":"Una producci\u00f3n de \u00f3ptima calidad - Calc-Out","isPartOf":{"@id":"https:\/\/calc-out.com\/es\/#website"},"primaryImageOfPage":{"@id":"https:\/\/calc-out.com\/es\/una-produccion-de-optima-calidad\/#primaryimage"},"image":{"@id":"https:\/\/calc-out.com\/es\/una-produccion-de-optima-calidad\/#primaryimage"},"thumbnailUrl":"https:\/\/calc-out.com\/wp-content\/uploads\/2024\/11\/femme-scientifique-laboratoire.jpg","datePublished":"2024-12-11T10:16:23+00:00","dateModified":"2025-09-12T08:27:58+00:00","description":"La planta de envasado, equipada con la \u00faltima tecnolog\u00eda, nos permite producir vol\u00famenes variados y de alta calidad.","breadcrumb":{"@id":"https:\/\/calc-out.com\/es\/una-produccion-de-optima-calidad\/#breadcrumb"},"inLanguage":"es","potentialAction":[{"@type":"ReadAction","target":["https:\/\/calc-out.com\/es\/una-produccion-de-optima-calidad\/"]}]},{"@type":"ImageObject","inLanguage":"es","@id":"https:\/\/calc-out.com\/es\/una-produccion-de-optima-calidad\/#primaryimage","url":"https:\/\/calc-out.com\/wp-content\/uploads\/2024\/11\/femme-scientifique-laboratoire.jpg","contentUrl":"https:\/\/calc-out.com\/wp-content\/uploads\/2024\/11\/femme-scientifique-laboratoire.jpg"},{"@type":"BreadcrumbList","@id":"https:\/\/calc-out.com\/es\/una-produccion-de-optima-calidad\/#breadcrumb","itemListElement":[{"@type":"ListItem","position":1,"name":"Accueil","item":"https:\/\/calc-out.com\/es\/"},{"@type":"ListItem","position":2,"name":"Una producci\u00f3n de \u00f3ptima calidad"}]},{"@type":"WebSite","@id":"https:\/\/calc-out.com\/es\/#website","url":"https:\/\/calc-out.com\/es\/","name":"Calc-Out","description":"","publisher":{"@id":"https:\/\/calc-out.com\/es\/#organization"},"potentialAction":[{"@type":"SearchAction","target":{"@type":"EntryPoint","urlTemplate":"https:\/\/calc-out.com\/es\/?s={search_term_string}"},"query-input":{"@type":"PropertyValueSpecification","valueRequired":true,"valueName":"search_term_string"}}],"inLanguage":"es"},{"@type":"Organization","@id":"https:\/\/calc-out.com\/es\/#organization","name":"Calc-Out","url":"https:\/\/calc-out.com\/es\/","logo":{"@type":"ImageObject","inLanguage":"es","@id":"https:\/\/calc-out.com\/es\/#\/schema\/logo\/image\/","url":"https:\/\/calc-out.com\/wp-content\/uploads\/2024\/10\/logo-calcout.jpg","contentUrl":"https:\/\/calc-out.com\/wp-content\/uploads\/2024\/10\/logo-calcout.jpg","width":201,"height":62,"caption":"Calc-Out"},"image":{"@id":"https:\/\/calc-out.com\/es\/#\/schema\/logo\/image\/"},"sameAs":["https:\/\/www.facebook.com\/CalcOut"]}]}},"_links":{"self":[{"href":"https:\/\/calc-out.com\/es\/wp-json\/wp\/v2\/pages\/26121","targetHints":{"allow":["GET"]}}],"collection":[{"href":"https:\/\/calc-out.com\/es\/wp-json\/wp\/v2\/pages"}],"about":[{"href":"https:\/\/calc-out.com\/es\/wp-json\/wp\/v2\/types\/page"}],"author":[{"embeddable":true,"href":"https:\/\/calc-out.com\/es\/wp-json\/wp\/v2\/users\/3"}],"replies":[{"embeddable":true,"href":"https:\/\/calc-out.com\/es\/wp-json\/wp\/v2\/comments?post=26121"}],"version-history":[{"count":5,"href":"https:\/\/calc-out.com\/es\/wp-json\/wp\/v2\/pages\/26121\/revisions"}],"predecessor-version":[{"id":26126,"href":"https:\/\/calc-out.com\/es\/wp-json\/wp\/v2\/pages\/26121\/revisions\/26126"}],"wp:attachment":[{"href":"https:\/\/calc-out.com\/es\/wp-json\/wp\/v2\/media?parent=26121"}],"curies":[{"name":"wp","href":"https:\/\/api.w.org\/{rel}","templated":true}]}}