{"id":26064,"date":"2024-12-11T11:19:19","date_gmt":"2024-12-11T11:19:19","guid":{"rendered":"https:\/\/calc-out.com\/mentions-legales\/"},"modified":"2025-09-12T07:57:41","modified_gmt":"2025-09-12T07:57:41","slug":"aviso-legal","status":"publish","type":"page","link":"https:\/\/calc-out.com\/es\/aviso-legal\/","title":{"rendered":"Aviso legal"},"content":{"rendered":"\t\t<div data-elementor-type=\"wp-page\" data-elementor-id=\"26064\" class=\"elementor elementor-26064 elementor-24972\">\n\t\t\t\t\t\t<section class=\"elementor-section elementor-top-section elementor-element elementor-element-565810c scheme_default elementor-section-boxed elementor-section-height-default elementor-section-height-default sc_fly_static\" data-id=\"565810c\" data-element_type=\"section\" data-settings=\"{&quot;background_background&quot;:&quot;classic&quot;}\">\n\t\t\t\t\t\t\t<div class=\"elementor-background-overlay\"><\/div>\n\t\t\t\t\t\t\t<div class=\"elementor-container elementor-column-gap-extended\">\n\t\t\t\t\t<div class=\"elementor-column elementor-col-100 elementor-top-column elementor-element elementor-element-e7ff7c7 sc_content_align_inherit sc_layouts_column_icons_position_left sc_fly_static\" data-id=\"e7ff7c7\" data-element_type=\"column\">\n\t\t\t<div class=\"elementor-widget-wrap elementor-element-populated\">\n\t\t\t\t\t\t<div class=\"elementor-element elementor-element-f747c3a sc_height_large sc_fly_static elementor-widget elementor-widget-spacer\" data-id=\"f747c3a\" data-element_type=\"widget\" data-widget_type=\"spacer.default\">\n\t\t\t\t<div class=\"elementor-widget-container\">\n\t\t\t\t\t<div class=\"elementor-spacer\">\n\t\t\t<div class=\"elementor-spacer-inner\"><\/div>\n\t\t<\/div>\n\t\t\t\t<\/div>\n\t\t\t\t<\/div>\n\t\t\t\t<div class=\"elementor-element elementor-element-190b92c sc_fly_static elementor-widget elementor-widget-text-editor\" data-id=\"190b92c\" data-element_type=\"widget\" data-widget_type=\"text-editor.default\">\n\t\t\t\t<div class=\"elementor-widget-container\">\n\t\t\t\t\t\t\t<p>El presente sitio web https:\/\/www.calc-out.com\/be\/fr est\u00e1 editado por la empresa Global Plus (Calc-out\u00ae).<\/p><p>N.\u00ba IVA: BE0846.948.471.<\/p><p>El director de la publicaci\u00f3n del presente sitio web es Ermes Togni.<\/p><p>La gesti\u00f3n est\u00e1 a cargo de L.M. SRL.<\/p><p>El sitio web est\u00e1 alojado por OVH.com, con sede social en 2 rue Kellerman, 59100 Roubaix (Francia).<\/p><h5><strong>Acceso al sitio web<\/strong><\/h5><p>El usuario de este sitio web reconoce disponer de la competencia y los medios necesarios para acceder y utilizar este sitio web. Cabe recordar que el hecho de acceder o permanecer fraudulentamente en un sistema inform\u00e1tico, obstaculizar o falsear el funcionamiento de dicho sistema, introducir o modificar fraudulentamente datos en un sistema inform\u00e1tico constituye un delito punible con sanciones penales.<\/p><h5><strong>Derechos de propiedad intelectual e industrial<\/strong><\/h5><p>El sitio web https:\/\/www.calc-out.com\/be\/fr es una creaci\u00f3n protegida por derechos de autor y una base de datos sobre la que Global Plus (Calc-out\u00ae) posee los derechos de autor y los derechos como productor. Los textos, el dise\u00f1o, los dibujos, las fotos, las pel\u00edculas, los gr\u00e1ficos y otros elementos de este sitio web est\u00e1n protegidos por derechos de autor. Queda estrictamente prohibida cualquier copia, adaptaci\u00f3n, traducci\u00f3n, arreglo, comunicaci\u00f3n al p\u00fablico, alquiler y otra explotaci\u00f3n, modificaci\u00f3n de todo o parte de este sitio web en cualquier forma y por cualquier medio, ya sea electr\u00f3nico, mec\u00e1nico o de otro tipo, sin el consentimiento previo y por escrito de Global Plus (Calc-out\u00ae). El contenido de la base de datos est\u00e1 protegido por un derecho sui generis que autoriza al productor a prohibir cualquier extracci\u00f3n y\/o reutilizaci\u00f3n de todo o parte de dicho contenido. Cualquier infracci\u00f3n de estos derechos puede dar lugar a acciones civiles o penales.<\/p><h5><strong>Advertencia sobre la informaci\u00f3n proporcionada en el sitio web<\/strong><\/h5><p>Global Plus (Calc-out\u00ae) pone el m\u00e1ximo cuidado en la creaci\u00f3n y actualizaci\u00f3n del sitio web. Global Plus (Calc-out\u00ae), editor de este sitio web, se esfuerza por garantizar, en la medida de lo posible, la exactitud y actualizaci\u00f3n de la informaci\u00f3n difundida en el sitio web en el momento de su publicaci\u00f3n. Sin embargo, no garantiza en modo alguno la exactitud, precisi\u00f3n o exhaustividad de la informaci\u00f3n disponible en el sitio web y se reserva el derecho de modificar o corregir, en cualquier momento y sin previo aviso, el contenido de la informaci\u00f3n y los documentos publicados en el sitio web.<\/p><p>De hecho, Global Plus (Calc-out\u00ae) declina toda responsabilidad por cualquier imprecisi\u00f3n, inexactitud, omisi\u00f3n o modificaci\u00f3n de la informaci\u00f3n disponible en este sitio web, en particular en caso de cambios en las disposiciones administrativas y jur\u00eddicas, as\u00ed como por cualquier da\u00f1o resultante de una intrusi\u00f3n fraudulenta de un tercero, en particular cuando ello pueda dar lugar a una modificaci\u00f3n de la informaci\u00f3n disponible en este sitio web. A este respecto, Global Plus (Calc-out\u00ae) no se hace responsable del contenido de estas p\u00e1ginas ni del uso que pueda hacer de ellas el internauta, es decir, de los da\u00f1os directos o indirectos causados por el acceso o el uso del sitio web por parte de cualquier persona, o por la imposibilidad de acceder al mismo. Adem\u00e1s, Global Plus (Calc-out\u00ae) no se hace responsable en ning\u00fan caso de los da\u00f1os que puedan derivarse de la interpretaci\u00f3n y\/o el uso de la informaci\u00f3n disponible en este sitio web.<\/p><h5><strong>Enlaces hipertextuales<\/strong><\/h5><p>Nuestro sitio web contiene enlaces hipertextuales que permiten acceder a sitios web que no son editados por Global Plus (Calc-out\u00ae). Por lo tanto, Global Plus (Calc-out\u00ae) no se hace responsable del contenido de los sitios web a los que el usuario pueda acceder a trav\u00e9s de dichos enlaces. Global Plus (Calc-out\u00ae) no se hace responsable ni de su pleno cumplimiento de las normas de orden p\u00fablico y buenas costumbres, por un lado, ni de su pol\u00edtica de protecci\u00f3n de datos personales o del uso que se haga de ellos, por otro.<\/p><p>Al acceder a otro sitio web a trav\u00e9s de un hiperv\u00ednculo, el usuario acepta que dicho acceso se realiza por su cuenta y riesgo. Por consiguiente, Global Plus (Calc-out\u00ae) no se hace responsable de ning\u00fan perjuicio directo o indirecto que resulte de su acceso a otro sitio web vinculado por un hiperv\u00ednculo. Por \u00faltimo, la creaci\u00f3n de hiperv\u00ednculos a nuestro sitio web debe ser autorizada previamente por el editor.<\/p><h5><strong>Modificaci\u00f3n de las presentes menciones y legislaci\u00f3n aplicable<\/strong><\/h5><p>La legislaci\u00f3n aplicable es la legislaci\u00f3n belga. Global Plus (Calc-out\u00ae) se reserva el derecho de modificar o completar las presentes menciones en cualquier momento y sin previo aviso.<\/p>\t\t\t\t\t\t<\/div>\n\t\t\t\t<\/div>\n\t\t\t\t<div class=\"elementor-element elementor-element-9a2d604 sc_height_large sc_fly_static elementor-widget elementor-widget-spacer\" data-id=\"9a2d604\" data-element_type=\"widget\" data-widget_type=\"spacer.default\">\n\t\t\t\t<div class=\"elementor-widget-container\">\n\t\t\t\t\t<div class=\"elementor-spacer\">\n\t\t\t<div class=\"elementor-spacer-inner\"><\/div>\n\t\t<\/div>\n\t\t\t\t<\/div>\n\t\t\t\t<\/div>\n\t\t\t\t\t<\/div>\n\t\t<\/div>\n\t\t\t\t\t<\/div>\n\t\t<\/section>\n\t\t\t\t<\/div>\n\t\t","protected":false},"excerpt":{"rendered":"<p>El presente sitio web https:\/\/www.calc-out.com\/be\/fr est\u00e1 editado por la empresa Global Plus (Calc-out\u00ae). N.\u00ba IVA: BE0846.948.471. El director de la publicaci\u00f3n del presente sitio web es Ermes Togni. La gesti\u00f3n&hellip;<\/p>\n","protected":false},"author":3,"featured_media":0,"parent":0,"menu_order":0,"comment_status":"closed","ping_status":"closed","template":"","meta":{"footnotes":""},"class_list":["post-26064","page","type-page","status-publish","hentry"],"yoast_head":"<!-- This site is optimized with the Yoast SEO plugin v24.0 - https:\/\/yoast.com\/wordpress\/plugins\/seo\/ -->\n<title>Aviso legal - Calc-Out<\/title>\n<meta name=\"robots\" content=\"noindex, nofollow\" \/>\n<meta property=\"og:locale\" content=\"es_ES\" \/>\n<meta property=\"og:type\" content=\"article\" \/>\n<meta property=\"og:title\" content=\"Aviso legal - Calc-Out\" \/>\n<meta property=\"og:description\" content=\"El presente sitio web https:\/\/www.calc-out.com\/be\/fr est\u00e1 editado por la empresa Global Plus (Calc-out\u00ae). N.\u00ba IVA: BE0846.948.471. El director de la publicaci\u00f3n del presente sitio web es Ermes Togni. La gesti\u00f3n&hellip;\" \/>\n<meta property=\"og:url\" content=\"https:\/\/calc-out.com\/es\/aviso-legal\/\" \/>\n<meta property=\"og:site_name\" content=\"Calc-Out\" \/>\n<meta property=\"article:publisher\" content=\"https:\/\/www.facebook.com\/CalcOut\" \/>\n<meta property=\"article:modified_time\" content=\"2025-09-12T07:57:41+00:00\" \/>\n<meta name=\"twitter:card\" content=\"summary_large_image\" \/>\n<meta name=\"twitter:label1\" content=\"Tiempo de lectura\" \/>\n\t<meta name=\"twitter:data1\" content=\"4 minutos\" \/>\n<script type=\"application\/ld+json\" class=\"yoast-schema-graph\">{\"@context\":\"https:\/\/schema.org\",\"@graph\":[{\"@type\":\"WebPage\",\"@id\":\"https:\/\/calc-out.com\/es\/aviso-legal\/\",\"url\":\"https:\/\/calc-out.com\/es\/aviso-legal\/\",\"name\":\"Aviso legal - Calc-Out\",\"isPartOf\":{\"@id\":\"https:\/\/calc-out.com\/es\/#website\"},\"datePublished\":\"2024-12-11T11:19:19+00:00\",\"dateModified\":\"2025-09-12T07:57:41+00:00\",\"breadcrumb\":{\"@id\":\"https:\/\/calc-out.com\/es\/aviso-legal\/#breadcrumb\"},\"inLanguage\":\"es\",\"potentialAction\":[{\"@type\":\"ReadAction\",\"target\":[\"https:\/\/calc-out.com\/es\/aviso-legal\/\"]}]},{\"@type\":\"BreadcrumbList\",\"@id\":\"https:\/\/calc-out.com\/es\/aviso-legal\/#breadcrumb\",\"itemListElement\":[{\"@type\":\"ListItem\",\"position\":1,\"name\":\"Accueil\",\"item\":\"https:\/\/calc-out.com\/es\/\"},{\"@type\":\"ListItem\",\"position\":2,\"name\":\"Aviso legal\"}]},{\"@type\":\"WebSite\",\"@id\":\"https:\/\/calc-out.com\/es\/#website\",\"url\":\"https:\/\/calc-out.com\/es\/\",\"name\":\"Calc-Out\",\"description\":\"\",\"publisher\":{\"@id\":\"https:\/\/calc-out.com\/es\/#organization\"},\"potentialAction\":[{\"@type\":\"SearchAction\",\"target\":{\"@type\":\"EntryPoint\",\"urlTemplate\":\"https:\/\/calc-out.com\/es\/?s={search_term_string}\"},\"query-input\":{\"@type\":\"PropertyValueSpecification\",\"valueRequired\":true,\"valueName\":\"search_term_string\"}}],\"inLanguage\":\"es\"},{\"@type\":\"Organization\",\"@id\":\"https:\/\/calc-out.com\/es\/#organization\",\"name\":\"Calc-Out\",\"url\":\"https:\/\/calc-out.com\/es\/\",\"logo\":{\"@type\":\"ImageObject\",\"inLanguage\":\"es\",\"@id\":\"https:\/\/calc-out.com\/es\/#\/schema\/logo\/image\/\",\"url\":\"https:\/\/calc-out.com\/wp-content\/uploads\/2024\/10\/logo-calcout.jpg\",\"contentUrl\":\"https:\/\/calc-out.com\/wp-content\/uploads\/2024\/10\/logo-calcout.jpg\",\"width\":201,\"height\":62,\"caption\":\"Calc-Out\"},\"image\":{\"@id\":\"https:\/\/calc-out.com\/es\/#\/schema\/logo\/image\/\"},\"sameAs\":[\"https:\/\/www.facebook.com\/CalcOut\"]}]}<\/script>\n<!-- \/ Yoast SEO plugin. -->","yoast_head_json":{"title":"Aviso legal - Calc-Out","robots":{"index":"noindex","follow":"nofollow"},"og_locale":"es_ES","og_type":"article","og_title":"Aviso legal - Calc-Out","og_description":"El presente sitio web https:\/\/www.calc-out.com\/be\/fr est\u00e1 editado por la empresa Global Plus (Calc-out\u00ae). N.\u00ba IVA: BE0846.948.471. El director de la publicaci\u00f3n del presente sitio web es Ermes Togni. La gesti\u00f3n&hellip;","og_url":"https:\/\/calc-out.com\/es\/aviso-legal\/","og_site_name":"Calc-Out","article_publisher":"https:\/\/www.facebook.com\/CalcOut","article_modified_time":"2025-09-12T07:57:41+00:00","twitter_card":"summary_large_image","twitter_misc":{"Tiempo de lectura":"4 minutos"},"schema":{"@context":"https:\/\/schema.org","@graph":[{"@type":"WebPage","@id":"https:\/\/calc-out.com\/es\/aviso-legal\/","url":"https:\/\/calc-out.com\/es\/aviso-legal\/","name":"Aviso legal - Calc-Out","isPartOf":{"@id":"https:\/\/calc-out.com\/es\/#website"},"datePublished":"2024-12-11T11:19:19+00:00","dateModified":"2025-09-12T07:57:41+00:00","breadcrumb":{"@id":"https:\/\/calc-out.com\/es\/aviso-legal\/#breadcrumb"},"inLanguage":"es","potentialAction":[{"@type":"ReadAction","target":["https:\/\/calc-out.com\/es\/aviso-legal\/"]}]},{"@type":"BreadcrumbList","@id":"https:\/\/calc-out.com\/es\/aviso-legal\/#breadcrumb","itemListElement":[{"@type":"ListItem","position":1,"name":"Accueil","item":"https:\/\/calc-out.com\/es\/"},{"@type":"ListItem","position":2,"name":"Aviso legal"}]},{"@type":"WebSite","@id":"https:\/\/calc-out.com\/es\/#website","url":"https:\/\/calc-out.com\/es\/","name":"Calc-Out","description":"","publisher":{"@id":"https:\/\/calc-out.com\/es\/#organization"},"potentialAction":[{"@type":"SearchAction","target":{"@type":"EntryPoint","urlTemplate":"https:\/\/calc-out.com\/es\/?s={search_term_string}"},"query-input":{"@type":"PropertyValueSpecification","valueRequired":true,"valueName":"search_term_string"}}],"inLanguage":"es"},{"@type":"Organization","@id":"https:\/\/calc-out.com\/es\/#organization","name":"Calc-Out","url":"https:\/\/calc-out.com\/es\/","logo":{"@type":"ImageObject","inLanguage":"es","@id":"https:\/\/calc-out.com\/es\/#\/schema\/logo\/image\/","url":"https:\/\/calc-out.com\/wp-content\/uploads\/2024\/10\/logo-calcout.jpg","contentUrl":"https:\/\/calc-out.com\/wp-content\/uploads\/2024\/10\/logo-calcout.jpg","width":201,"height":62,"caption":"Calc-Out"},"image":{"@id":"https:\/\/calc-out.com\/es\/#\/schema\/logo\/image\/"},"sameAs":["https:\/\/www.facebook.com\/CalcOut"]}]}},"_links":{"self":[{"href":"https:\/\/calc-out.com\/es\/wp-json\/wp\/v2\/pages\/26064","targetHints":{"allow":["GET"]}}],"collection":[{"href":"https:\/\/calc-out.com\/es\/wp-json\/wp\/v2\/pages"}],"about":[{"href":"https:\/\/calc-out.com\/es\/wp-json\/wp\/v2\/types\/page"}],"author":[{"embeddable":true,"href":"https:\/\/calc-out.com\/es\/wp-json\/wp\/v2\/users\/3"}],"replies":[{"embeddable":true,"href":"https:\/\/calc-out.com\/es\/wp-json\/wp\/v2\/comments?post=26064"}],"version-history":[{"count":5,"href":"https:\/\/calc-out.com\/es\/wp-json\/wp\/v2\/pages\/26064\/revisions"}],"predecessor-version":[{"id":26069,"href":"https:\/\/calc-out.com\/es\/wp-json\/wp\/v2\/pages\/26064\/revisions\/26069"}],"wp:attachment":[{"href":"https:\/\/calc-out.com\/es\/wp-json\/wp\/v2\/media?parent=26064"}],"curies":[{"name":"wp","href":"https:\/\/api.w.org\/{rel}","templated":true}]}}