{"id":25938,"date":"2024-12-11T12:07:23","date_gmt":"2024-12-11T12:07:23","guid":{"rendered":"https:\/\/calc-out.com\/confidentialite\/"},"modified":"2025-09-11T14:33:08","modified_gmt":"2025-09-11T14:33:08","slug":"confidencialidad","status":"publish","type":"page","link":"https:\/\/calc-out.com\/es\/confidencialidad\/","title":{"rendered":"Confidencialidad"},"content":{"rendered":"\t\t<div data-elementor-type=\"wp-page\" data-elementor-id=\"25938\" class=\"elementor elementor-25938 elementor-25042\">\n\t\t\t\t\t\t<section class=\"elementor-section elementor-top-section elementor-element elementor-element-565810c scheme_default elementor-section-boxed elementor-section-height-default elementor-section-height-default sc_fly_static\" data-id=\"565810c\" data-element_type=\"section\" data-settings=\"{&quot;background_background&quot;:&quot;classic&quot;}\">\n\t\t\t\t\t\t\t<div class=\"elementor-background-overlay\"><\/div>\n\t\t\t\t\t\t\t<div class=\"elementor-container elementor-column-gap-extended\">\n\t\t\t\t\t<div class=\"elementor-column elementor-col-100 elementor-top-column elementor-element elementor-element-e7ff7c7 sc_content_align_inherit sc_layouts_column_icons_position_left sc_fly_static\" data-id=\"e7ff7c7\" data-element_type=\"column\">\n\t\t\t<div class=\"elementor-widget-wrap elementor-element-populated\">\n\t\t\t\t\t\t<div class=\"elementor-element elementor-element-f747c3a sc_height_large sc_fly_static elementor-widget elementor-widget-spacer\" data-id=\"f747c3a\" data-element_type=\"widget\" data-widget_type=\"spacer.default\">\n\t\t\t\t<div class=\"elementor-widget-container\">\n\t\t\t\t\t<div class=\"elementor-spacer\">\n\t\t\t<div class=\"elementor-spacer-inner\"><\/div>\n\t\t<\/div>\n\t\t\t\t<\/div>\n\t\t\t\t<\/div>\n\t\t\t\t<div class=\"elementor-element elementor-element-190b92c sc_fly_static elementor-widget elementor-widget-text-editor\" data-id=\"190b92c\" data-element_type=\"widget\" data-widget_type=\"text-editor.default\">\n\t\t\t\t<div class=\"elementor-widget-container\">\n\t\t\t\t\t\t\t<p>Es normal que le d\u00e9 especial importancia a la forma en que se obtienen, utilizan y comparten sus datos.<\/p><p>La presente pol\u00edtica de protecci\u00f3n de datos personales (la \u00abPol\u00edtica\u00bb) ilustra el compromiso de Ermes Togni \u2013 Soci\u00e9t\u00e9 Global Plus (Calc-out\u00ae), con n\u00famero BE0846.948.471, como responsable del tratamiento, con respecto al respeto de la privacidad y la protecci\u00f3n de los datos personales de sus usuarios y clientes.<\/p><p>Asimismo, la presente pol\u00edtica de protecci\u00f3n de datos personales (la \u00abPol\u00edtica\u00bb) ha sido redactada para que usted pueda conocer las pr\u00e1cticas y condiciones en las que Global Plus (Calc-out\u00ae) recopila, utiliza y conserva sus datos personales (los \u00abDatos\u00bb).<\/p><p>En ella encontrar\u00e1 los diferentes datos que podemos recopilar y tratar o que usted puede transmitirnos cuando accede y\/o utiliza nuestro sitio web.<\/p><p>Dada la constante evoluci\u00f3n de las leyes y reglamentos en materia de tecnolog\u00eda y protecci\u00f3n de datos personales, es probable que la presente Pol\u00edtica se actualice.<\/p><p>Si est\u00e1 suscrito al bolet\u00edn informativo de este sitio web, se le informar\u00e1 por correo electr\u00f3nico de cualquier modificaci\u00f3n que se produzca. Si alguna de las cl\u00e1usulas de la presente Pol\u00edtica fuera declarada nula o contraria a la normativa, se considerar\u00e1 no escrita, pero no implicar\u00e1 la nulidad de las dem\u00e1s cl\u00e1usulas de la presente Pol\u00edtica.<\/p><p>La presente Pol\u00edtica se aplica a los Datos recopilados:<\/p><ul><li>A trav\u00e9s del sitio web;<\/li><li>A trav\u00e9s de los correos electr\u00f3nicos intercambiados entre Global Plus (Calc-out\u00ae) y usted o cualquier otra herramienta de mensajer\u00eda electr\u00f3nica;<\/li><li>Cuando crea una cuenta de usuario en el Sitio web;<\/li><li>Cuando se suscribe al bolet\u00edn informativo del sitio web (el \u00abbolet\u00edn informativo\u00bb).<\/li><\/ul><p>No se aplica a la informaci\u00f3n recopilada por terceros o a trav\u00e9s de sitios web gestionados por estos, incluidas las aplicaciones o contenidos (incluidos los anuncios) que redirigen al usuario a los sitios web.<\/p><p>Le agradecemos que lea atentamente la Pol\u00edtica para comprender claramente nuestras pr\u00e1cticas en relaci\u00f3n con el tratamiento de sus Datos y le informamos de que la consulta y\/o el uso de nuestros Sitios implica necesariamente la aceptaci\u00f3n de la presente Pol\u00edtica. Si no est\u00e1 de acuerdo con ella, le invitamos a no utilizar nuestro sitio web. Es su responsabilidad asegurarse de que los Datos comunicados a Global Plus (Calc-out\u00ae) sean completos, exactos y est\u00e9n actualizados.<\/p><p><strong style=\"font-family: Montserrat, sans-serif; font-size: 1.4286em; letter-spacing: 0px;\">1. Recopilaci\u00f3n de datos<\/strong><\/p><p>Cuando visita el sitio web www.calc-out.com sin registrarse (por ejemplo, iniciando sesi\u00f3n u otra forma) en un sitio seguro, Global Plus (Calc-out\u00ae) no recopila datos personales.<br \/>Solo recopilamos informaci\u00f3n cuando se registra en nuestro sitio web, cuando inicia sesi\u00f3n en su cuenta, realiza una compra, participa en un concurso y\/o cuando cierra la sesi\u00f3n.<br \/>Global Plus (Calc-out\u00ae) puede registrar cierta informaci\u00f3n con fines estad\u00edsticos, administrativos o de mejora del sitio web, sin que ello permita revelar datos personales o identificar a un visitante individual.<\/p><p>En resumen, es posible que recopilemos los siguientes datos:<\/p><ul><li>Se le solicitar\u00e1 su direcci\u00f3n de correo electr\u00f3nico si desea crear una cuenta de usuario, comunicarse con nosotros a trav\u00e9s de los formularios de contacto y\/o recibir nuestro bolet\u00edn informativo.<\/li><li>Es posible que se le soliciten datos relativos a su identidad, como su nombre, apellidos, direcci\u00f3n de correo electr\u00f3nico y n\u00famero de tel\u00e9fono.<\/li><li>Datos relativos a la navegaci\u00f3n: se trata de datos relativos al modo en que utiliza los Sitios, entre los que se incluyen: la direcci\u00f3n IP, el navegador utilizado, la duraci\u00f3n de la navegaci\u00f3n, el historial de b\u00fasquedas, el sistema operativo utilizado, el idioma y las p\u00e1ginas visitadas.<\/li><li>Datos relativos a sus visitas a nuestros Sitios, incluidos los datos de tr\u00e1fico, los archivos de registro y otros datos o recursos de comunicaci\u00f3n que utiliza al acceder a nuestros Sitios.<\/li><li>Datos relativos a los pedidos: su direcci\u00f3n postal es necesaria para la emisi\u00f3n de facturas.<\/li><li>Del mismo modo, deber\u00e1 facilitar sus datos bancarios para proceder al pago de su pedido.<\/li><li>Datos relativos al uso de las redes sociales cuando utiliza sus funciones.<\/li><li>Los datos pueden recopilarse de diferentes maneras. Los datos pueden recopilarse de forma directa cuando nos los transfiere a trav\u00e9s de los formularios de contacto y de creaci\u00f3n de cuentas de usuario, de suscripci\u00f3n al bolet\u00edn informativo disponibles en el sitio web y\/o comunicados cuando se pone en contacto con nosotros por tel\u00e9fono.<\/li><\/ul><p>Cuando se pone en contacto con nosotros a trav\u00e9s de estos diferentes medios, se realiza y archiva una copia de sus intercambios con Global Plus (Calc-out\u00ae), incluidas las direcciones de correo electr\u00f3nico.<\/p><p>Global Plus (Calc-out\u00ae) tambi\u00e9n recopila sus Datos de forma indirecta mediante cookies\/rastreadores. Le invitamos a leer nuestra Pol\u00edtica de cookies, destinada a ayudarle a comprender mejor estas tecnolog\u00edas y el uso que hacemos de ellas en nuestros Sitios y en el marco de nuestros servicios, aplicaciones y herramientas.<\/p><h5><strong>2. Uso de los datos<\/strong><\/h5><p>Toda la informaci\u00f3n que recopilamos sobre usted puede utilizarse para:<\/p><ul><li>Personalizar su experiencia y satisfacer sus necesidades individuales.<\/li><li>Proporcionar contenido publicitario personalizado.<\/li><li>Mejorar nuestro sitio web.<\/li><li>Mejorar el servicio de atenci\u00f3n al cliente y sus necesidades de asistencia.<\/li><li>Ponernos en contacto con usted por correo electr\u00f3nico.<\/li><li>Administrar un concurso, una promoci\u00f3n o una encuesta.<\/li><\/ul><h5><strong>3. Confidencialidad de los datos<\/strong><\/h5><p>Somos los \u00fanicos propietarios de la informaci\u00f3n recopilada en este sitio web. Su informaci\u00f3n personal no ser\u00e1 vendida, intercambiada, transferida ni cedida a otra empresa por ning\u00fan motivo sin su consentimiento, salvo en los casos en que sea necesario para responder a una solicitud y\/o transacci\u00f3n, como por ejemplo para enviar un pedido.<\/p><h5><strong>4. Periodo de conservaci\u00f3n de los datos<\/strong><\/h5><p>Global Plus (Calc-out\u00ae) solo conserva sus datos durante el tiempo necesario para los fines expuestos en el art\u00edculo 2. Este periodo de conservaci\u00f3n var\u00eda en funci\u00f3n de los datos en cuesti\u00f3n, ya que la naturaleza y la finalidad de la recopilaci\u00f3n pueden influir en su duraci\u00f3n. Del mismo modo, algunas obligaciones legales imponen un periodo de conservaci\u00f3n espec\u00edfico. Cuando se suscribe al bolet\u00edn informativo, conservamos su direcci\u00f3n de correo electr\u00f3nico hasta que se da de baja.<\/p><p>Cuando se pone en contacto con Global Plus (Calc-out\u00ae) a trav\u00e9s de los distintos formularios de contacto, correo electr\u00f3nico o nos llama por tel\u00e9fono, sus datos se conservar\u00e1n hasta cinco (5) a\u00f1os a partir del \u00faltimo contacto. En lo que respecta a su cuenta de usuario, sus datos de facturaci\u00f3n se conservan durante diez (10) a\u00f1os a partir de la fecha de compra. El resto de sus datos se conservar\u00e1n durante cinco (5) a\u00f1os a partir de su solicitud de desactivaci\u00f3n de su cuenta de usuario. Los datos de su tarjeta bancaria, para cualquier compra, se conservar\u00e1n durante trece (13) meses a partir de la fecha de d\u00e9bito, en caso de posibles disputas sobre la transacci\u00f3n. Cuando lo solicite, su cuenta de usuario del Sitio se desactivar\u00e1 y, posteriormente, se eliminar\u00e1 por completo al t\u00e9rmino de los plazos mencionados anteriormente a partir del d\u00eda en que haya formulado la solicitud.<\/p><p>Por \u00faltimo, en lo que respecta a los Datos recopilados mediante cookies o rastreadores, se conservar\u00e1n hasta seis (6) meses en el caso de las cookies o rastreadores que miden la audiencia y hasta trece (13) meses en el caso de los dem\u00e1s. M\u00e1s all\u00e1 de los plazos de conservaci\u00f3n mencionados anteriormente, sus Datos se anonimizar\u00e1n para ser conservados con fines exclusivamente estad\u00edsticos.<\/p><p><strong style=\"font-family: Montserrat, sans-serif; font-size: 1.4286em; letter-spacing: 0px;\">5. Protecci\u00f3n de datos personales.<\/strong><\/p><p>Implementamos una serie de medidas de seguridad para preservar la seguridad de su informaci\u00f3n personal. Utilizamos encriptaci\u00f3n de \u00faltima generaci\u00f3n para proteger la informaci\u00f3n confidencial transmitida en l\u00ednea. Tambi\u00e9n protegemos su informaci\u00f3n fuera de l\u00ednea. Solo los empleados que necesitan realizar un trabajo espec\u00edfico (por ejemplo, facturaci\u00f3n o atenci\u00f3n al cliente) tienen acceso a la informaci\u00f3n personal identificable. Los ordenadores y servidores utilizados para almacenar informaci\u00f3n personal identificable se mantienen en un entorno seguro.<\/p><h5><strong>6. \u00bfCu\u00e1les son sus derechos?<\/strong><\/h5><p>De conformidad con la ley belga de 8 de diciembre de 1992 relativa a la protecci\u00f3n de la privacidad en lo que respecta al tratamiento de datos personales y, a partir del 25 de mayo de 2018, al Reglamento Europeo 2016\/679 del Parlamento Europeo y del Consejo, de 27 de abril de 2016, relativo a la protecci\u00f3n de las personas f\u00edsicas en lo que respecta al tratamiento de datos personales y a la libre circulaci\u00f3n de estos datos, y por el que se deroga la Directiva 95\/46\/CE (Reglamento General de Protecci\u00f3n de Datos), los usuarios cuyos datos hayan sido recopilados tienen derecho a consultar dichos datos, solicitar su rectificaci\u00f3n o, si fuera necesario, su supresi\u00f3n.<\/p><p>Los usuarios tambi\u00e9n pueden oponerse al tratamiento de los datos que les conciernen. Estos derechos pueden ejercerse enviando una solicitud por escrito por correo electr\u00f3nico a la siguiente direcci\u00f3n:<\/p><p>Global Plus (Calc-out\u00ae)<br \/>Correo electr\u00f3nico: contact@calc-out.com<\/p><p>Las reclamaciones por incumplimiento de la normativa belga aplicable en materia de protecci\u00f3n de datos personales en este sitio web pueden dirigirse a la Comisi\u00f3n Belga de Protecci\u00f3n de la Privacidad, a la direcci\u00f3n commission@privacycommission.be.<\/p><p><strong style=\"font-family: Montserrat, sans-serif; font-size: 1.4286em; letter-spacing: 0px;\">7. Divulgaci\u00f3n a terceros<\/strong><\/p><p>No vendemos, intercambiamos ni transferimos su informaci\u00f3n personal identificable a terceros. Esto no incluye a terceros de confianza que nos ayudan a operar nuestro sitio web o a llevar a cabo nuestras actividades comerciales, siempre y cuando dichas partes se comprometan a mantener la confidencialidad de dicha informaci\u00f3n.<\/p><p>Creemos que es necesario compartir informaci\u00f3n para investigar, prevenir o tomar medidas con respecto a actividades ilegales, presuntos fraudes, situaciones que impliquen amenazas potenciales a la seguridad f\u00edsica de cualquier persona, violaciones de nuestras condiciones de uso o cuando la ley nos obligue a ello.<\/p><p>Sin embargo, la informaci\u00f3n no privada puede ser facilitada a otras partes con fines de marketing, publicidad u otros usos.<\/p><h5><strong>8. Cookies y otros rastreadores<\/strong><\/h5><p>Una \u00abcookie\u00bb es un peque\u00f1o archivo que se almacena en el disco duro de su ordenador cuando visita un sitio web o consulta un anuncio. Estas cookies se utilizan para mejorar su experiencia de usuario, ofreci\u00e9ndole servicios u ofertas que se ajustan a sus intereses. Puede rechazar su uso en cualquier momento configurando su navegador de Internet.<br \/>A continuaci\u00f3n se detallan la naturaleza y la finalidad de las cookies utilizadas por el sitio web. Algunas cookies son necesarias para determinadas funciones t\u00e9cnicas del sitio web y solo se almacenar\u00e1n durante un periodo limitado.<\/p><h6><strong><em>Tipos de cookies utilizadas<\/em><\/strong><\/h6><ul><li>Medici\u00f3n de audiencia (Google Analytics): Las herramientas de medici\u00f3n de audiencia se utilizan para obtener informaci\u00f3n sobre la navegaci\u00f3n de los visitantes. Su objetivo es permitir el an\u00e1lisis del comportamiento de navegaci\u00f3n en el sitio web con fines de optimizaci\u00f3n.<\/li><li>Botones sociales: Nuestro sitio web puede contener aplicaciones inform\u00e1ticas de terceros. Este puede ser el caso, en particular, de los botones\/enlaces con redes sociales (como los botones \u00abCompartir\u00bb y \u00abMe gusta\u00bb de redes sociales como Facebook, Twitter, etc.). Le invitamos a consultar su pol\u00edtica de gesti\u00f3n de cookies y, en particular, de protecci\u00f3n de la privacidad.<\/li><li>Publicidad: se trata de cookies utilizadas en nuestro sitio web o fuera de \u00e9l para mostrarle anuncios o enviarle informaci\u00f3n adaptada a sus intereses. Las cookies publicitarias se utilizan, en particular, para limitar el n\u00famero de veces que ve un anuncio y nos ayudan a medir la eficacia de una campa\u00f1a publicitaria.<\/li><\/ul><h6><strong><em>Gesti\u00f3n de cookies<\/em><\/strong><\/h6><p>Para aceptar o rechazar la instalaci\u00f3n de cookies, debe configurar su navegador de Internet. La configuraci\u00f3n de cada navegador es diferente, por lo que se describe en el men\u00fa de ayuda de su navegador, donde podr\u00e1 saber c\u00f3mo modificar sus preferencias en materia de cookies.<\/p><p>Puede desactivarlas de la siguiente manera:<\/p><p><strong>Internet Explorer<\/strong><\/p><ul><li>Seleccione el men\u00fa \u00abHerramientas\u00bb y, a continuaci\u00f3n, \u00abOpciones de Internet\u00bb.<\/li><li>Haga clic en la pesta\u00f1a \u00abPrivacidad\u00bb.<\/li><li>Seleccione el nivel deseado con el cursor.<\/li><\/ul><p><strong>Mozilla Firefox<\/strong><\/p><ul><li>Seleccione el men\u00fa \u00abHerramientas\u00bb y, a continuaci\u00f3n, \u00abOpciones\u00bb.<\/li><li>Haga clic en la pesta\u00f1a \u00abPrivacidad\u00bb.<\/li><li>En la lista desplegable \u00abReglas de conservaci\u00f3n\u00bb, seleccione el nivel deseado.<\/li><\/ul><p><strong>Google Chrome<\/strong><\/p><ul><li>Introduzca la direcci\u00f3n chrome:\/\/settings\/ en la barra de direcciones del navegador.<\/li><li>Haga clic en \u00abConfiguraci\u00f3n avanzada\u00bb, luego en \u00abConfiguraci\u00f3n de contenido\u00bb y, a continuaci\u00f3n, en \u00abCookies\u00bb.<\/li><li>Configure su navegador como desee.<\/li><\/ul><p><strong>Safari<\/strong><\/p><ul><li>Haga clic en el men\u00fa \u00abSafari\u00bb.<\/li><li>Haga clic en \u00abPreferencias\u00bb.<\/li><li>En la pesta\u00f1a \u00abSeguridad\u00bb, seleccione el nivel deseado.<\/li><\/ul><p>Tenga en cuenta que es posible que la eliminaci\u00f3n de las cookies dificulte o incluso imposibilite la navegaci\u00f3n.<\/p><h5><strong>9. Cancelar la suscripci\u00f3n<\/strong><\/h5><p>Utilizamos la direcci\u00f3n de correo electr\u00f3nico que nos proporciona para enviarle informaci\u00f3n y actualizaciones relacionadas con su pedido, noticias ocasionales de la empresa, informaci\u00f3n sobre productos relacionados, etc. Si en cualquier momento desea darse de baja y dejar de recibir correos electr\u00f3nicos, al final de cada correo electr\u00f3nico encontrar\u00e1 instrucciones detalladas para cancelar la suscripci\u00f3n.<\/p><h5><strong>10. Consentimiento<\/strong><\/h5><p>Al utilizar nuestro sitio web, usted acepta nuestra pol\u00edtica de privacidad.<\/p><h5><strong>11. Realizaci\u00f3n y alojamiento del sitio web<\/strong><\/h5><p>El sitio web calc-out.com ha sido realizado por:<\/p><p>L.M. SRL<br \/>Tel.: +32 (0) 56 33 08 31<br \/>Correo electr\u00f3nico: info@webiome.com<\/p><p>El sitio web est\u00e1 alojado en:<\/p><p>OVH.com<br \/>2 rue Kellermann<br \/>59100 Roubaix \u2013 Francia<br \/>Tel.: 0 899 498 765<\/p>\t\t\t\t\t\t<\/div>\n\t\t\t\t<\/div>\n\t\t\t\t<div class=\"elementor-element elementor-element-9a2d604 sc_height_large sc_fly_static elementor-widget elementor-widget-spacer\" data-id=\"9a2d604\" data-element_type=\"widget\" data-widget_type=\"spacer.default\">\n\t\t\t\t<div class=\"elementor-widget-container\">\n\t\t\t\t\t<div class=\"elementor-spacer\">\n\t\t\t<div class=\"elementor-spacer-inner\"><\/div>\n\t\t<\/div>\n\t\t\t\t<\/div>\n\t\t\t\t<\/div>\n\t\t\t\t\t<\/div>\n\t\t<\/div>\n\t\t\t\t\t<\/div>\n\t\t<\/section>\n\t\t\t\t<\/div>\n\t\t","protected":false},"excerpt":{"rendered":"<p>Es normal que le d\u00e9 especial importancia a la forma en que se obtienen, utilizan y comparten sus datos. La presente pol\u00edtica de protecci\u00f3n de datos personales (la \u00abPol\u00edtica\u00bb) ilustra&hellip;<\/p>\n","protected":false},"author":3,"featured_media":0,"parent":0,"menu_order":0,"comment_status":"closed","ping_status":"closed","template":"","meta":{"footnotes":""},"class_list":["post-25938","page","type-page","status-publish","hentry"],"yoast_head":"<!-- This site is optimized with the Yoast SEO plugin v24.0 - https:\/\/yoast.com\/wordpress\/plugins\/seo\/ -->\n<title>Confidencialidad - Calc-Out<\/title>\n<meta name=\"robots\" content=\"noindex, nofollow\" \/>\n<meta property=\"og:locale\" content=\"es_ES\" \/>\n<meta property=\"og:type\" content=\"article\" \/>\n<meta property=\"og:title\" content=\"Confidencialidad - Calc-Out\" \/>\n<meta property=\"og:description\" content=\"Es normal que le d\u00e9 especial importancia a la forma en que se obtienen, utilizan y comparten sus datos. La presente pol\u00edtica de protecci\u00f3n de datos personales (la \u00abPol\u00edtica\u00bb) ilustra&hellip;\" \/>\n<meta property=\"og:url\" content=\"https:\/\/calc-out.com\/es\/confidencialidad\/\" \/>\n<meta property=\"og:site_name\" content=\"Calc-Out\" \/>\n<meta property=\"article:publisher\" content=\"https:\/\/www.facebook.com\/CalcOut\" \/>\n<meta property=\"article:modified_time\" content=\"2025-09-11T14:33:08+00:00\" \/>\n<meta name=\"twitter:card\" content=\"summary_large_image\" \/>\n<meta name=\"twitter:label1\" content=\"Tiempo de lectura\" \/>\n\t<meta name=\"twitter:data1\" content=\"10 minutos\" \/>\n<script type=\"application\/ld+json\" class=\"yoast-schema-graph\">{\"@context\":\"https:\/\/schema.org\",\"@graph\":[{\"@type\":\"WebPage\",\"@id\":\"https:\/\/calc-out.com\/es\/confidencialidad\/\",\"url\":\"https:\/\/calc-out.com\/es\/confidencialidad\/\",\"name\":\"Confidencialidad - Calc-Out\",\"isPartOf\":{\"@id\":\"https:\/\/calc-out.com\/es\/#website\"},\"datePublished\":\"2024-12-11T12:07:23+00:00\",\"dateModified\":\"2025-09-11T14:33:08+00:00\",\"breadcrumb\":{\"@id\":\"https:\/\/calc-out.com\/es\/confidencialidad\/#breadcrumb\"},\"inLanguage\":\"es\",\"potentialAction\":[{\"@type\":\"ReadAction\",\"target\":[\"https:\/\/calc-out.com\/es\/confidencialidad\/\"]}]},{\"@type\":\"BreadcrumbList\",\"@id\":\"https:\/\/calc-out.com\/es\/confidencialidad\/#breadcrumb\",\"itemListElement\":[{\"@type\":\"ListItem\",\"position\":1,\"name\":\"Accueil\",\"item\":\"https:\/\/calc-out.com\/es\/\"},{\"@type\":\"ListItem\",\"position\":2,\"name\":\"Confidencialidad\"}]},{\"@type\":\"WebSite\",\"@id\":\"https:\/\/calc-out.com\/es\/#website\",\"url\":\"https:\/\/calc-out.com\/es\/\",\"name\":\"Calc-Out\",\"description\":\"\",\"publisher\":{\"@id\":\"https:\/\/calc-out.com\/es\/#organization\"},\"potentialAction\":[{\"@type\":\"SearchAction\",\"target\":{\"@type\":\"EntryPoint\",\"urlTemplate\":\"https:\/\/calc-out.com\/es\/?s={search_term_string}\"},\"query-input\":{\"@type\":\"PropertyValueSpecification\",\"valueRequired\":true,\"valueName\":\"search_term_string\"}}],\"inLanguage\":\"es\"},{\"@type\":\"Organization\",\"@id\":\"https:\/\/calc-out.com\/es\/#organization\",\"name\":\"Calc-Out\",\"url\":\"https:\/\/calc-out.com\/es\/\",\"logo\":{\"@type\":\"ImageObject\",\"inLanguage\":\"es\",\"@id\":\"https:\/\/calc-out.com\/es\/#\/schema\/logo\/image\/\",\"url\":\"https:\/\/calc-out.com\/wp-content\/uploads\/2024\/10\/logo-calcout.jpg\",\"contentUrl\":\"https:\/\/calc-out.com\/wp-content\/uploads\/2024\/10\/logo-calcout.jpg\",\"width\":201,\"height\":62,\"caption\":\"Calc-Out\"},\"image\":{\"@id\":\"https:\/\/calc-out.com\/es\/#\/schema\/logo\/image\/\"},\"sameAs\":[\"https:\/\/www.facebook.com\/CalcOut\"]}]}<\/script>\n<!-- \/ Yoast SEO plugin. -->","yoast_head_json":{"title":"Confidencialidad - Calc-Out","robots":{"index":"noindex","follow":"nofollow"},"og_locale":"es_ES","og_type":"article","og_title":"Confidencialidad - Calc-Out","og_description":"Es normal que le d\u00e9 especial importancia a la forma en que se obtienen, utilizan y comparten sus datos. La presente pol\u00edtica de protecci\u00f3n de datos personales (la \u00abPol\u00edtica\u00bb) ilustra&hellip;","og_url":"https:\/\/calc-out.com\/es\/confidencialidad\/","og_site_name":"Calc-Out","article_publisher":"https:\/\/www.facebook.com\/CalcOut","article_modified_time":"2025-09-11T14:33:08+00:00","twitter_card":"summary_large_image","twitter_misc":{"Tiempo de lectura":"10 minutos"},"schema":{"@context":"https:\/\/schema.org","@graph":[{"@type":"WebPage","@id":"https:\/\/calc-out.com\/es\/confidencialidad\/","url":"https:\/\/calc-out.com\/es\/confidencialidad\/","name":"Confidencialidad - Calc-Out","isPartOf":{"@id":"https:\/\/calc-out.com\/es\/#website"},"datePublished":"2024-12-11T12:07:23+00:00","dateModified":"2025-09-11T14:33:08+00:00","breadcrumb":{"@id":"https:\/\/calc-out.com\/es\/confidencialidad\/#breadcrumb"},"inLanguage":"es","potentialAction":[{"@type":"ReadAction","target":["https:\/\/calc-out.com\/es\/confidencialidad\/"]}]},{"@type":"BreadcrumbList","@id":"https:\/\/calc-out.com\/es\/confidencialidad\/#breadcrumb","itemListElement":[{"@type":"ListItem","position":1,"name":"Accueil","item":"https:\/\/calc-out.com\/es\/"},{"@type":"ListItem","position":2,"name":"Confidencialidad"}]},{"@type":"WebSite","@id":"https:\/\/calc-out.com\/es\/#website","url":"https:\/\/calc-out.com\/es\/","name":"Calc-Out","description":"","publisher":{"@id":"https:\/\/calc-out.com\/es\/#organization"},"potentialAction":[{"@type":"SearchAction","target":{"@type":"EntryPoint","urlTemplate":"https:\/\/calc-out.com\/es\/?s={search_term_string}"},"query-input":{"@type":"PropertyValueSpecification","valueRequired":true,"valueName":"search_term_string"}}],"inLanguage":"es"},{"@type":"Organization","@id":"https:\/\/calc-out.com\/es\/#organization","name":"Calc-Out","url":"https:\/\/calc-out.com\/es\/","logo":{"@type":"ImageObject","inLanguage":"es","@id":"https:\/\/calc-out.com\/es\/#\/schema\/logo\/image\/","url":"https:\/\/calc-out.com\/wp-content\/uploads\/2024\/10\/logo-calcout.jpg","contentUrl":"https:\/\/calc-out.com\/wp-content\/uploads\/2024\/10\/logo-calcout.jpg","width":201,"height":62,"caption":"Calc-Out"},"image":{"@id":"https:\/\/calc-out.com\/es\/#\/schema\/logo\/image\/"},"sameAs":["https:\/\/www.facebook.com\/CalcOut"]}]}},"_links":{"self":[{"href":"https:\/\/calc-out.com\/es\/wp-json\/wp\/v2\/pages\/25938","targetHints":{"allow":["GET"]}}],"collection":[{"href":"https:\/\/calc-out.com\/es\/wp-json\/wp\/v2\/pages"}],"about":[{"href":"https:\/\/calc-out.com\/es\/wp-json\/wp\/v2\/types\/page"}],"author":[{"embeddable":true,"href":"https:\/\/calc-out.com\/es\/wp-json\/wp\/v2\/users\/3"}],"replies":[{"embeddable":true,"href":"https:\/\/calc-out.com\/es\/wp-json\/wp\/v2\/comments?post=25938"}],"version-history":[{"count":5,"href":"https:\/\/calc-out.com\/es\/wp-json\/wp\/v2\/pages\/25938\/revisions"}],"predecessor-version":[{"id":25944,"href":"https:\/\/calc-out.com\/es\/wp-json\/wp\/v2\/pages\/25938\/revisions\/25944"}],"wp:attachment":[{"href":"https:\/\/calc-out.com\/es\/wp-json\/wp\/v2\/media?parent=25938"}],"curies":[{"name":"wp","href":"https:\/\/api.w.org\/{rel}","templated":true}]}}