{"id":26279,"date":"2024-12-11T11:19:19","date_gmt":"2024-12-11T11:19:19","guid":{"rendered":"https:\/\/calc-out.com\/mentions-legales\/"},"modified":"2025-09-23T13:17:14","modified_gmt":"2025-09-23T13:17:14","slug":"impressum","status":"publish","type":"page","link":"https:\/\/calc-out.com\/de\/impressum\/","title":{"rendered":"Impressum"},"content":{"rendered":"\t\t<div data-elementor-type=\"wp-page\" data-elementor-id=\"26279\" class=\"elementor elementor-26279 elementor-24972\">\n\t\t\t\t\t\t<section class=\"elementor-section elementor-top-section elementor-element elementor-element-565810c scheme_default elementor-section-boxed elementor-section-height-default elementor-section-height-default sc_fly_static\" data-id=\"565810c\" data-element_type=\"section\" data-settings=\"{&quot;background_background&quot;:&quot;classic&quot;}\">\n\t\t\t\t\t\t\t<div class=\"elementor-background-overlay\"><\/div>\n\t\t\t\t\t\t\t<div class=\"elementor-container elementor-column-gap-extended\">\n\t\t\t\t\t<div class=\"elementor-column elementor-col-100 elementor-top-column elementor-element elementor-element-e7ff7c7 sc_content_align_inherit sc_layouts_column_icons_position_left sc_fly_static\" data-id=\"e7ff7c7\" data-element_type=\"column\">\n\t\t\t<div class=\"elementor-widget-wrap elementor-element-populated\">\n\t\t\t\t\t\t<div class=\"elementor-element elementor-element-f747c3a sc_height_large sc_fly_static elementor-widget elementor-widget-spacer\" data-id=\"f747c3a\" data-element_type=\"widget\" data-widget_type=\"spacer.default\">\n\t\t\t\t<div class=\"elementor-widget-container\">\n\t\t\t\t\t<div class=\"elementor-spacer\">\n\t\t\t<div class=\"elementor-spacer-inner\"><\/div>\n\t\t<\/div>\n\t\t\t\t<\/div>\n\t\t\t\t<\/div>\n\t\t\t\t<div class=\"elementor-element elementor-element-190b92c sc_fly_static elementor-widget elementor-widget-text-editor\" data-id=\"190b92c\" data-element_type=\"widget\" data-widget_type=\"text-editor.default\">\n\t\t\t\t<div class=\"elementor-widget-container\">\n\t\t\t\t\t\t\tDie vorliegende Website <a href=\"https:\/\/www.calc-out.com\">https:\/\/www.calc-out.com\/be\/fr<\/a> wird von der Firma Global Plus (Calc-out\u00ae) herausgegeben.\n<ul>\n     <li>Umsatzsteuer-Identifikationsnummer: BE0846.948.471<\/li>\n<\/ul>\nVerantwortlicher Herausgeber dieser Website ist Ermes Togni.\n\nDie Verwaltung wird L.M. SRL \u00fcbertragen.\n\nDie Website wird von OVH.com mit Sitz in 2 rue Kellerman, 59100 Roubaix (Frankreich) gehostet.\n<h5><strong>Zugang zur Website<\/strong><\/h5>\nDer Nutzer dieser Website best\u00e4tigt, \u00fcber die erforderlichen Kompetenzen und Mittel zu verf\u00fcgen, um auf diese Website zuzugreifen und sie zu nutzen. Es sei daran erinnert, dass der betr\u00fcgerische Zugriff auf oder Verbleib in einem Computersystem, die Behinderung oder Verf\u00e4lschung des Betriebs eines solchen Systems sowie die betr\u00fcgerische Eingabe oder \u00c4nderung von Daten in einem Computersystem Straftaten darstellen, die strafrechtlich verfolgt werden k\u00f6nnen.\n<h5><strong>Rechte an geistigem und gewerblichem Eigentum<\/strong><\/h5>\nDie Website <a href=\"https:\/\/www.calc-out.com\">https:\/\/www.calc-out.com\/be\/fr<\/a> ist sowohl ein urheberrechtlich gesch\u00fctztes Werk als auch eine Datenbank, an der Global Plus (Calc-out\u00ae) das Urheberrecht und die Rechte als Hersteller besitzt. Die Texte, das Layout, die Zeichnungen, Fotos, Filme, Grafiken und sonstigen Elemente dieser Website sind urheberrechtlich gesch\u00fctzt. Jede Vervielf\u00e4ltigung, Bearbeitung, \u00dcbersetzung, Anpassung, \u00f6ffentliche Wiedergabe, Vermietung und sonstige Verwertung, \u00c4nderung der gesamten Website oder von Teilen davon in jeglicher Form und mit jeglichen Mitteln, sei es elektronisch, mechanisch oder anderweitig, ist ohne vorherige schriftliche Zustimmung von Global Plus (Calc-out\u00ae) strengstens untersagt. Der Inhalt der Datenbank ist durch ein sui generis-Recht gesch\u00fctzt, das es dem Hersteller erlaubt, jede Entnahme und\/oder Wiederverwendung des gesamten oder eines Teils dieses Inhalts zu untersagen. Jeder Versto\u00df gegen diese Rechte kann zivil- oder strafrechtlich verfolgt werden.\n<h5><strong>Warnhinweis zu den auf der Website bereitgestellten Informationen<\/strong><\/h5>\nGlobal Plus (Calc-out\u00ae) widmet der Erstellung und Aktualisierung der Website gr\u00f6\u00dfte Sorgfalt. Global Plus (Calc-out\u00ae), Herausgeber dieser Website, bem\u00fcht sich nach besten Kr\u00e4ften, die Richtigkeit und Aktualit\u00e4t der auf der Website ver\u00f6ffentlichten Informationen zum Zeitpunkt ihrer Online-Ver\u00f6ffentlichung sicherzustellen. Er \u00fcbernimmt jedoch keinerlei Gew\u00e4hr f\u00fcr die Richtigkeit, Genauigkeit oder Vollst\u00e4ndigkeit der auf der Website bereitgestellten Informationen und beh\u00e4lt sich das Recht vor, den Inhalt der auf der Website ver\u00f6ffentlichten Informationen und Dokumente jederzeit und ohne vorherige Ank\u00fcndigung zu \u00e4ndern oder zu korrigieren.\n\nGlobal Plus (Calc-out\u00ae) lehnt jede Verantwortung f\u00fcr Ungenauigkeiten, Unrichtigkeiten, Auslassungen oder \u00c4nderungen der auf dieser Website verf\u00fcgbaren Informationen ab, insbesondere im Falle von \u00c4nderungen der administrativen und rechtlichen Bestimmungen, sowie f\u00fcr alle Sch\u00e4den, die durch betr\u00fcgerisches Eindringen Dritter entstehen, insbesondere wenn dies zu einer \u00c4nderung der auf dieser Website bereitgestellten Informationen f\u00fchren k\u00f6nnte. In diesem Zusammenhang kann Global Plus (Calc-out\u00ae) nicht f\u00fcr den Inhalt dieser Seiten und deren Nutzung durch den Internetnutzer haftbar gemacht werden, d. h. f\u00fcr direkte oder indirekte Sch\u00e4den, die durch den Zugriff oder die Nutzung der Website durch Dritte oder durch die Unm\u00f6glichkeit des Zugriffs auf die Website entstehen. Dar\u00fcber hinaus kann Global Plus (Calc-out\u00ae) in keinem Fall f\u00fcr Sch\u00e4den haftbar gemacht werden, die sich aus der Interpretation und\/oder Nutzung der auf dieser Website verf\u00fcgbaren Informationen ergeben.\n<h5><strong>Hypertext-Links<\/strong><\/h5>\nUnsere Website enth\u00e4lt Hypertext-Links, die den Zugriff auf Websites erm\u00f6glichen, die nicht von Global Plus (Calc-out\u00ae) herausgegeben werden. Daher kann Global Plus (Calc-out\u00ae) nicht f\u00fcr den Inhalt der Websites verantwortlich gemacht werden, auf die der Internetnutzer auf diese Weise Zugriff hat. Global Plus (Calc-out\u00ae) ist weder f\u00fcr die vollst\u00e4ndige Einhaltung der Normen der \u00f6ffentlichen Ordnung und der guten Sitten einerseits noch f\u00fcr deren Datenschutzpolitik oder die Verwendung der personenbezogenen Daten andererseits verantwortlich.\n\nDurch den Zugriff auf eine andere Website \u00fcber einen Hyperlink akzeptiert der Nutzer, dass dieser Zugriff auf eigene Gefahr erfolgt. Folglich kann Global Plus (Calc-out\u00ae) nicht f\u00fcr direkte oder indirekte Sch\u00e4den haftbar gemacht werden, die sich aus dem Zugriff auf eine andere Website \u00fcber einen Hyperlink ergeben. Schlie\u00dflich muss die Einrichtung von Hypertext-Links zu unserer Website zuvor vom Herausgeber genehmigt werden.\n<h5><strong>\u00c4nderung dieser Hinweise und anwendbares Recht<\/strong><\/h5>\nEs gilt belgisches Recht. Global Plus (Calc-out\u00ae) beh\u00e4lt sich das Recht vor, diese Hinweise jederzeit und ohne Vorank\u00fcndigung zu \u00e4ndern oder zu erg\u00e4nzen.\t\t\t\t\t\t<\/div>\n\t\t\t\t<\/div>\n\t\t\t\t<div class=\"elementor-element elementor-element-9a2d604 sc_height_large sc_fly_static elementor-widget elementor-widget-spacer\" data-id=\"9a2d604\" data-element_type=\"widget\" data-widget_type=\"spacer.default\">\n\t\t\t\t<div class=\"elementor-widget-container\">\n\t\t\t\t\t<div class=\"elementor-spacer\">\n\t\t\t<div class=\"elementor-spacer-inner\"><\/div>\n\t\t<\/div>\n\t\t\t\t<\/div>\n\t\t\t\t<\/div>\n\t\t\t\t\t<\/div>\n\t\t<\/div>\n\t\t\t\t\t<\/div>\n\t\t<\/section>\n\t\t\t\t<\/div>\n\t\t","protected":false},"excerpt":{"rendered":"<p>Die vorliegende Website https:\/\/www.calc-out.com\/be\/fr wird von der Firma Global Plus (Calc-out\u00ae) herausgegeben. Umsatzsteuer-Identifikationsnummer: BE0846.948.471 Verantwortlicher Herausgeber dieser Website ist Ermes Togni. Die Verwaltung wird L.M. SRL \u00fcbertragen. Die Website wird&hellip;<\/p>\n","protected":false},"author":3,"featured_media":0,"parent":0,"menu_order":0,"comment_status":"closed","ping_status":"closed","template":"","meta":{"footnotes":""},"class_list":["post-26279","page","type-page","status-publish","hentry"],"yoast_head":"<!-- This site is optimized with the Yoast SEO plugin v24.0 - https:\/\/yoast.com\/wordpress\/plugins\/seo\/ -->\n<title>Impressum - Calc-Out<\/title>\n<meta name=\"robots\" content=\"noindex, nofollow\" \/>\n<meta property=\"og:locale\" content=\"de_DE\" \/>\n<meta property=\"og:type\" content=\"article\" \/>\n<meta property=\"og:title\" content=\"Impressum - Calc-Out\" \/>\n<meta property=\"og:description\" content=\"Die vorliegende Website https:\/\/www.calc-out.com\/be\/fr wird von der Firma Global Plus (Calc-out\u00ae) herausgegeben. Umsatzsteuer-Identifikationsnummer: BE0846.948.471 Verantwortlicher Herausgeber dieser Website ist Ermes Togni. Die Verwaltung wird L.M. SRL \u00fcbertragen. Die Website wird&hellip;\" \/>\n<meta property=\"og:url\" content=\"https:\/\/calc-out.com\/de\/impressum\/\" \/>\n<meta property=\"og:site_name\" content=\"Calc-Out\" \/>\n<meta property=\"article:publisher\" content=\"https:\/\/www.facebook.com\/CalcOut\" \/>\n<meta property=\"article:modified_time\" content=\"2025-09-23T13:17:14+00:00\" \/>\n<meta name=\"twitter:card\" content=\"summary_large_image\" \/>\n<meta name=\"twitter:label1\" content=\"Gesch\u00e4tzte Lesezeit\" \/>\n\t<meta name=\"twitter:data1\" content=\"4\u00a0Minuten\" \/>\n<script type=\"application\/ld+json\" class=\"yoast-schema-graph\">{\"@context\":\"https:\/\/schema.org\",\"@graph\":[{\"@type\":\"WebPage\",\"@id\":\"https:\/\/calc-out.com\/de\/impressum\/\",\"url\":\"https:\/\/calc-out.com\/de\/impressum\/\",\"name\":\"Impressum - Calc-Out\",\"isPartOf\":{\"@id\":\"https:\/\/calc-out.com\/de\/#website\"},\"datePublished\":\"2024-12-11T11:19:19+00:00\",\"dateModified\":\"2025-09-23T13:17:14+00:00\",\"breadcrumb\":{\"@id\":\"https:\/\/calc-out.com\/de\/impressum\/#breadcrumb\"},\"inLanguage\":\"de\",\"potentialAction\":[{\"@type\":\"ReadAction\",\"target\":[\"https:\/\/calc-out.com\/de\/impressum\/\"]}]},{\"@type\":\"BreadcrumbList\",\"@id\":\"https:\/\/calc-out.com\/de\/impressum\/#breadcrumb\",\"itemListElement\":[{\"@type\":\"ListItem\",\"position\":1,\"name\":\"Accueil\",\"item\":\"https:\/\/calc-out.com\/de\/\"},{\"@type\":\"ListItem\",\"position\":2,\"name\":\"Impressum\"}]},{\"@type\":\"WebSite\",\"@id\":\"https:\/\/calc-out.com\/de\/#website\",\"url\":\"https:\/\/calc-out.com\/de\/\",\"name\":\"Calc-Out\",\"description\":\"\",\"publisher\":{\"@id\":\"https:\/\/calc-out.com\/de\/#organization\"},\"potentialAction\":[{\"@type\":\"SearchAction\",\"target\":{\"@type\":\"EntryPoint\",\"urlTemplate\":\"https:\/\/calc-out.com\/de\/?s={search_term_string}\"},\"query-input\":{\"@type\":\"PropertyValueSpecification\",\"valueRequired\":true,\"valueName\":\"search_term_string\"}}],\"inLanguage\":\"de\"},{\"@type\":\"Organization\",\"@id\":\"https:\/\/calc-out.com\/de\/#organization\",\"name\":\"Calc-Out\",\"url\":\"https:\/\/calc-out.com\/de\/\",\"logo\":{\"@type\":\"ImageObject\",\"inLanguage\":\"de\",\"@id\":\"https:\/\/calc-out.com\/de\/#\/schema\/logo\/image\/\",\"url\":\"https:\/\/calc-out.com\/wp-content\/uploads\/2024\/10\/logo-calcout.jpg\",\"contentUrl\":\"https:\/\/calc-out.com\/wp-content\/uploads\/2024\/10\/logo-calcout.jpg\",\"width\":201,\"height\":62,\"caption\":\"Calc-Out\"},\"image\":{\"@id\":\"https:\/\/calc-out.com\/de\/#\/schema\/logo\/image\/\"},\"sameAs\":[\"https:\/\/www.facebook.com\/CalcOut\"]}]}<\/script>\n<!-- \/ Yoast SEO plugin. -->","yoast_head_json":{"title":"Impressum - Calc-Out","robots":{"index":"noindex","follow":"nofollow"},"og_locale":"de_DE","og_type":"article","og_title":"Impressum - Calc-Out","og_description":"Die vorliegende Website https:\/\/www.calc-out.com\/be\/fr wird von der Firma Global Plus (Calc-out\u00ae) herausgegeben. Umsatzsteuer-Identifikationsnummer: BE0846.948.471 Verantwortlicher Herausgeber dieser Website ist Ermes Togni. Die Verwaltung wird L.M. SRL \u00fcbertragen. Die Website wird&hellip;","og_url":"https:\/\/calc-out.com\/de\/impressum\/","og_site_name":"Calc-Out","article_publisher":"https:\/\/www.facebook.com\/CalcOut","article_modified_time":"2025-09-23T13:17:14+00:00","twitter_card":"summary_large_image","twitter_misc":{"Gesch\u00e4tzte Lesezeit":"4\u00a0Minuten"},"schema":{"@context":"https:\/\/schema.org","@graph":[{"@type":"WebPage","@id":"https:\/\/calc-out.com\/de\/impressum\/","url":"https:\/\/calc-out.com\/de\/impressum\/","name":"Impressum - Calc-Out","isPartOf":{"@id":"https:\/\/calc-out.com\/de\/#website"},"datePublished":"2024-12-11T11:19:19+00:00","dateModified":"2025-09-23T13:17:14+00:00","breadcrumb":{"@id":"https:\/\/calc-out.com\/de\/impressum\/#breadcrumb"},"inLanguage":"de","potentialAction":[{"@type":"ReadAction","target":["https:\/\/calc-out.com\/de\/impressum\/"]}]},{"@type":"BreadcrumbList","@id":"https:\/\/calc-out.com\/de\/impressum\/#breadcrumb","itemListElement":[{"@type":"ListItem","position":1,"name":"Accueil","item":"https:\/\/calc-out.com\/de\/"},{"@type":"ListItem","position":2,"name":"Impressum"}]},{"@type":"WebSite","@id":"https:\/\/calc-out.com\/de\/#website","url":"https:\/\/calc-out.com\/de\/","name":"Calc-Out","description":"","publisher":{"@id":"https:\/\/calc-out.com\/de\/#organization"},"potentialAction":[{"@type":"SearchAction","target":{"@type":"EntryPoint","urlTemplate":"https:\/\/calc-out.com\/de\/?s={search_term_string}"},"query-input":{"@type":"PropertyValueSpecification","valueRequired":true,"valueName":"search_term_string"}}],"inLanguage":"de"},{"@type":"Organization","@id":"https:\/\/calc-out.com\/de\/#organization","name":"Calc-Out","url":"https:\/\/calc-out.com\/de\/","logo":{"@type":"ImageObject","inLanguage":"de","@id":"https:\/\/calc-out.com\/de\/#\/schema\/logo\/image\/","url":"https:\/\/calc-out.com\/wp-content\/uploads\/2024\/10\/logo-calcout.jpg","contentUrl":"https:\/\/calc-out.com\/wp-content\/uploads\/2024\/10\/logo-calcout.jpg","width":201,"height":62,"caption":"Calc-Out"},"image":{"@id":"https:\/\/calc-out.com\/de\/#\/schema\/logo\/image\/"},"sameAs":["https:\/\/www.facebook.com\/CalcOut"]}]}},"_links":{"self":[{"href":"https:\/\/calc-out.com\/de\/wp-json\/wp\/v2\/pages\/26279","targetHints":{"allow":["GET"]}}],"collection":[{"href":"https:\/\/calc-out.com\/de\/wp-json\/wp\/v2\/pages"}],"about":[{"href":"https:\/\/calc-out.com\/de\/wp-json\/wp\/v2\/types\/page"}],"author":[{"embeddable":true,"href":"https:\/\/calc-out.com\/de\/wp-json\/wp\/v2\/users\/3"}],"replies":[{"embeddable":true,"href":"https:\/\/calc-out.com\/de\/wp-json\/wp\/v2\/comments?post=26279"}],"version-history":[{"count":4,"href":"https:\/\/calc-out.com\/de\/wp-json\/wp\/v2\/pages\/26279\/revisions"}],"predecessor-version":[{"id":26285,"href":"https:\/\/calc-out.com\/de\/wp-json\/wp\/v2\/pages\/26279\/revisions\/26285"}],"wp:attachment":[{"href":"https:\/\/calc-out.com\/de\/wp-json\/wp\/v2\/media?parent=26279"}],"curies":[{"name":"wp","href":"https:\/\/api.w.org\/{rel}","templated":true}]}}