{"id":26217,"date":"2024-12-11T12:07:23","date_gmt":"2024-12-11T12:07:23","guid":{"rendered":"https:\/\/calc-out.com\/confidentialite\/"},"modified":"2025-09-23T11:56:01","modified_gmt":"2025-09-23T11:56:01","slug":"datenschutz","status":"publish","type":"page","link":"https:\/\/calc-out.com\/de\/datenschutz\/","title":{"rendered":"Datenschutz"},"content":{"rendered":"\t\t<div data-elementor-type=\"wp-page\" data-elementor-id=\"26217\" class=\"elementor elementor-26217 elementor-25042\">\n\t\t\t\t\t\t<section class=\"elementor-section elementor-top-section elementor-element elementor-element-565810c scheme_default elementor-section-boxed elementor-section-height-default elementor-section-height-default sc_fly_static\" data-id=\"565810c\" data-element_type=\"section\" data-settings=\"{&quot;background_background&quot;:&quot;classic&quot;}\">\n\t\t\t\t\t\t\t<div class=\"elementor-background-overlay\"><\/div>\n\t\t\t\t\t\t\t<div class=\"elementor-container elementor-column-gap-extended\">\n\t\t\t\t\t<div class=\"elementor-column elementor-col-100 elementor-top-column elementor-element elementor-element-e7ff7c7 sc_content_align_inherit sc_layouts_column_icons_position_left sc_fly_static\" data-id=\"e7ff7c7\" data-element_type=\"column\">\n\t\t\t<div class=\"elementor-widget-wrap elementor-element-populated\">\n\t\t\t\t\t\t<div class=\"elementor-element elementor-element-f747c3a sc_height_large sc_fly_static elementor-widget elementor-widget-spacer\" data-id=\"f747c3a\" data-element_type=\"widget\" data-widget_type=\"spacer.default\">\n\t\t\t\t<div class=\"elementor-widget-container\">\n\t\t\t\t\t<div class=\"elementor-spacer\">\n\t\t\t<div class=\"elementor-spacer-inner\"><\/div>\n\t\t<\/div>\n\t\t\t\t<\/div>\n\t\t\t\t<\/div>\n\t\t\t\t<div class=\"elementor-element elementor-element-190b92c sc_fly_static elementor-widget elementor-widget-text-editor\" data-id=\"190b92c\" data-element_type=\"widget\" data-widget_type=\"text-editor.default\">\n\t\t\t\t<div class=\"elementor-widget-container\">\n\t\t\t\t\t\t\tEs ist normal, dass Sie besonderen Wert darauf legen, wie Ihre Daten erfasst, verwendet und weitergegeben werden.\n\nDie vorliegende Datenschutzerkl\u00e4rung (die \u201eErkl\u00e4rung\u201c) verdeutlicht die Verpflichtung von Ermes Togni \u2013 Soci\u00e9t\u00e9 Global Plus (Calc-out\u00ae) unter der Nummer BE0846.948.471 als Verantwortlicher f\u00fcr die Verarbeitung in Bezug auf die Achtung der Privatsph\u00e4re und den Schutz der personenbezogenen Daten seiner Nutzer und Kunden.\n\nDie vorliegende Datenschutzerkl\u00e4rung (die \u201eErkl\u00e4rung\u201d) wurde verfasst, um Ihnen die Praktiken und Bedingungen, unter denen Global Plus (Calc-out\u00ae) Ihre personenbezogenen Daten (die \u201eDaten\u201d) erhebt, verwendet und speichert, n\u00e4her zu bringen.\n\nDarin finden Sie die verschiedenen Daten, die wir erfassen und verarbeiten k\u00f6nnen oder die Sie uns \u00fcbermitteln k\u00f6nnen, wenn Sie auf unsere Website zugreifen und\/oder diese nutzen.\n\nAngesichts der st\u00e4ndigen Weiterentwicklung der Gesetze und Vorschriften im Bereich Technologie und Schutz personenbezogener Daten ist es wahrscheinlich, dass diese Richtlinie aktualisiert wird.\n\nWenn Sie den Newsletter dieser Website abonniert haben, werden Sie per E-Mail \u00fcber etwaige \u00c4nderungen informiert. Sollte eine der Bestimmungen dieser Richtlinie f\u00fcr ung\u00fcltig oder rechtswidrig erkl\u00e4rt werden, gilt sie als nicht geschrieben, ohne dass dies die G\u00fcltigkeit der \u00fcbrigen Bestimmungen dieser Richtlinie beeintr\u00e4chtigt.\n\n\nDie vorliegende Richtlinie gilt f\u00fcr Daten, die erfasst werden:\n<ul>\n     <li>\u00fcber die Website;<\/li>\n     <li>\u00fcber den E-Mail-Verkehr zwischen Global Plus (Calc-out\u00ae) und Ihnen oder \u00fcber andere E-Mail-Tools;<\/li>\n     <li>wenn Sie ein Benutzerkonto auf der Website erstellen;<\/li>\n \t<li>Wenn Sie sich f\u00fcr den Newsletter der Website (der \u201eNewsletter\u201d) anmelden. <\/li>\n<\/ul>\nSie gilt nicht f\u00fcr Informationen, die von Dritten oder \u00fcber von Dritten betriebene Websites erfasst werden, einschlie\u00dflich \u00fcber Anwendungen oder Inhalte (einschlie\u00dflich Werbung), die den Nutzer auf die Websites weiterleiten.\n\nWir bitten Sie, die Richtlinie sorgf\u00e4ltig zu lesen, um unsere Praktiken hinsichtlich der Verarbeitung Ihrer Daten klar zu verstehen, und weisen Sie darauf hin, dass der Besuch und\/oder die Nutzung unserer Websites zwangsl\u00e4ufig die Annahme dieser Richtlinie zur Folge hat. Wenn Sie mit dieser Richtlinie nicht einverstanden sind, bitten wir Sie, unsere Website nicht zu nutzen. Es liegt in Ihrer Verantwortung, sicherzustellen, dass die an Global Plus (Calc-out\u00ae) \u00fcbermittelten Daten vollst\u00e4ndig, korrekt und aktuell sind.\n<h5><strong>1. Datenerhebung<\/strong><\/h5>\nWenn Sie die Website www.calc-out.com besuchen, ohne sich auf einer gesicherten Seite anzumelden (z. B. durch Login oder auf andere Weise), erhebt Global Plus (Calc-out\u00ae) keine personenbezogenen Daten.\nWir erfassen Informationen nur, wenn Sie sich auf unserer Website registrieren, sich in Ihr Konto einloggen, einen Kauf t\u00e4tigen, an einem Gewinnspiel teilnehmen und\/oder sich ausloggen.\nGlobal Plus (Calc-out\u00ae) kann bestimmte Informationen zu statistischen, administrativen oder zur Verbesserung der Website speichern, ohne dass diese die Offenlegung personenbezogener Daten oder die Identifizierung eines einzelnen Besuchers erm\u00f6glichen.\n\nZusammenfassend k\u00f6nnen wir folgende Daten erfassen:\n<ul>\n     <li>Ihre E-Mail-Adresse wird zwingend abgefragt, wenn Sie ein Benutzerkonto erstellen, \u00fcber die Kontaktformulare mit uns kommunizieren und\/oder unseren Newsletter erhalten m\u00f6chten;<\/li>\n     <li>Es k\u00f6nnen Daten zu Ihrer Identit\u00e4t wie Ihr Name, Vorname, Ihre E-Mail-Adresse und Telefonnummer abgefragt werden;<\/li>\n \t<li>Daten zur Navigation: Hierbei handelt es sich um Daten dar\u00fcber, wie Sie die Websites nutzen, darunter: IP-Adresse, verwendeter Browser, Dauer der Navigation, Suchverlauf, verwendetes Betriebssystem, Sprache und aufgerufene Seiten;<\/li>\n \t<li>Daten zu Ihren Besuchen auf unseren Websites, einschlie\u00dflich Verkehrsdaten, Protokolldateien und anderen Daten oder Kommunikationsressourcen, die Sie beim Zugriff auf unsere Websites verwenden;<\/li>\n     <li>Daten zu Bestellungen: Ihre Postanschrift wird f\u00fcr die Rechnungsstellung ben\u00f6tigt. Ebenso m\u00fcssen Ihre Bankdaten angegeben werden, um die Zahlung Ihrer Bestellung vornehmen zu k\u00f6nnen;<\/li>\n \t<li>Daten zur Nutzung sozialer Netzwerke, wenn Sie deren Funktionen nutzen.<\/li>\n     <li>Daten k\u00f6nnen auf verschiedene Weise erfasst werden. Daten k\u00f6nnen direkt erfasst werden, wenn Sie uns diese \u00fcber Kontaktformulare und Formulare zur Erstellung von Konten \u00fcbermitteln.\n \t<li>Daten \u00fcber die Nutzung sozialer Netzwerke, wenn Sie deren Funktionen nutzen.<\/li>\n \t<li>Die Daten k\u00f6nnen auf verschiedene Weise erfasst werden. Die Daten k\u00f6nnen direkt erfasst werden, wenn Sie sie uns \u00fcber die auf der Website verf\u00fcgbaren Kontaktformulare, Formulare zur Erstellung eines Benutzerkontos und zur Anmeldung f\u00fcr den Newsletter \u00fcbermitteln und\/oder wenn Sie uns telefonisch kontaktieren. <\/li>\n<\/ul>\nWenn Sie uns auf diese Weise kontaktieren, wird eine Kopie Ihrer Korrespondenz mit Global Plus (Calc-out\u00ae), einschlie\u00dflich der E-Mail-Adressen, erstellt und archiviert.\n\nGlobal Plus (Calc-out\u00ae) sammelt Ihre Daten auch indirekt mithilfe von Cookies\/Trackern. Wir laden Sie ein, unsere Cookie-Richtlinie zu lesen, die Ihnen helfen soll, diese Technologien und deren Verwendung auf unseren Websites und im Rahmen unserer Dienste, Anwendungen und Tools besser zu verstehen.\n<h5><strong>2. Verwendung der Daten<\/strong><\/h5>\nAlle Informationen, die wir von Ihnen erfassen, k\u00f6nnen f\u00fcr folgende Zwecke verwendet werden:\n<ul>\n     <li>Personalisierung Ihrer Erfahrung und Erf\u00fcllung Ihrer individuellen Bed\u00fcrfnisse<\/li>\n \t<li>Bereitstellung personalisierter Werbeinhalte<\/li>\n     <li>Verbesserung unserer Website<\/li>\n     <li>Verbesserung des Kundenservice und Ihrer Support-Anforderungen<\/li>\n     <li>Kontaktaufnahme mit Ihnen per E-Mail<\/li>\n     <li>Durchf\u00fchrung eines Wettbewerbs, einer Werbeaktion oder einer Umfrage<\/li>\n<\/ul>\n<h5><strong>3. Vertraulichkeit der Daten<\/strong><\/h5>\nWir sind die alleinigen Eigent\u00fcmer der auf dieser Website gesammelten Informationen. Ihre pers\u00f6nlichen Daten werden ohne Ihre Zustimmung nicht verkauft, ausgetauscht, \u00fcbertragen oder an andere Unternehmen weitergegeben, au\u00dfer wenn dies zur Beantwortung einer Anfrage und\/oder zur Abwicklung einer Transaktion erforderlich ist, beispielsweise zum Versand einer Bestellung.\n<h5><strong>4. Dauer der Datenspeicherung<\/strong><\/h5>\nGlobal Plus (Calc-out\u00ae) speichert Ihre Daten nur f\u00fcr die Dauer, die f\u00fcr die in Artikel 2 genannten Zwecke erforderlich ist. Diese Aufbewahrungsdauer ist je nach den betreffenden Daten unterschiedlich, da die Art und der Zweck der Erhebung diese Dauer beeinflussen k\u00f6nnen. Ebenso schreiben bestimmte gesetzliche Verpflichtungen eine bestimmte Aufbewahrungsdauer vor. Wenn Sie den Newsletter abonniert haben, speichern wir Ihre E-Mail-Adresse bis zu Ihrer Abmeldung.\n\nWenn Sie \u00fcber die verschiedenen Kontaktformulare, per E-Mail oder telefonisch mit Global Plus (Calc-out\u00ae) Kontakt aufnehmen, werden Ihre Daten bis zu f\u00fcnf (5) Jahre ab dem letzten Kontakt gespeichert. Was Ihr Benutzerkonto betrifft, so werden Ihre Rechnungsdaten zehn (10) Jahre ab dem Kaufdatum gespeichert. Ihre \u00fcbrigen Daten werden f\u00fcnf (5) Jahre ab Ihrer Anfrage zur Deaktivierung Ihres Benutzerkontos gespeichert. Ihre Kreditkartendaten f\u00fcr alle K\u00e4ufe werden f\u00fcr den Fall m\u00f6glicher Beanstandungen der Transaktion f\u00fcr dreizehn (13) Monate ab dem Datum der Belastung gespeichert. Auf Ihren Wunsch wird Ihr Benutzerkonto auf der Website deaktiviert und nach Ablauf der oben genannten Fristen ab dem Tag, an dem Sie den Antrag gestellt haben, vollst\u00e4ndig gel\u00f6scht.\n\nSchlie\u00dflich werden die mittels Cookies oder Trackern erhobenen Daten bis zu sechs (6) Monate f\u00fcr Cookies oder Tracker zur Messung der Besucherzahlen und bis zu dreizehn (13) Monate f\u00fcr andere Cookies oder Tracker gespeichert. Nach Ablauf der oben genannten Aufbewahrungsfristen werden Ihre Daten anonymisiert und ausschlie\u00dflich zu statistischen Zwecken gespeichert.\n<h5><strong>5. Schutz personenbezogener Daten<\/strong><\/h5>\nWir setzen eine Vielzahl von Sicherheitsma\u00dfnahmen ein, um die Sicherheit Ihrer personenbezogenen Daten zu gew\u00e4hrleisten. Wir verwenden modernste Verschl\u00fcsselungstechnologien, um sensible Informationen zu sch\u00fctzen, die online \u00fcbertragen werden. Wir sch\u00fctzen Ihre Daten auch offline. Nur Mitarbeiter, die bestimmte Aufgaben ausf\u00fchren m\u00fcssen (z. B. Rechnungsstellung oder Kundendienst), haben Zugriff auf personenbezogene Daten. Die Computer und Server, auf denen personenbezogene Daten gespeichert sind, werden in einer sicheren Umgebung aufbewahrt.\n<h5><strong>6. Welche Rechte haben Sie?<\/strong><\/h5>\nGem\u00e4\u00df dem belgischen Gesetz vom 8. Dezember 1992 \u00fcber den Schutz der Privatsph\u00e4re bei der Verarbeitung personenbezogener Daten und ab dem 25. Mai 2018 gem\u00e4\u00df der Europ\u00e4ischen Verordnung 2016\/679 des Europ\u00e4ischen Parlaments und des Rates vom 27. April 2016 zum Schutz nat\u00fcrlicher Personen bei der Verarbeitung personenbezogener Daten, zum freien Datenverkehr und zur Aufhebung der Richtlinie 95\/46\/EG (Datenschutz-Grundverordnung) haben die Nutzer, deren Daten erfasst wurden, das Recht, diese Daten einzusehen, ihre Berichtigung oder gegebenenfalls ihre L\u00f6schung zu verlangen.\n\nDie Nutzer k\u00f6nnen sich auch der Verarbeitung ihrer Daten widersetzen. Diese Rechte k\u00f6nnen durch eine schriftliche Anfrage per E-Mail an folgende Adresse ausge\u00fcbt werden:\n\nGlobal Plus (Calc-out\u00ae)\nE-Mail: <a href=\"mailto:contact@calc-out.com\">contact@calc-out.com<\/a>\n\nBeschwerden wegen Verst\u00f6\u00dfen gegen die geltenden belgischen Vorschriften zum Schutz personenbezogener Daten auf dieser Website k\u00f6nnen an die belgische Datenschutzkommission unter der Adresse commission@privacycommission.be gerichtet werden.\n<h5><strong>7. Weitergabe an Dritte<\/strong><\/h5>\nWir verkaufen, tauschen oder \u00fcbertragen Ihre personenbezogenen Daten nicht an Dritte. Davon ausgenommen sind vertrauensw\u00fcrdige Dritte, die uns beim Betrieb unserer Website oder bei der Abwicklung unserer Gesch\u00e4fte unterst\u00fctzen, sofern diese Parteien sich verpflichten, diese Informationen vertraulich zu behandeln.\n\nWir halten es f\u00fcr notwendig, Informationen weiterzugeben, um illegale Aktivit\u00e4ten, mutma\u00dflichen Betrug, Situationen, die eine potenzielle Gefahr f\u00fcr die k\u00f6rperliche Unversehrtheit von Personen darstellen, Verst\u00f6\u00dfe gegen unsere Nutzungsbedingungen zu untersuchen, zu verhindern oder Ma\u00dfnahmen dagegen zu ergreifen, oder wenn wir gesetzlich dazu verpflichtet sind.\n\nNicht-private Informationen k\u00f6nnen jedoch anderen Parteien f\u00fcr Marketing-, Werbe- oder andere Zwecke zur Verf\u00fcgung gestellt werden.\n<h5><strong>8. Cookies und andere Tracker<\/strong><\/h5>\nEin \u201eCookie\u201d ist eine kleine Datei, die beim Besuch einer Website oder beim Aufrufen einer Werbung auf der Festplatte Ihres Computers gespeichert wird. Diese Cookies werden verwendet, um Ihre Benutzererfahrung zu verbessern, indem Ihnen Dienste oder Angebote angeboten werden, die Ihren Interessen entsprechen. Sie k\u00f6nnen deren Verwendung jederzeit ablehnen, indem Sie Ihren Internetbrowser entsprechend konfigurieren.\nDie Art und der Zweck der von der Website verwendeten Cookies werden im Folgenden n\u00e4her erl\u00e4utert. Bestimmte Cookies sind f\u00fcr bestimmte technische Funktionen der Website erforderlich und werden nur f\u00fcr einen begrenzten Zeitraum gespeichert.\n<h6><strong><em>Verwendete Arten von Cookies<\/em><\/strong><\/h6>\n<ul>\n     <li>Besucherstatistik (Google Analytics): Tools zur Besucherstatistik werden eingesetzt, um Informationen \u00fcber das Surfverhalten der Besucher zu erhalten. Ihr Zweck ist es, das Surfverhalten auf der Website zu Analyse- und Optimierungszwecken auszuwerten. <\/li>\n \t<li>Social-Media-Buttons: Unsere Website kann Computeranwendungen von Dritten enthalten. Dies kann insbesondere bei Buttons\/Links zu sozialen Netzwerken der Fall sein (insbesondere bei den Buttons \u201eTeilen\u201d und \u201eGef\u00e4llt mir\u201d von sozialen Netzwerken wie Facebook, Twitter usw.). Wir empfehlen Ihnen daher, deren Richtlinien zur Verwaltung von Cookies und insbesondere zum Schutz der Privatsph\u00e4re zu konsultieren.\n \t<li>Werbung: Hierbei handelt es sich um Cookies, die auf unserer Website oder au\u00dferhalb unserer Website verwendet werden, um Ihnen Werbung anzuzeigen oder Ihnen Informationen zuzusenden, die auf Ihre Interessen zugeschnitten sind. Werbe-Cookies werden insbesondere verwendet, um die Anzahl der Anzeigen einer Werbung zu begrenzen und uns dabei zu helfen, die Wirksamkeit einer Werbekampagne zu messen. <\/li>\n<\/ul>\n<h6><strong><em>Verwaltung von Cookies<\/em><\/strong><\/h6>\nUm die Installation von Cookies zu akzeptieren oder abzulehnen, m\u00fcssen Sie Ihren Internetbrowser entsprechend konfigurieren. Da die Konfiguration jedes Browsers unterschiedlich ist, finden Sie die entsprechenden Informationen im Hilfemen\u00fc Ihres Browsers, wo Sie erfahren, wie Sie Ihre Einstellungen f\u00fcr Cookies \u00e4ndern k\u00f6nnen.\n\nSie k\u00f6nnen Cookies wie folgt deaktivieren:\n<strong>Internet Explorer<\/strong>\n<ul>\n     <li>W\u00e4hlen Sie das Men\u00fc \u201eExtras\u201c und dann \u201eInternetoptionen\u201c<\/li>\n     <li>Klicken Sie auf die Registerkarte \u201eDatenschutz\u201c<\/li>\n     <li>W\u00e4hlen Sie mit dem Schieberegler die gew\u00fcnschte Stufe aus<\/li>\n<\/ul>\n<strong>Mozilla Firefox<\/strong>\n<ul>\n     <li>W\u00e4hlen Sie das Men\u00fc \u201eExtras\u201c und dann \u201eEinstellungen\u201c<\/li>\n     <li>Klicken Sie auf die Registerkarte \u201eDatenschutz\u201c<\/li>\n     <li>W\u00e4hlen Sie in der Dropdown-Liste \u201eSpeicherregeln\u201c die gew\u00fcnschte Stufe aus<\/li>\n<\/ul>\n<strong>Google Chrome<\/strong>\n<ul>\n     <li>Geben Sie die Adresse chrome:\/\/settings\/ in die Adressleiste des Browsers ein. <\/li>\n     <li>Klicken Sie auf \u201eErweiterte Einstellungen\u201c, dann auf \u201eInhaltseinstellungen\u201c und anschlie\u00dfend auf \u201eCookies\u201c.<\/li>\n     <li>Konfigurieren Sie Ihren Browser nach Ihren W\u00fcnschen. <\/li>\n<\/ul>\n<strong>Safari<\/strong>\n<ul>\n     <li>Klicken Sie auf das Men\u00fc \u201eSafari\u201d.<\/li>\n     <li>Klicken Sie auf \u201eEinstellungen\u201d.<\/li>\n     <li>W\u00e4hlen Sie auf der Registerkarte \u201eSicherheit\u201d die gew\u00fcnschte Stufe aus. <\/li>\n<\/ul>\nBitte beachten Sie, dass das L\u00f6schen von Cookies das Surfen erschweren oder sogar unm\u00f6glich machen kann.\n<h5><strong>9. Abmelden<\/strong><\/h5>\nWir verwenden die von Ihnen angegebene E-Mail-Adresse, um Ihnen Informationen und Aktualisierungen zu Ihrer Bestellung, gelegentliche Unternehmensnachrichten, Informationen zu verwandten Produkten usw. zuzusenden. Wenn Sie sich zu irgendeinem Zeitpunkt abmelden und keine E-Mails mehr erhalten m\u00f6chten, finden Sie am Ende jeder E-Mail detaillierte Anweisungen zum Abmelden.\n<h5><strong>10. Einwilligung<\/strong><\/h5>\nDurch die Nutzung unserer Website erkl\u00e4ren Sie sich mit unserer Datenschutzerkl\u00e4rung einverstanden.\n<h5><strong>11. Erstellung und Hosting der Website<\/strong><\/h5>\nDie Website <a href=\"http:\/\/calc-out.com\">calc-out.com<\/a> wurde erstellt von:\n\nL.M. SRL\nTel.: +32 (0) 56 33 08 31\nE-Mail: info@webiome.com\n\nDie Website wird gehostet von:\n\nOVH.com\n2 rue Kellermann\n59100 Roubaix \u2013 Frankreich\nTel.: 0 899 498 765\t\t\t\t\t\t<\/div>\n\t\t\t\t<\/div>\n\t\t\t\t<div class=\"elementor-element elementor-element-9a2d604 sc_height_large sc_fly_static elementor-widget elementor-widget-spacer\" data-id=\"9a2d604\" data-element_type=\"widget\" data-widget_type=\"spacer.default\">\n\t\t\t\t<div class=\"elementor-widget-container\">\n\t\t\t\t\t<div class=\"elementor-spacer\">\n\t\t\t<div class=\"elementor-spacer-inner\"><\/div>\n\t\t<\/div>\n\t\t\t\t<\/div>\n\t\t\t\t<\/div>\n\t\t\t\t\t<\/div>\n\t\t<\/div>\n\t\t\t\t\t<\/div>\n\t\t<\/section>\n\t\t\t\t<\/div>\n\t\t","protected":false},"excerpt":{"rendered":"<p>Es ist normal, dass Sie besonderen Wert darauf legen, wie Ihre Daten erfasst, verwendet und weitergegeben werden. Die vorliegende Datenschutzerkl\u00e4rung (die \u201eErkl\u00e4rung\u201c) verdeutlicht die Verpflichtung von Ermes Togni \u2013 Soci\u00e9t\u00e9&hellip;<\/p>\n","protected":false},"author":3,"featured_media":0,"parent":0,"menu_order":0,"comment_status":"closed","ping_status":"closed","template":"","meta":{"footnotes":""},"class_list":["post-26217","page","type-page","status-publish","hentry"],"yoast_head":"<!-- This site is optimized with the Yoast SEO plugin v24.0 - https:\/\/yoast.com\/wordpress\/plugins\/seo\/ -->\n<title>Datenschutz - Calc-Out<\/title>\n<meta name=\"robots\" content=\"noindex, nofollow\" \/>\n<meta property=\"og:locale\" content=\"de_DE\" \/>\n<meta property=\"og:type\" content=\"article\" \/>\n<meta property=\"og:title\" content=\"Datenschutz - Calc-Out\" \/>\n<meta property=\"og:description\" content=\"Es ist normal, dass Sie besonderen Wert darauf legen, wie Ihre Daten erfasst, verwendet und weitergegeben werden. Die vorliegende Datenschutzerkl\u00e4rung (die \u201eErkl\u00e4rung\u201c) verdeutlicht die Verpflichtung von Ermes Togni \u2013 Soci\u00e9t\u00e9&hellip;\" \/>\n<meta property=\"og:url\" content=\"https:\/\/calc-out.com\/de\/datenschutz\/\" \/>\n<meta property=\"og:site_name\" content=\"Calc-Out\" \/>\n<meta property=\"article:publisher\" content=\"https:\/\/www.facebook.com\/CalcOut\" \/>\n<meta property=\"article:modified_time\" content=\"2025-09-23T11:56:01+00:00\" \/>\n<meta name=\"twitter:card\" content=\"summary_large_image\" \/>\n<meta name=\"twitter:label1\" content=\"Gesch\u00e4tzte Lesezeit\" \/>\n\t<meta name=\"twitter:data1\" content=\"11\u00a0Minuten\" \/>\n<script type=\"application\/ld+json\" class=\"yoast-schema-graph\">{\"@context\":\"https:\/\/schema.org\",\"@graph\":[{\"@type\":\"WebPage\",\"@id\":\"https:\/\/calc-out.com\/de\/datenschutz\/\",\"url\":\"https:\/\/calc-out.com\/de\/datenschutz\/\",\"name\":\"Datenschutz - Calc-Out\",\"isPartOf\":{\"@id\":\"https:\/\/calc-out.com\/de\/#website\"},\"datePublished\":\"2024-12-11T12:07:23+00:00\",\"dateModified\":\"2025-09-23T11:56:01+00:00\",\"breadcrumb\":{\"@id\":\"https:\/\/calc-out.com\/de\/datenschutz\/#breadcrumb\"},\"inLanguage\":\"de\",\"potentialAction\":[{\"@type\":\"ReadAction\",\"target\":[\"https:\/\/calc-out.com\/de\/datenschutz\/\"]}]},{\"@type\":\"BreadcrumbList\",\"@id\":\"https:\/\/calc-out.com\/de\/datenschutz\/#breadcrumb\",\"itemListElement\":[{\"@type\":\"ListItem\",\"position\":1,\"name\":\"Accueil\",\"item\":\"https:\/\/calc-out.com\/de\/\"},{\"@type\":\"ListItem\",\"position\":2,\"name\":\"Datenschutz\"}]},{\"@type\":\"WebSite\",\"@id\":\"https:\/\/calc-out.com\/de\/#website\",\"url\":\"https:\/\/calc-out.com\/de\/\",\"name\":\"Calc-Out\",\"description\":\"\",\"publisher\":{\"@id\":\"https:\/\/calc-out.com\/de\/#organization\"},\"potentialAction\":[{\"@type\":\"SearchAction\",\"target\":{\"@type\":\"EntryPoint\",\"urlTemplate\":\"https:\/\/calc-out.com\/de\/?s={search_term_string}\"},\"query-input\":{\"@type\":\"PropertyValueSpecification\",\"valueRequired\":true,\"valueName\":\"search_term_string\"}}],\"inLanguage\":\"de\"},{\"@type\":\"Organization\",\"@id\":\"https:\/\/calc-out.com\/de\/#organization\",\"name\":\"Calc-Out\",\"url\":\"https:\/\/calc-out.com\/de\/\",\"logo\":{\"@type\":\"ImageObject\",\"inLanguage\":\"de\",\"@id\":\"https:\/\/calc-out.com\/de\/#\/schema\/logo\/image\/\",\"url\":\"https:\/\/calc-out.com\/wp-content\/uploads\/2024\/10\/logo-calcout.jpg\",\"contentUrl\":\"https:\/\/calc-out.com\/wp-content\/uploads\/2024\/10\/logo-calcout.jpg\",\"width\":201,\"height\":62,\"caption\":\"Calc-Out\"},\"image\":{\"@id\":\"https:\/\/calc-out.com\/de\/#\/schema\/logo\/image\/\"},\"sameAs\":[\"https:\/\/www.facebook.com\/CalcOut\"]}]}<\/script>\n<!-- \/ Yoast SEO plugin. -->","yoast_head_json":{"title":"Datenschutz - Calc-Out","robots":{"index":"noindex","follow":"nofollow"},"og_locale":"de_DE","og_type":"article","og_title":"Datenschutz - Calc-Out","og_description":"Es ist normal, dass Sie besonderen Wert darauf legen, wie Ihre Daten erfasst, verwendet und weitergegeben werden. Die vorliegende Datenschutzerkl\u00e4rung (die \u201eErkl\u00e4rung\u201c) verdeutlicht die Verpflichtung von Ermes Togni \u2013 Soci\u00e9t\u00e9&hellip;","og_url":"https:\/\/calc-out.com\/de\/datenschutz\/","og_site_name":"Calc-Out","article_publisher":"https:\/\/www.facebook.com\/CalcOut","article_modified_time":"2025-09-23T11:56:01+00:00","twitter_card":"summary_large_image","twitter_misc":{"Gesch\u00e4tzte Lesezeit":"11\u00a0Minuten"},"schema":{"@context":"https:\/\/schema.org","@graph":[{"@type":"WebPage","@id":"https:\/\/calc-out.com\/de\/datenschutz\/","url":"https:\/\/calc-out.com\/de\/datenschutz\/","name":"Datenschutz - Calc-Out","isPartOf":{"@id":"https:\/\/calc-out.com\/de\/#website"},"datePublished":"2024-12-11T12:07:23+00:00","dateModified":"2025-09-23T11:56:01+00:00","breadcrumb":{"@id":"https:\/\/calc-out.com\/de\/datenschutz\/#breadcrumb"},"inLanguage":"de","potentialAction":[{"@type":"ReadAction","target":["https:\/\/calc-out.com\/de\/datenschutz\/"]}]},{"@type":"BreadcrumbList","@id":"https:\/\/calc-out.com\/de\/datenschutz\/#breadcrumb","itemListElement":[{"@type":"ListItem","position":1,"name":"Accueil","item":"https:\/\/calc-out.com\/de\/"},{"@type":"ListItem","position":2,"name":"Datenschutz"}]},{"@type":"WebSite","@id":"https:\/\/calc-out.com\/de\/#website","url":"https:\/\/calc-out.com\/de\/","name":"Calc-Out","description":"","publisher":{"@id":"https:\/\/calc-out.com\/de\/#organization"},"potentialAction":[{"@type":"SearchAction","target":{"@type":"EntryPoint","urlTemplate":"https:\/\/calc-out.com\/de\/?s={search_term_string}"},"query-input":{"@type":"PropertyValueSpecification","valueRequired":true,"valueName":"search_term_string"}}],"inLanguage":"de"},{"@type":"Organization","@id":"https:\/\/calc-out.com\/de\/#organization","name":"Calc-Out","url":"https:\/\/calc-out.com\/de\/","logo":{"@type":"ImageObject","inLanguage":"de","@id":"https:\/\/calc-out.com\/de\/#\/schema\/logo\/image\/","url":"https:\/\/calc-out.com\/wp-content\/uploads\/2024\/10\/logo-calcout.jpg","contentUrl":"https:\/\/calc-out.com\/wp-content\/uploads\/2024\/10\/logo-calcout.jpg","width":201,"height":62,"caption":"Calc-Out"},"image":{"@id":"https:\/\/calc-out.com\/de\/#\/schema\/logo\/image\/"},"sameAs":["https:\/\/www.facebook.com\/CalcOut"]}]}},"_links":{"self":[{"href":"https:\/\/calc-out.com\/de\/wp-json\/wp\/v2\/pages\/26217","targetHints":{"allow":["GET"]}}],"collection":[{"href":"https:\/\/calc-out.com\/de\/wp-json\/wp\/v2\/pages"}],"about":[{"href":"https:\/\/calc-out.com\/de\/wp-json\/wp\/v2\/types\/page"}],"author":[{"embeddable":true,"href":"https:\/\/calc-out.com\/de\/wp-json\/wp\/v2\/users\/3"}],"replies":[{"embeddable":true,"href":"https:\/\/calc-out.com\/de\/wp-json\/wp\/v2\/comments?post=26217"}],"version-history":[{"count":4,"href":"https:\/\/calc-out.com\/de\/wp-json\/wp\/v2\/pages\/26217\/revisions"}],"predecessor-version":[{"id":26222,"href":"https:\/\/calc-out.com\/de\/wp-json\/wp\/v2\/pages\/26217\/revisions\/26222"}],"wp:attachment":[{"href":"https:\/\/calc-out.com\/de\/wp-json\/wp\/v2\/media?parent=26217"}],"curies":[{"name":"wp","href":"https:\/\/api.w.org\/{rel}","templated":true}]}}