{"id":26209,"date":"2022-03-09T14:19:27","date_gmt":"2022-03-09T14:19:27","guid":{"rendered":"https:\/\/calc-out.com\/a-propos\/"},"modified":"2025-09-23T11:44:14","modified_gmt":"2025-09-23T11:44:14","slug":"ueber-uns","status":"publish","type":"page","link":"https:\/\/calc-out.com\/de\/ueber-uns\/","title":{"rendered":"\u00dcber uns"},"content":{"rendered":"\t\t<div data-elementor-type=\"wp-page\" data-elementor-id=\"26209\" class=\"elementor elementor-26209 elementor-18748\">\n\t\t\t\t\t\t<section class=\"elementor-section elementor-top-section elementor-element elementor-element-4cc62be elementor-section-boxed elementor-section-height-default elementor-section-height-default sc_fly_static\" data-id=\"4cc62be\" data-element_type=\"section\" data-settings=\"{&quot;background_background&quot;:&quot;classic&quot;}\">\n\t\t\t\t\t\t<div class=\"elementor-container elementor-column-gap-extended\">\n\t\t\t\t\t<div class=\"elementor-column elementor-col-100 elementor-top-column elementor-element elementor-element-79ac3f8 sc_content_align_inherit sc_layouts_column_icons_position_left sc_fly_static\" data-id=\"79ac3f8\" data-element_type=\"column\">\n\t\t\t<div class=\"elementor-widget-wrap elementor-element-populated\">\n\t\t\t\t\t\t<div class=\"elementor-element elementor-element-cfe90c7 sc_fly_static elementor-widget elementor-widget-spacer\" data-id=\"cfe90c7\" data-element_type=\"widget\" data-widget_type=\"spacer.default\">\n\t\t\t\t<div class=\"elementor-widget-container\">\n\t\t\t\t\t<div class=\"elementor-spacer\">\n\t\t\t<div class=\"elementor-spacer-inner\"><\/div>\n\t\t<\/div>\n\t\t\t\t<\/div>\n\t\t\t\t<\/div>\n\t\t\t\t\t<\/div>\n\t\t<\/div>\n\t\t\t\t\t<\/div>\n\t\t<\/section>\n\t\t\t\t<section class=\"elementor-section elementor-top-section elementor-element elementor-element-99f8c40 elementor-section-content-middle elementor-reverse-mobile elementor-section-boxed elementor-section-height-default elementor-section-height-default sc_fly_static\" data-id=\"99f8c40\" data-element_type=\"section\" data-settings=\"{&quot;background_background&quot;:&quot;classic&quot;}\">\n\t\t\t\t\t\t<div class=\"elementor-container elementor-column-gap-extended\">\n\t\t\t\t\t<div class=\"elementor-column elementor-col-50 elementor-top-column elementor-element elementor-element-52d4e07 sc_content_align_inherit sc_layouts_column_icons_position_left sc_fly_static\" data-id=\"52d4e07\" data-element_type=\"column\">\n\t\t\t<div class=\"elementor-widget-wrap elementor-element-populated\">\n\t\t\t\t\t\t<section class=\"elementor-section elementor-inner-section elementor-element elementor-element-ea9b124 elementor-section-content-bottom elementor-section-boxed elementor-section-height-default elementor-section-height-default sc_fly_static\" data-id=\"ea9b124\" data-element_type=\"section\">\n\t\t\t\t\t\t<div class=\"elementor-container elementor-column-gap-no\">\n\t\t\t\t\t<div class=\"elementor-column elementor-col-100 elementor-inner-column elementor-element elementor-element-b513de1 sc_content_align_inherit sc_layouts_column_icons_position_left sc_fly_static\" data-id=\"b513de1\" data-element_type=\"column\">\n\t\t\t<div class=\"elementor-widget-wrap elementor-element-populated\">\n\t\t\t\t\t\t<div class=\"elementor-element elementor-element-92468d3 scheme_dark elementor-widget__width-initial elementor-absolute elementor-hidden-desktop elementor-hidden-tablet elementor-hidden-mobile sc_fly_static elementor-widget elementor-widget-heading\" data-id=\"92468d3\" data-element_type=\"widget\" data-settings=\"{&quot;_position&quot;:&quot;absolute&quot;}\" data-widget_type=\"heading.default\">\n\t\t\t\t<div class=\"elementor-widget-container\">\n\t\t\t<h3 class=\"elementor-heading-title elementor-size-default\">30 ans d'existance<\/h3>\t\t<\/div>\n\t\t\t\t<\/div>\n\t\t\t\t<div class=\"elementor-element elementor-element-5a324b6 sc_fly_static elementor-widget elementor-widget-video\" data-id=\"5a324b6\" data-element_type=\"widget\" data-settings=\"{&quot;youtube_url&quot;:&quot;https:\\\/\\\/www.youtube.com\\\/watch?v=sv_1l6RqhFQ&amp;t=7s&quot;,&quot;video_type&quot;:&quot;youtube&quot;,&quot;controls&quot;:&quot;yes&quot;}\" data-widget_type=\"video.default\">\n\t\t\t\t<div class=\"elementor-widget-container\">\n\t\t\t\t\t<div class=\"elementor-wrapper elementor-open-inline\">\n\t\t\t<div class=\"elementor-video\"><\/div>\t\t<\/div>\n\t\t\t\t<\/div>\n\t\t\t\t<\/div>\n\t\t\t\t\t<\/div>\n\t\t<\/div>\n\t\t\t\t\t<\/div>\n\t\t<\/section>\n\t\t\t\t\t<\/div>\n\t\t<\/div>\n\t\t\t\t<div class=\"elementor-column elementor-col-50 elementor-top-column elementor-element elementor-element-d6818df sc_content_align_inherit sc_layouts_column_icons_position_left sc_fly_static\" data-id=\"d6818df\" data-element_type=\"column\">\n\t\t\t<div class=\"elementor-widget-wrap elementor-element-populated\">\n\t\t\t\t\t\t<div class=\"elementor-element elementor-element-d623f72 sc_fly_static elementor-widget elementor-widget-trx_sc_title\" data-id=\"d623f72\" data-element_type=\"widget\" data-widget_type=\"trx_sc_title.default\">\n\t\t\t\t<div class=\"elementor-widget-container\">\n\t\t\t<div\t\tclass=\"sc_title sc_title_default\" ><span class=\"sc_item_subtitle sc_title_subtitle sc_item_subtitle_above sc_item_title_style_default\">Wer sind wir?<\/span><h1 class=\"sc_item_title sc_title_title sc_item_title_style_default sc_item_title_tag\"\n\t\t\t><span class=\"sc_item_title_text\">Calc-out<\/span><\/h1><\/div>\t\t<\/div>\n\t\t\t\t<\/div>\n\t\t\t\t<div class=\"elementor-element elementor-element-ed597dd sc_fly_static elementor-widget elementor-widget-spacer\" data-id=\"ed597dd\" data-element_type=\"widget\" data-widget_type=\"spacer.default\">\n\t\t\t\t<div class=\"elementor-widget-container\">\n\t\t\t\t\t<div class=\"elementor-spacer\">\n\t\t\t<div class=\"elementor-spacer-inner\"><\/div>\n\t\t<\/div>\n\t\t\t\t<\/div>\n\t\t\t\t<\/div>\n\t\t\t\t<div class=\"elementor-element elementor-element-6e7caa8 sc_fly_static elementor-widget elementor-widget-text-editor\" data-id=\"6e7caa8\" data-element_type=\"widget\" data-widget_type=\"text-editor.default\">\n\t\t\t\t<div class=\"elementor-widget-container\">\n\t\t\t\t\t\t\tSeit <strong>1998<\/strong> produzieren und entwickeln wir Calc-Out in Belgien.\n\nAls Experten f\u00fcr die <strong>Herstellung<\/strong>, <strong>Entwicklung<\/strong> und den <strong>Vertrieb von hochwertigen Entkalkungsmitteln<\/strong>, <strong>Reinigungsmitteln<\/strong> und <strong>Fettl\u00f6sern<\/strong> bieten wir unsere Produkte haupts\u00e4chlich \u00fcber Fachgesch\u00e4fte f\u00fcr Haushaltsger\u00e4te in <strong>Belgien<\/strong> und der <strong>Schweiz<\/strong> an.\t\t\t\t\t\t<\/div>\n\t\t\t\t<\/div>\n\t\t\t\t<div class=\"elementor-element elementor-element-e9e11ce elementor-hidden-desktop elementor-hidden-tablet elementor-hidden-mobile sc_fly_static elementor-widget elementor-widget-text-editor\" data-id=\"e9e11ce\" data-element_type=\"widget\" data-widget_type=\"text-editor.default\">\n\t\t\t\t<div class=\"elementor-widget-container\">\n\t\t\t\t\t\t\t<ul class=\"trx_addons_list_success\">\n     <li>Seit 1998 produzieren und entwickeln wir Calc-Out in Belgien.<\/li>\n \t<li>Wir sind auf die Herstellung, Entwicklung und den Vertrieb von hochwertigen Entkalkungs-, Reinigungs- und Entfettungsmitteln spezialisiert.<\/li>\n     <li>Calc-Out wird in Belgien und der Schweiz haupts\u00e4chlich \u00fcber Fachgesch\u00e4fte f\u00fcr Haushaltsger\u00e4te vertrieben &#8230;<\/li>\n<\/ul>\t\t\t\t\t\t<\/div>\n\t\t\t\t<\/div>\n\t\t\t\t<div class=\"elementor-element elementor-element-86e468b sc_fly_static elementor-widget elementor-widget-spacer\" data-id=\"86e468b\" data-element_type=\"widget\" data-widget_type=\"spacer.default\">\n\t\t\t\t<div class=\"elementor-widget-container\">\n\t\t\t\t\t<div class=\"elementor-spacer\">\n\t\t\t<div class=\"elementor-spacer-inner\"><\/div>\n\t\t<\/div>\n\t\t\t\t<\/div>\n\t\t\t\t<\/div>\n\t\t\t\t\t<\/div>\n\t\t<\/div>\n\t\t\t\t\t<\/div>\n\t\t<\/section>\n\t\t\t\t<section class=\"elementor-section elementor-top-section elementor-element elementor-element-ec2f534 elementor-section-boxed elementor-section-height-default elementor-section-height-default sc_fly_static\" data-id=\"ec2f534\" data-element_type=\"section\" data-settings=\"{&quot;background_background&quot;:&quot;classic&quot;}\">\n\t\t\t\t\t\t<div class=\"elementor-container elementor-column-gap-extended\">\n\t\t\t\t\t<div class=\"elementor-column elementor-col-100 elementor-top-column elementor-element elementor-element-460ee1f sc_content_align_inherit sc_layouts_column_icons_position_left sc_fly_static\" data-id=\"460ee1f\" data-element_type=\"column\">\n\t\t\t<div class=\"elementor-widget-wrap elementor-element-populated\">\n\t\t\t\t\t\t<div class=\"elementor-element elementor-element-68e2618 sc_fly_static elementor-widget elementor-widget-spacer\" data-id=\"68e2618\" data-element_type=\"widget\" data-widget_type=\"spacer.default\">\n\t\t\t\t<div class=\"elementor-widget-container\">\n\t\t\t\t\t<div class=\"elementor-spacer\">\n\t\t\t<div class=\"elementor-spacer-inner\"><\/div>\n\t\t<\/div>\n\t\t\t\t<\/div>\n\t\t\t\t<\/div>\n\t\t\t\t\t<\/div>\n\t\t<\/div>\n\t\t\t\t\t<\/div>\n\t\t<\/section>\n\t\t\t\t<section class=\"elementor-section elementor-top-section elementor-element elementor-element-8e10536 elementor-section-full_width scheme_default elementor-section-height-default elementor-section-height-default sc_fly_static\" data-id=\"8e10536\" data-element_type=\"section\" data-settings=\"{&quot;background_background&quot;:&quot;classic&quot;}\">\n\t\t\t\t\t\t<div class=\"elementor-container elementor-column-gap-extended\">\n\t\t\t\t\t<div class=\"elementor-column elementor-col-100 elementor-top-column elementor-element elementor-element-9cf6658 sc_content_align_inherit sc_layouts_column_icons_position_left sc_fly_static\" data-id=\"9cf6658\" data-element_type=\"column\">\n\t\t\t<div class=\"elementor-widget-wrap elementor-element-populated\">\n\t\t\t\t\t\t<div class=\"elementor-element elementor-element-d3a93d8 sc_height_large sc_fly_static elementor-widget elementor-widget-spacer\" data-id=\"d3a93d8\" data-element_type=\"widget\" data-widget_type=\"spacer.default\">\n\t\t\t\t<div class=\"elementor-widget-container\">\n\t\t\t\t\t<div class=\"elementor-spacer\">\n\t\t\t<div class=\"elementor-spacer-inner\"><\/div>\n\t\t<\/div>\n\t\t\t\t<\/div>\n\t\t\t\t<\/div>\n\t\t\t\t<div class=\"elementor-element elementor-element-b109f7f sc_height_tiny sc_layouts_hide_on_tablet sc_layouts_hide_on_mobile sc_fly_static elementor-widget elementor-widget-spacer\" data-id=\"b109f7f\" data-element_type=\"widget\" data-widget_type=\"spacer.default\">\n\t\t\t\t<div class=\"elementor-widget-container\">\n\t\t\t\t\t<div class=\"elementor-spacer\">\n\t\t\t<div class=\"elementor-spacer-inner\"><\/div>\n\t\t<\/div>\n\t\t\t\t<\/div>\n\t\t\t\t<\/div>\n\t\t\t\t<section class=\"elementor-section elementor-inner-section elementor-element elementor-element-f31d4f2 elementor-section-boxed elementor-section-height-default elementor-section-height-default sc_fly_static\" data-id=\"f31d4f2\" data-element_type=\"section\">\n\t\t\t\t\t\t<div class=\"elementor-container elementor-column-gap-extended\">\n\t\t\t\t\t<div class=\"elementor-column elementor-col-100 elementor-inner-column elementor-element elementor-element-4e9ab61 sc_content_align_inherit sc_layouts_column_icons_position_left sc_fly_static\" data-id=\"4e9ab61\" data-element_type=\"column\">\n\t\t\t<div class=\"elementor-widget-wrap elementor-element-populated\">\n\t\t\t\t\t\t<div class=\"elementor-element elementor-element-83c9907 sc_fly_static elementor-widget elementor-widget-trx_sc_title\" data-id=\"83c9907\" data-element_type=\"widget\" data-widget_type=\"trx_sc_title.default\">\n\t\t\t\t<div class=\"elementor-widget-container\">\n\t\t\t<div\t\tclass=\"sc_title sc_title_default\" ><h1 class=\"sc_item_title sc_title_title sc_align_center sc_item_title_style_default sc_item_title_tag\"\n\t\t\t><span class=\"sc_item_title_text\">Unsere Argumente f\u00fcr Ihre Ger\u00e4te<\/span><\/h1><\/div>\t\t<\/div>\n\t\t\t\t<\/div>\n\t\t\t\t<div class=\"elementor-element elementor-element-15d011b sc_fly_static elementor-widget elementor-widget-spacer\" data-id=\"15d011b\" data-element_type=\"widget\" data-widget_type=\"spacer.default\">\n\t\t\t\t<div class=\"elementor-widget-container\">\n\t\t\t\t\t<div class=\"elementor-spacer\">\n\t\t\t<div class=\"elementor-spacer-inner\"><\/div>\n\t\t<\/div>\n\t\t\t\t<\/div>\n\t\t\t\t<\/div>\n\t\t\t\t<div data-animation-type=\"sequental\" data-animation-stagger=\"\" class=\"elementor-element elementor-element-0bd45f3 animation_type_sequental sc_fly_static elementor-invisible elementor-widget elementor-widget-trx_sc_icons\" data-id=\"0bd45f3\" data-element_type=\"widget\" data-settings=\"{&quot;_animation&quot;:&quot;cleaning-company-fadeinup&quot;,&quot;_animation_delay&quot;:100}\" data-widget_type=\"trx_sc_icons.default\">\n\t\t\t\t<div class=\"elementor-widget-container\">\n\t\t\t<div \tclass=\"sc_icons sc_icons_decoration sc_icons_size_medium sc_align_center\" ><div class=\"sc_icons_columns_wrap sc_item_columns trx_addons_columns_wrap columns_padding_bottom columns_in_single_row\" ><div class=\"trx_addons_column-1_4 trx_addons_column-1_2-tablet\"><div class=\"sc_icons_item\"><div class=\"sc_icons_icon sc_icon_type_ icon-location-light\" style=\"color: #9BC33B\" ><span class=\"sc_icon_type_ icon-location-light\" style=\"color: #9BC33B\"><\/span><\/div><div class=\"sc_icons_item_details\"><h4 class=\"sc_icons_item_title\"><span>Made in Belgium<\/span><\/h4><div class=\"sc_icons_item_description\"><span>Alle unsere Produkte werden in Belgien entwickelt und hergestellt.<\/span><\/div><\/div><\/div><\/div><div class=\"trx_addons_column-1_4 trx_addons_column-1_2-tablet\"><div class=\"sc_icons_item\"><div class=\"sc_icons_icon sc_icon_type_ icon-trophy-2\" style=\"color: #9BC33B\" ><span class=\"sc_icon_type_ icon-trophy-2\" style=\"color: #9BC33B\"><\/span><\/div><div class=\"sc_icons_item_details\"><h4 class=\"sc_icons_item_title\"><span>Ausgezeichnet<\/span><\/h4><div class=\"sc_icons_item_description\"><span>Goldmedaille auf der Weltmesse f\u00fcr industrielle Forschung und Innovation in Br\u00fcssel.<\/span><\/div><\/div><\/div><\/div><div class=\"trx_addons_column-1_4 trx_addons_column-1_2-tablet\"><div class=\"sc_icons_item\"><div class=\"sc_icons_icon sc_icon_type_ icon-cloud-light\" style=\"color: #9BC33B\" ><span class=\"sc_icon_type_ icon-cloud-light\" style=\"color: #9BC33B\"><\/span><\/div><div class=\"sc_icons_item_details\"><h4 class=\"sc_icons_item_title\"><span>Biologisch abbaubar<\/span><\/h4><div class=\"sc_icons_item_description\"><span>Die Produktformeln und die Flasche sind biologisch abbaubar.<\/span><\/div><\/div><\/div><\/div><div class=\"trx_addons_column-1_4 trx_addons_column-1_2-tablet\"><div class=\"sc_icons_item\"><div class=\"sc_icons_icon sc_icon_type_ icon-laundry\" style=\"color: #9BC33B\" ><span class=\"sc_icon_type_ icon-laundry\" style=\"color: #9BC33B\"><\/span><\/div><div class=\"sc_icons_item_details\"><h4 class=\"sc_icons_item_title\"><span>Vielseitig einsetzbar<\/span><\/h4><div class=\"sc_icons_item_description\"><span>Entkalkt, reinigt, desodoriert, sch\u00fctzt und entfettet Ihre Ger\u00e4te, um deren Lebensdauer zu verl\u00e4ngern.<\/span><\/div><\/div><\/div><\/div><\/div><\/div><!-- \/.sc_icons -->\t\t<\/div>\n\t\t\t\t<\/div>\n\t\t\t\t\t<\/div>\n\t\t<\/div>\n\t\t\t\t\t<\/div>\n\t\t<\/section>\n\t\t\t\t<div class=\"elementor-element elementor-element-30b0ac5 sc_height_large sc_fly_static elementor-widget elementor-widget-spacer\" data-id=\"30b0ac5\" data-element_type=\"widget\" data-widget_type=\"spacer.default\">\n\t\t\t\t<div class=\"elementor-widget-container\">\n\t\t\t\t\t<div class=\"elementor-spacer\">\n\t\t\t<div class=\"elementor-spacer-inner\"><\/div>\n\t\t<\/div>\n\t\t\t\t<\/div>\n\t\t\t\t<\/div>\n\t\t\t\t<div class=\"elementor-element elementor-element-9388f55 sc_height_tiny sc_layouts_hide_on_tablet sc_layouts_hide_on_mobile sc_fly_static elementor-widget elementor-widget-spacer\" data-id=\"9388f55\" data-element_type=\"widget\" data-widget_type=\"spacer.default\">\n\t\t\t\t<div class=\"elementor-widget-container\">\n\t\t\t\t\t<div class=\"elementor-spacer\">\n\t\t\t<div class=\"elementor-spacer-inner\"><\/div>\n\t\t<\/div>\n\t\t\t\t<\/div>\n\t\t\t\t<\/div>\n\t\t\t\t\t<\/div>\n\t\t<\/div>\n\t\t\t\t\t<\/div>\n\t\t<\/section>\n\t\t\t\t<\/div>\n\t\t","protected":false},"excerpt":{"rendered":"<p>30 ans d&#8217;existance Wer sind wir? Calc-out Seit 1998 produzieren und entwickeln wir Calc-Out in Belgien. Als Experten f\u00fcr die Herstellung, Entwicklung und den Vertrieb von hochwertigen Entkalkungsmitteln, Reinigungsmitteln und&hellip;<\/p>\n","protected":false},"author":1,"featured_media":0,"parent":0,"menu_order":0,"comment_status":"closed","ping_status":"closed","template":"","meta":{"footnotes":""},"class_list":["post-26209","page","type-page","status-publish","hentry"],"yoast_head":"<!-- This site is optimized with the Yoast SEO plugin v24.0 - https:\/\/yoast.com\/wordpress\/plugins\/seo\/ -->\n<title>\u00dcber uns - Calc-Out<\/title>\n<meta name=\"description\" content=\"\u00c0 propos de la marque CALC-Out\u00ae : des produits d\u00e9tartrants, d\u00e9graissants et nettoyants adapt\u00e9es pour tout \u00e9lectrom\u00e9nager de toutes marques.\" \/>\n<meta name=\"robots\" content=\"index, follow, max-snippet:-1, max-image-preview:large, max-video-preview:-1\" \/>\n<link rel=\"canonical\" href=\"https:\/\/calc-out.com\/de\/ueber-uns\/\" \/>\n<meta property=\"og:locale\" content=\"de_DE\" \/>\n<meta property=\"og:type\" content=\"article\" \/>\n<meta property=\"og:title\" content=\"\u00dcber uns - Calc-Out\" \/>\n<meta property=\"og:description\" content=\"\u00c0 propos de la marque CALC-Out\u00ae : des produits d\u00e9tartrants, d\u00e9graissants et nettoyants adapt\u00e9es pour tout \u00e9lectrom\u00e9nager de toutes marques.\" \/>\n<meta property=\"og:url\" content=\"https:\/\/calc-out.com\/de\/ueber-uns\/\" \/>\n<meta property=\"og:site_name\" content=\"Calc-Out\" \/>\n<meta property=\"article:publisher\" content=\"https:\/\/www.facebook.com\/CalcOut\" \/>\n<meta property=\"article:modified_time\" content=\"2025-09-23T11:44:14+00:00\" \/>\n<meta name=\"twitter:card\" content=\"summary_large_image\" \/>\n<meta name=\"twitter:label1\" content=\"Gesch\u00e4tzte Lesezeit\" \/>\n\t<meta name=\"twitter:data1\" content=\"1\u00a0Minute\" \/>\n<script type=\"application\/ld+json\" class=\"yoast-schema-graph\">{\"@context\":\"https:\/\/schema.org\",\"@graph\":[{\"@type\":\"WebPage\",\"@id\":\"https:\/\/calc-out.com\/de\/ueber-uns\/\",\"url\":\"https:\/\/calc-out.com\/de\/ueber-uns\/\",\"name\":\"\u00dcber uns - Calc-Out\",\"isPartOf\":{\"@id\":\"https:\/\/calc-out.com\/de\/#website\"},\"datePublished\":\"2022-03-09T14:19:27+00:00\",\"dateModified\":\"2025-09-23T11:44:14+00:00\",\"description\":\"\u00c0 propos de la marque CALC-Out\u00ae : des produits d\u00e9tartrants, d\u00e9graissants et nettoyants adapt\u00e9es pour tout \u00e9lectrom\u00e9nager de toutes marques.\",\"breadcrumb\":{\"@id\":\"https:\/\/calc-out.com\/de\/ueber-uns\/#breadcrumb\"},\"inLanguage\":\"de\",\"potentialAction\":[{\"@type\":\"ReadAction\",\"target\":[\"https:\/\/calc-out.com\/de\/ueber-uns\/\"]}]},{\"@type\":\"BreadcrumbList\",\"@id\":\"https:\/\/calc-out.com\/de\/ueber-uns\/#breadcrumb\",\"itemListElement\":[{\"@type\":\"ListItem\",\"position\":1,\"name\":\"Accueil\",\"item\":\"https:\/\/calc-out.com\/de\/\"},{\"@type\":\"ListItem\",\"position\":2,\"name\":\"\u00dcber uns\"}]},{\"@type\":\"WebSite\",\"@id\":\"https:\/\/calc-out.com\/de\/#website\",\"url\":\"https:\/\/calc-out.com\/de\/\",\"name\":\"Calc-Out\",\"description\":\"\",\"publisher\":{\"@id\":\"https:\/\/calc-out.com\/de\/#organization\"},\"potentialAction\":[{\"@type\":\"SearchAction\",\"target\":{\"@type\":\"EntryPoint\",\"urlTemplate\":\"https:\/\/calc-out.com\/de\/?s={search_term_string}\"},\"query-input\":{\"@type\":\"PropertyValueSpecification\",\"valueRequired\":true,\"valueName\":\"search_term_string\"}}],\"inLanguage\":\"de\"},{\"@type\":\"Organization\",\"@id\":\"https:\/\/calc-out.com\/de\/#organization\",\"name\":\"Calc-Out\",\"url\":\"https:\/\/calc-out.com\/de\/\",\"logo\":{\"@type\":\"ImageObject\",\"inLanguage\":\"de\",\"@id\":\"https:\/\/calc-out.com\/de\/#\/schema\/logo\/image\/\",\"url\":\"https:\/\/calc-out.com\/wp-content\/uploads\/2024\/10\/logo-calcout.jpg\",\"contentUrl\":\"https:\/\/calc-out.com\/wp-content\/uploads\/2024\/10\/logo-calcout.jpg\",\"width\":201,\"height\":62,\"caption\":\"Calc-Out\"},\"image\":{\"@id\":\"https:\/\/calc-out.com\/de\/#\/schema\/logo\/image\/\"},\"sameAs\":[\"https:\/\/www.facebook.com\/CalcOut\"]}]}<\/script>\n<!-- \/ Yoast SEO plugin. -->","yoast_head_json":{"title":"\u00dcber uns - Calc-Out","description":"\u00c0 propos de la marque CALC-Out\u00ae : des produits d\u00e9tartrants, d\u00e9graissants et nettoyants adapt\u00e9es pour tout \u00e9lectrom\u00e9nager de toutes marques.","robots":{"index":"index","follow":"follow","max-snippet":"max-snippet:-1","max-image-preview":"max-image-preview:large","max-video-preview":"max-video-preview:-1"},"canonical":"https:\/\/calc-out.com\/de\/ueber-uns\/","og_locale":"de_DE","og_type":"article","og_title":"\u00dcber uns - Calc-Out","og_description":"\u00c0 propos de la marque CALC-Out\u00ae : des produits d\u00e9tartrants, d\u00e9graissants et nettoyants adapt\u00e9es pour tout \u00e9lectrom\u00e9nager de toutes marques.","og_url":"https:\/\/calc-out.com\/de\/ueber-uns\/","og_site_name":"Calc-Out","article_publisher":"https:\/\/www.facebook.com\/CalcOut","article_modified_time":"2025-09-23T11:44:14+00:00","twitter_card":"summary_large_image","twitter_misc":{"Gesch\u00e4tzte Lesezeit":"1\u00a0Minute"},"schema":{"@context":"https:\/\/schema.org","@graph":[{"@type":"WebPage","@id":"https:\/\/calc-out.com\/de\/ueber-uns\/","url":"https:\/\/calc-out.com\/de\/ueber-uns\/","name":"\u00dcber uns - Calc-Out","isPartOf":{"@id":"https:\/\/calc-out.com\/de\/#website"},"datePublished":"2022-03-09T14:19:27+00:00","dateModified":"2025-09-23T11:44:14+00:00","description":"\u00c0 propos de la marque CALC-Out\u00ae : des produits d\u00e9tartrants, d\u00e9graissants et nettoyants adapt\u00e9es pour tout \u00e9lectrom\u00e9nager de toutes marques.","breadcrumb":{"@id":"https:\/\/calc-out.com\/de\/ueber-uns\/#breadcrumb"},"inLanguage":"de","potentialAction":[{"@type":"ReadAction","target":["https:\/\/calc-out.com\/de\/ueber-uns\/"]}]},{"@type":"BreadcrumbList","@id":"https:\/\/calc-out.com\/de\/ueber-uns\/#breadcrumb","itemListElement":[{"@type":"ListItem","position":1,"name":"Accueil","item":"https:\/\/calc-out.com\/de\/"},{"@type":"ListItem","position":2,"name":"\u00dcber uns"}]},{"@type":"WebSite","@id":"https:\/\/calc-out.com\/de\/#website","url":"https:\/\/calc-out.com\/de\/","name":"Calc-Out","description":"","publisher":{"@id":"https:\/\/calc-out.com\/de\/#organization"},"potentialAction":[{"@type":"SearchAction","target":{"@type":"EntryPoint","urlTemplate":"https:\/\/calc-out.com\/de\/?s={search_term_string}"},"query-input":{"@type":"PropertyValueSpecification","valueRequired":true,"valueName":"search_term_string"}}],"inLanguage":"de"},{"@type":"Organization","@id":"https:\/\/calc-out.com\/de\/#organization","name":"Calc-Out","url":"https:\/\/calc-out.com\/de\/","logo":{"@type":"ImageObject","inLanguage":"de","@id":"https:\/\/calc-out.com\/de\/#\/schema\/logo\/image\/","url":"https:\/\/calc-out.com\/wp-content\/uploads\/2024\/10\/logo-calcout.jpg","contentUrl":"https:\/\/calc-out.com\/wp-content\/uploads\/2024\/10\/logo-calcout.jpg","width":201,"height":62,"caption":"Calc-Out"},"image":{"@id":"https:\/\/calc-out.com\/de\/#\/schema\/logo\/image\/"},"sameAs":["https:\/\/www.facebook.com\/CalcOut"]}]}},"_links":{"self":[{"href":"https:\/\/calc-out.com\/de\/wp-json\/wp\/v2\/pages\/26209","targetHints":{"allow":["GET"]}}],"collection":[{"href":"https:\/\/calc-out.com\/de\/wp-json\/wp\/v2\/pages"}],"about":[{"href":"https:\/\/calc-out.com\/de\/wp-json\/wp\/v2\/types\/page"}],"author":[{"embeddable":true,"href":"https:\/\/calc-out.com\/de\/wp-json\/wp\/v2\/users\/1"}],"replies":[{"embeddable":true,"href":"https:\/\/calc-out.com\/de\/wp-json\/wp\/v2\/comments?post=26209"}],"version-history":[{"count":4,"href":"https:\/\/calc-out.com\/de\/wp-json\/wp\/v2\/pages\/26209\/revisions"}],"predecessor-version":[{"id":26214,"href":"https:\/\/calc-out.com\/de\/wp-json\/wp\/v2\/pages\/26209\/revisions\/26214"}],"wp:attachment":[{"href":"https:\/\/calc-out.com\/de\/wp-json\/wp\/v2\/media?parent=26209"}],"curies":[{"name":"wp","href":"https:\/\/api.w.org\/{rel}","templated":true}]}}